{"id":26183,"date":"2015-05-15T11:52:45","date_gmt":"2015-05-15T09:52:45","guid":{"rendered":"https:\/\/www.allmysms.com\/mentions\/"},"modified":"2025-07-05T18:12:13","modified_gmt":"2025-07-05T18:12:13","slug":"mentions","status":"publish","type":"page","link":"https:\/\/www.allmysms.com\/en\/mentions\/","title":{"rendered":"Mentions L\u00e9gales"},"content":{"rendered":"<p>&nbsp;<\/p>\n<div class=\"content\" style=\"text-align: justify;\">\n<h2>Publisher information<\/h2>\n<p><strong>Opportunity<\/strong>,a\u00a0Soci\u00e9t\u00e9 par Actions Simplifi\u00e9e (simplified joint stock company) with share capital of \u20ac1,021,285, having its registered office at 25 Rue de Ponthieu, 75008 Paris, and registered in the Paris Trade and Companies Register under number 481 483 626, represented by Mr Anthony Dinis, in his capacity as Chairman.<\/p>\n<p>Intra-community VAT number : <strong>FR28481483626<\/strong><\/p>\n<h2>Publication and editorial management<\/h2>\n<p>Director of publication: Thomas Fauq, +33 (0) 4 22 13 16 45<br \/>\nWeb development: Opportunity, 455 Promenade des Anglais &#8211; Nice Premier &#8211; 06200 NICE &#8211; FRANCE<br \/>\nE-mail address: hello [at] www.allmysms.com<br \/>\nAll correspondence should be addressed to the Director of Publication in accordance with the provisions of Law no. 1881-07-29 of 29 July 1881 on the freedom of the press and Law no. 86-1067 of 30 September 1986 on the freedom of communication.<\/p>\n<h2>Hosting<\/h2>\n<p>The website <a href=\"https:\/\/www.allmysms.com\">https:\/\/www.allmysms.com<\/a> is hosted by :<br \/>\nSAS OVH, registered in the Roubaix-Tourcoing Trade and Companies Register under number 424 761 419 00045, located at 2 rue Kellermann, BP 80157 59053 ROUBAIX CEDEX 1 &#8211; France<br \/>\nHotline: 0 820 698 765, Email: support@ovh.com<br \/>\nIntracommunity VAT number: FR28481483626<\/p>\n<h2>Site credits<\/h2>\n<p>Content management tool: WordPress<\/p>\n<p>Website design: Opportunity<\/p>\n<p>Site production: Opportunity<\/p>\n<p>Site ownership: Opportunity<\/p>\n<h2>Intellectual Property<\/h2>\n<p>Opportunity owns the intellectual property rights relating to the Site and its content.<\/p>\n<p>In this respect, Opportunity is the owner of the domain name www.allmysms.com, of the copyright relating to the content of the Site and of the rights as producer of the Site&#8217;s databases.<\/p>\n<p>Access to the Services is exclusively limited to use by the User under the conditions and within the limits defined in the General Conditions, which can be consulted here.<\/p>\n<p>Consequently, access to the Services with a view to extracting, reproducing, using, reselling, exchanging, renting, modifying, adapting or correcting, whether free of charge or in return for payment, all or part of the Website, the Services and their content protected by copyright, trademark law, software law, the rights of producers of databases, or by any other intellectual property right whatsoever, is prohibited.<\/p>\n<p>allmysms is a trademark registered with the INPI under number 4245168.<\/p>\n<h2>Personal data<\/h2>\n<p>The information collected is used to improve the relationship between Opportunity and the User and to inform the User of Opportunity&#8217;s promotional and commercial operations.<\/p>\n<p>In accordance with the French Data Protection Act of 6 January 1978, amended in 2004, the User has the right to access and rectify any information concerning him\/her. This right may be exercised by contacting Opportunity, 455 Promenade des Anglais &#8211; Nice Premier &#8211; 06200 NICE &#8211; FRANCE, or by e-mail at the following address: info [at] www.allmysms.com.<\/p>\n<p>The User may also, for legitimate reasons, oppose the processing of data concerning him\/her.<\/p>\n<h2>Declaration to the CNIL<\/h2>\n<p>All data processed and hosted on www.allmysms.com servers is protected by CNIL declaration no. 185 8900.<\/p>\n<\/div>\n<p>&nbsp;<\/p>\n","protected":false},"excerpt":{"rendered":"<p>&nbsp; Publisher information Opportunity,a\u00a0Soci\u00e9t\u00e9 par Actions Simplifi\u00e9e (simplified joint stock company) with share capital of \u20ac1,021,285, having its registered office at 25 Rue de Ponthieu, 75008 Paris, and registered in the Paris Trade and Companies Register under number 481 483 626, represented by Mr Anthony Dinis, in his capacity as Chairman. Intra-community VAT number : [&hellip;]<\/p>\n","protected":false},"author":13,"featured_media":0,"parent":0,"menu_order":24,"comment_status":"closed","ping_status":"closed","template":"elementor_header_footer","meta":{"_acf_changed":false,"inline_featured_image":false,"footnotes":""},"class_list":["post-26183","page","type-page","status-publish","hentry"],"acf":[],"yoast_head":"<!-- This site is optimized with the Yoast SEO plugin v27.3 - https:\/\/yoast.com\/product\/yoast-seo-wordpress\/ -->\n<title>Mentions L\u00e9gales - AllMySMS: Envoi SMS Pro, envoyer campagne SMS, marketing mobile<\/title>\n<meta name=\"description\" content=\"Mentions L\u00e9gales d&#039;allmysms.com - Soci\u00e9t\u00e9 Opportunity\" \/>\n<meta name=\"robots\" content=\"index, follow, max-snippet:-1, max-image-preview:large, max-video-preview:-1\" \/>\n<link rel=\"canonical\" href=\"https:\/\/www.allmysms.com\/en\/mentions\/\" \/>\n<meta property=\"og:locale\" content=\"en_US\" \/>\n<meta property=\"og:type\" content=\"article\" \/>\n<meta property=\"og:title\" content=\"Mentions L\u00e9gales - AllMySMS: Envoi SMS Pro, envoyer campagne SMS, marketing mobile\" \/>\n<meta property=\"og:description\" content=\"Mentions L\u00e9gales d&#039;allmysms.com - Soci\u00e9t\u00e9 Opportunity\" \/>\n<meta property=\"og:url\" content=\"https:\/\/www.allmysms.com\/en\/mentions\/\" \/>\n<meta property=\"og:site_name\" content=\"AllMySMS: Envoi SMS Pro, envoyer campagne SMS, marketing mobile\" \/>\n<meta property=\"article:publisher\" content=\"https:\/\/www.facebook.com\/allmysms\" \/>\n<meta property=\"article:modified_time\" content=\"2025-07-05T18:12:13+00:00\" \/>\n<meta name=\"twitter:card\" content=\"summary_large_image\" \/>\n<meta name=\"twitter:site\" content=\"@allmysms\" \/>\n<meta name=\"twitter:label1\" content=\"Est. reading time\" \/>\n\t<meta name=\"twitter:data1\" content=\"3 minutes\" \/>\n<script type=\"application\/ld+json\" class=\"yoast-schema-graph\">{\"@context\":\"https:\\\/\\\/schema.org\",\"@graph\":[{\"@type\":\"WebPage\",\"@id\":\"https:\\\/\\\/www.allmysms.com\\\/en\\\/mentions\\\/\",\"url\":\"https:\\\/\\\/www.allmysms.com\\\/en\\\/mentions\\\/\",\"name\":\"Mentions L\u00e9gales - AllMySMS: Envoi SMS Pro, envoyer campagne SMS, marketing mobile\",\"isPartOf\":{\"@id\":\"https:\\\/\\\/www.allmysms.com\\\/en\\\/#website\"},\"datePublished\":\"2015-05-15T09:52:45+00:00\",\"dateModified\":\"2025-07-05T18:12:13+00:00\",\"description\":\"Mentions L\u00e9gales d'allmysms.com - Soci\u00e9t\u00e9 Opportunity\",\"breadcrumb\":{\"@id\":\"https:\\\/\\\/www.allmysms.com\\\/en\\\/mentions\\\/#breadcrumb\"},\"inLanguage\":\"en-US\",\"potentialAction\":[{\"@type\":\"ReadAction\",\"target\":[\"https:\\\/\\\/www.allmysms.com\\\/en\\\/mentions\\\/\"]}]},{\"@type\":\"BreadcrumbList\",\"@id\":\"https:\\\/\\\/www.allmysms.com\\\/en\\\/mentions\\\/#breadcrumb\",\"itemListElement\":[{\"@type\":\"ListItem\",\"position\":1,\"name\":\"Home\",\"item\":\"https:\\\/\\\/www.allmysms.com\\\/en\\\/\"},{\"@type\":\"ListItem\",\"position\":2,\"name\":\"Mentions L\u00e9gales\"}]},{\"@type\":\"WebSite\",\"@id\":\"https:\\\/\\\/www.allmysms.com\\\/en\\\/#website\",\"url\":\"https:\\\/\\\/www.allmysms.com\\\/en\\\/\",\"name\":\"AllMySMS: Envoi SMS Pro, envoyer campagne SMS, marketing mobile\",\"description\":\"Envoi de SMS Pro AllMySMS - Solution SMS Marketing\",\"potentialAction\":[{\"@type\":\"SearchAction\",\"target\":{\"@type\":\"EntryPoint\",\"urlTemplate\":\"https:\\\/\\\/www.allmysms.com\\\/en\\\/?s={search_term_string}\"},\"query-input\":{\"@type\":\"PropertyValueSpecification\",\"valueRequired\":true,\"valueName\":\"search_term_string\"}}],\"inLanguage\":\"en-US\"}]}<\/script>\n<!-- \/ Yoast SEO plugin. -->","yoast_head_json":{"title":"Mentions L\u00e9gales - AllMySMS: Envoi SMS Pro, envoyer campagne SMS, marketing mobile","description":"Mentions L\u00e9gales d'allmysms.com - Soci\u00e9t\u00e9 Opportunity","robots":{"index":"index","follow":"follow","max-snippet":"max-snippet:-1","max-image-preview":"max-image-preview:large","max-video-preview":"max-video-preview:-1"},"canonical":"https:\/\/www.allmysms.com\/en\/mentions\/","og_locale":"en_US","og_type":"article","og_title":"Mentions L\u00e9gales - AllMySMS: Envoi SMS Pro, envoyer campagne SMS, marketing mobile","og_description":"Mentions L\u00e9gales d'allmysms.com - Soci\u00e9t\u00e9 Opportunity","og_url":"https:\/\/www.allmysms.com\/en\/mentions\/","og_site_name":"AllMySMS: Envoi SMS Pro, envoyer campagne SMS, marketing mobile","article_publisher":"https:\/\/www.facebook.com\/allmysms","article_modified_time":"2025-07-05T18:12:13+00:00","twitter_card":"summary_large_image","twitter_site":"@allmysms","twitter_misc":{"Est. reading time":"3 minutes"},"schema":{"@context":"https:\/\/schema.org","@graph":[{"@type":"WebPage","@id":"https:\/\/www.allmysms.com\/en\/mentions\/","url":"https:\/\/www.allmysms.com\/en\/mentions\/","name":"Mentions L\u00e9gales - AllMySMS: Envoi SMS Pro, envoyer campagne SMS, marketing mobile","isPartOf":{"@id":"https:\/\/www.allmysms.com\/en\/#website"},"datePublished":"2015-05-15T09:52:45+00:00","dateModified":"2025-07-05T18:12:13+00:00","description":"Mentions L\u00e9gales d'allmysms.com - Soci\u00e9t\u00e9 Opportunity","breadcrumb":{"@id":"https:\/\/www.allmysms.com\/en\/mentions\/#breadcrumb"},"inLanguage":"en-US","potentialAction":[{"@type":"ReadAction","target":["https:\/\/www.allmysms.com\/en\/mentions\/"]}]},{"@type":"BreadcrumbList","@id":"https:\/\/www.allmysms.com\/en\/mentions\/#breadcrumb","itemListElement":[{"@type":"ListItem","position":1,"name":"Home","item":"https:\/\/www.allmysms.com\/en\/"},{"@type":"ListItem","position":2,"name":"Mentions L\u00e9gales"}]},{"@type":"WebSite","@id":"https:\/\/www.allmysms.com\/en\/#website","url":"https:\/\/www.allmysms.com\/en\/","name":"AllMySMS: Envoi SMS Pro, envoyer campagne SMS, marketing mobile","description":"Envoi de SMS Pro AllMySMS - Solution SMS Marketing","potentialAction":[{"@type":"SearchAction","target":{"@type":"EntryPoint","urlTemplate":"https:\/\/www.allmysms.com\/en\/?s={search_term_string}"},"query-input":{"@type":"PropertyValueSpecification","valueRequired":true,"valueName":"search_term_string"}}],"inLanguage":"en-US"}]}},"_links":{"self":[{"href":"https:\/\/www.allmysms.com\/en\/wp-json\/wp\/v2\/pages\/26183","targetHints":{"allow":["GET"]}}],"collection":[{"href":"https:\/\/www.allmysms.com\/en\/wp-json\/wp\/v2\/pages"}],"about":[{"href":"https:\/\/www.allmysms.com\/en\/wp-json\/wp\/v2\/types\/page"}],"author":[{"embeddable":true,"href":"https:\/\/www.allmysms.com\/en\/wp-json\/wp\/v2\/users\/13"}],"replies":[{"embeddable":true,"href":"https:\/\/www.allmysms.com\/en\/wp-json\/wp\/v2\/comments?post=26183"}],"version-history":[{"count":0,"href":"https:\/\/www.allmysms.com\/en\/wp-json\/wp\/v2\/pages\/26183\/revisions"}],"wp:attachment":[{"href":"https:\/\/www.allmysms.com\/en\/wp-json\/wp\/v2\/media?parent=26183"}],"curies":[{"name":"wp","href":"https:\/\/api.w.org\/{rel}","templated":true}]}}