{"id":26191,"date":"2014-05-06T14:21:38","date_gmt":"2014-05-06T13:21:38","guid":{"rendered":"https:\/\/www.allmysms.com\/accessibilite\/"},"modified":"2014-05-06T14:21:38","modified_gmt":"2014-05-06T13:21:38","slug":"accessibilite","status":"publish","type":"page","link":"https:\/\/www.allmysms.com\/en\/accessibilite\/","title":{"rendered":"Accessibilit\u00e9"},"content":{"rendered":"<p>[section swatch=&#8221;swatch-lightgray&#8221;]<\/p>\n<div class=\"bulle\">\n<div class=\"txt\" style=\"font-weight: normal;\">Pour visualiser les pages de ce site avec une accessibilit\u00e9 optimale, nous vous recommandons la configuration suivante:<strong>Navigateur:<\/strong><\/p>\n<ul>\n<li>Microsoft Internet Explorer \u00e0 partir des versions 8*<\/li>\n<li>Firefox \u00e0 partir des versions 18*<\/li>\n<li>Safari \u00e0 partir de la version 6<\/li>\n<li>Chrome \u00e0 partir des versions 15<\/li>\n<li>Op\u00e9ra \u00e0 partir de la version 15<\/li>\n<\/ul>\n<p><strong>R\u00e9solution d\u2019\u00e9cran:<\/strong><\/p>\n<ul>\n<li>minimum: 800*600<\/li>\n<li>optimale: 1280*1024<\/li>\n<\/ul>\n<p><strong>Votre navigateur doit accepter:<\/strong><\/p>\n<ul>\n<li>les cookies temporaires<\/li>\n<li>le javascript<\/li>\n<\/ul>\n<p>Le site est d\u00e9velopp\u00e9 en Responsive Design pour s&#8217;adapter \u00e0 toutes les tailles d&#8217;\u00e9cran. Si toutefois, les \u00e9crans ne s&#8217;affichaient pas correctement, merci de nous l&#8217;indiquer.<\/p>\n<p>Vous trouverez le d\u00e9tail complet concernant votre configuration et vos conditions d&#8217;accessibilit\u00e9 en vous rendant dans la section Assistance -&gt; nous contacter de votre espace client.<br \/>\n[\/section]<\/p>\n<\/div>\n<\/div>\n","protected":false},"excerpt":{"rendered":"<p>[section swatch=&#8221;swatch-lightgray&#8221;] Pour visualiser les pages de ce site avec une accessibilit\u00e9 optimale, nous vous recommandons la configuration suivante:Navigateur: Microsoft Internet Explorer \u00e0 partir des versions 8* Firefox \u00e0 partir des versions 18* Safari \u00e0 partir de la version 6 Chrome \u00e0 partir des versions 15 Op\u00e9ra \u00e0 partir de la version 15 R\u00e9solution d\u2019\u00e9cran: [&hellip;]<\/p>\n","protected":false},"author":13,"featured_media":0,"parent":0,"menu_order":25,"comment_status":"closed","ping_status":"closed","template":"elementor_header_footer","meta":{"_acf_changed":false,"inline_featured_image":false,"footnotes":""},"class_list":["post-26191","page","type-page","status-publish","hentry"],"acf":[],"yoast_head":"<!-- This site is optimized with the Yoast SEO plugin v27.3 - https:\/\/yoast.com\/product\/yoast-seo-wordpress\/ -->\n<title>Accessibilit\u00e9 - Envoyer SMS Pro - Services SMS pour professionnels\u200e<\/title>\n<meta name=\"description\" content=\"Page de d\u00e9finition des param\u00e8tres d\u2019 accessibilit\u00e9 d&#039;allmysms.com. Navigateurs et r\u00e9solutions conseill\u00e9es pour une utilisation optimis\u00e9e.\" \/>\n<meta name=\"robots\" content=\"index, follow, max-snippet:-1, max-image-preview:large, max-video-preview:-1\" \/>\n<link rel=\"canonical\" href=\"https:\/\/www.allmysms.com\/en\/accessibilite\/\" \/>\n<meta property=\"og:locale\" content=\"en_US\" \/>\n<meta property=\"og:type\" content=\"article\" \/>\n<meta property=\"og:title\" content=\"Accessibilit\u00e9 - Envoyer SMS Pro - Services SMS pour professionnels\u200e\" \/>\n<meta property=\"og:description\" content=\"Page de d\u00e9finition des param\u00e8tres d\u2019 accessibilit\u00e9 d&#039;allmysms.com. Navigateurs et r\u00e9solutions conseill\u00e9es pour une utilisation optimis\u00e9e.\" \/>\n<meta property=\"og:url\" content=\"https:\/\/www.allmysms.com\/en\/accessibilite\/\" \/>\n<meta property=\"og:site_name\" content=\"AllMySMS: Envoi SMS Pro, envoyer campagne SMS, marketing mobile\" \/>\n<meta property=\"article:publisher\" content=\"https:\/\/www.facebook.com\/allmysms\" \/>\n<meta name=\"twitter:card\" content=\"summary_large_image\" \/>\n<meta name=\"twitter:site\" content=\"@allmysms\" \/>\n<meta name=\"twitter:label1\" content=\"Est. reading time\" \/>\n\t<meta name=\"twitter:data1\" content=\"1 minute\" \/>\n<script type=\"application\/ld+json\" class=\"yoast-schema-graph\">{\"@context\":\"https:\\\/\\\/schema.org\",\"@graph\":[{\"@type\":\"WebPage\",\"@id\":\"https:\\\/\\\/www.allmysms.com\\\/en\\\/accessibilite\\\/\",\"url\":\"https:\\\/\\\/www.allmysms.com\\\/en\\\/accessibilite\\\/\",\"name\":\"Accessibilit\u00e9 - Envoyer SMS Pro - Services SMS pour professionnels\u200e\",\"isPartOf\":{\"@id\":\"https:\\\/\\\/www.allmysms.com\\\/en\\\/#website\"},\"datePublished\":\"2014-05-06T13:21:38+00:00\",\"description\":\"Page de d\u00e9finition des param\u00e8tres d\u2019 accessibilit\u00e9 d'allmysms.com. Navigateurs et r\u00e9solutions conseill\u00e9es pour une utilisation optimis\u00e9e.\",\"breadcrumb\":{\"@id\":\"https:\\\/\\\/www.allmysms.com\\\/en\\\/accessibilite\\\/#breadcrumb\"},\"inLanguage\":\"en-US\",\"potentialAction\":[{\"@type\":\"ReadAction\",\"target\":[\"https:\\\/\\\/www.allmysms.com\\\/en\\\/accessibilite\\\/\"]}]},{\"@type\":\"BreadcrumbList\",\"@id\":\"https:\\\/\\\/www.allmysms.com\\\/en\\\/accessibilite\\\/#breadcrumb\",\"itemListElement\":[{\"@type\":\"ListItem\",\"position\":1,\"name\":\"Home\",\"item\":\"https:\\\/\\\/www.allmysms.com\\\/en\\\/\"},{\"@type\":\"ListItem\",\"position\":2,\"name\":\"Accessibilit\u00e9\"}]},{\"@type\":\"WebSite\",\"@id\":\"https:\\\/\\\/www.allmysms.com\\\/en\\\/#website\",\"url\":\"https:\\\/\\\/www.allmysms.com\\\/en\\\/\",\"name\":\"AllMySMS: Envoi SMS Pro, envoyer campagne SMS, marketing mobile\",\"description\":\"Envoi de SMS Pro AllMySMS - Solution SMS Marketing\",\"potentialAction\":[{\"@type\":\"SearchAction\",\"target\":{\"@type\":\"EntryPoint\",\"urlTemplate\":\"https:\\\/\\\/www.allmysms.com\\\/en\\\/?s={search_term_string}\"},\"query-input\":{\"@type\":\"PropertyValueSpecification\",\"valueRequired\":true,\"valueName\":\"search_term_string\"}}],\"inLanguage\":\"en-US\"}]}<\/script>\n<!-- \/ Yoast SEO plugin. -->","yoast_head_json":{"title":"Accessibilit\u00e9 - Envoyer SMS Pro - Services SMS pour professionnels\u200e","description":"Page de d\u00e9finition des param\u00e8tres d\u2019 accessibilit\u00e9 d'allmysms.com. Navigateurs et r\u00e9solutions conseill\u00e9es pour une utilisation optimis\u00e9e.","robots":{"index":"index","follow":"follow","max-snippet":"max-snippet:-1","max-image-preview":"max-image-preview:large","max-video-preview":"max-video-preview:-1"},"canonical":"https:\/\/www.allmysms.com\/en\/accessibilite\/","og_locale":"en_US","og_type":"article","og_title":"Accessibilit\u00e9 - Envoyer SMS Pro - Services SMS pour professionnels\u200e","og_description":"Page de d\u00e9finition des param\u00e8tres d\u2019 accessibilit\u00e9 d'allmysms.com. Navigateurs et r\u00e9solutions conseill\u00e9es pour une utilisation optimis\u00e9e.","og_url":"https:\/\/www.allmysms.com\/en\/accessibilite\/","og_site_name":"AllMySMS: Envoi SMS Pro, envoyer campagne SMS, marketing mobile","article_publisher":"https:\/\/www.facebook.com\/allmysms","twitter_card":"summary_large_image","twitter_site":"@allmysms","twitter_misc":{"Est. reading time":"1 minute"},"schema":{"@context":"https:\/\/schema.org","@graph":[{"@type":"WebPage","@id":"https:\/\/www.allmysms.com\/en\/accessibilite\/","url":"https:\/\/www.allmysms.com\/en\/accessibilite\/","name":"Accessibilit\u00e9 - Envoyer SMS Pro - Services SMS pour professionnels\u200e","isPartOf":{"@id":"https:\/\/www.allmysms.com\/en\/#website"},"datePublished":"2014-05-06T13:21:38+00:00","description":"Page de d\u00e9finition des param\u00e8tres d\u2019 accessibilit\u00e9 d'allmysms.com. Navigateurs et r\u00e9solutions conseill\u00e9es pour une utilisation optimis\u00e9e.","breadcrumb":{"@id":"https:\/\/www.allmysms.com\/en\/accessibilite\/#breadcrumb"},"inLanguage":"en-US","potentialAction":[{"@type":"ReadAction","target":["https:\/\/www.allmysms.com\/en\/accessibilite\/"]}]},{"@type":"BreadcrumbList","@id":"https:\/\/www.allmysms.com\/en\/accessibilite\/#breadcrumb","itemListElement":[{"@type":"ListItem","position":1,"name":"Home","item":"https:\/\/www.allmysms.com\/en\/"},{"@type":"ListItem","position":2,"name":"Accessibilit\u00e9"}]},{"@type":"WebSite","@id":"https:\/\/www.allmysms.com\/en\/#website","url":"https:\/\/www.allmysms.com\/en\/","name":"AllMySMS: Envoi SMS Pro, envoyer campagne SMS, marketing mobile","description":"Envoi de SMS Pro AllMySMS - Solution SMS Marketing","potentialAction":[{"@type":"SearchAction","target":{"@type":"EntryPoint","urlTemplate":"https:\/\/www.allmysms.com\/en\/?s={search_term_string}"},"query-input":{"@type":"PropertyValueSpecification","valueRequired":true,"valueName":"search_term_string"}}],"inLanguage":"en-US"}]}},"_links":{"self":[{"href":"https:\/\/www.allmysms.com\/en\/wp-json\/wp\/v2\/pages\/26191","targetHints":{"allow":["GET"]}}],"collection":[{"href":"https:\/\/www.allmysms.com\/en\/wp-json\/wp\/v2\/pages"}],"about":[{"href":"https:\/\/www.allmysms.com\/en\/wp-json\/wp\/v2\/types\/page"}],"author":[{"embeddable":true,"href":"https:\/\/www.allmysms.com\/en\/wp-json\/wp\/v2\/users\/13"}],"replies":[{"embeddable":true,"href":"https:\/\/www.allmysms.com\/en\/wp-json\/wp\/v2\/comments?post=26191"}],"version-history":[{"count":0,"href":"https:\/\/www.allmysms.com\/en\/wp-json\/wp\/v2\/pages\/26191\/revisions"}],"wp:attachment":[{"href":"https:\/\/www.allmysms.com\/en\/wp-json\/wp\/v2\/media?parent=26191"}],"curies":[{"name":"wp","href":"https:\/\/api.w.org\/{rel}","templated":true}]}}