{"id":26067,"date":"2025-05-28T21:59:50","date_gmt":"2025-05-28T21:59:50","guid":{"rendered":"https:\/\/www.allmysms.com\/connecteur-sms-blendr-io\/"},"modified":"2025-08-12T12:02:49","modified_gmt":"2025-08-12T12:02:49","slug":"connecteur-sms-blendr-io","status":"publish","type":"page","link":"https:\/\/www.allmysms.com\/es\/connecteur-sms-blendr-io\/","title":{"rendered":"Connecteur SMS Blendr.io"},"content":{"rendered":"\t\t<div data-elementor-type=\"wp-page\" data-elementor-id=\"26067\" class=\"elementor elementor-26067 elementor-22259\">\n\t\t\t\t<div class=\"elementor-element elementor-element-137d4f8 e-con-full e-flex e-con e-parent\" data-id=\"137d4f8\" data-element_type=\"container\" data-settings=\"{&quot;wcf_enable_cursor_hover_effect_text&quot;:&quot;View&quot;,&quot;background_background&quot;:&quot;classic&quot;}\">\n\t\t\t\t<div class=\"elementor-element elementor-element-443089f elementor-widget__width-initial elementor-widget elementor-widget-wcf--title\" data-id=\"443089f\" data-element_type=\"widget\" data-widget_type=\"wcf--title.default\">\n\t\t\t\t<div class=\"elementor-widget-container\">\n\t\t\t\t\t<h5 class=\"wcf--title\">BLENDR.IO<\/h5>\t\t\t\t<\/div>\n\t\t\t\t<\/div>\n\t\t\t\t<div class=\"elementor-element elementor-element-32e814c elementor-widget__width-initial elementor-widget-mobile__width-inherit elementor-widget elementor-widget-wcf--title\" data-id=\"32e814c\" data-element_type=\"widget\" data-widget_type=\"wcf--title.default\">\n\t\t\t\t<div class=\"elementor-widget-container\">\n\t\t\t\t\t<h2 class=\"wcf--title\">Int\u00e9gration simple et facile \n<\/h2>\t\t\t\t<\/div>\n\t\t\t\t<\/div>\n\t\t\t\t<div class=\"elementor-element elementor-element-d2b4174 elementor-widget__width-initial elementor-widget-mobile__width-inherit elementor-widget elementor-widget-wcf--text\" data-id=\"d2b4174\" data-element_type=\"widget\" data-widget_type=\"wcf--text.default\">\n\t\t\t\t<div class=\"elementor-widget-container\">\n\t\t\t\t\t<div class=\"wcf--text\"><p><span style=\"font-weight: 400\">Nos connecteurs SMS permettent d\u2019interconnecter sans aucune comp\u00e9tence technique de tr\u00e8s nombreux outils du march\u00e9<\/span><\/p><\/div>\t\t\t\t<\/div>\n\t\t\t\t<\/div>\n\t\t<div class=\"elementor-element elementor-element-75b41f2 e-con-full e-flex e-con e-child\" data-id=\"75b41f2\" data-element_type=\"container\" data-settings=\"{&quot;wcf_enable_cursor_hover_effect_text&quot;:&quot;View&quot;}\">\n\t\t<div class=\"elementor-element elementor-element-b66f3a2 e-grid e-con-full e-con e-child\" data-id=\"b66f3a2\" data-element_type=\"container\" data-settings=\"{&quot;wcf_enable_cursor_hover_effect_text&quot;:&quot;View&quot;}\">\n\t\t<div class=\"elementor-element elementor-element-94bbdca e-con-full e-flex e-con e-child\" data-id=\"94bbdca\" data-element_type=\"container\" data-settings=\"{&quot;background_background&quot;:&quot;classic&quot;,&quot;wcf_enable_cursor_hover_effect_text&quot;:&quot;View&quot;}\">\n\t\t\t\t<div class=\"elementor-element elementor-element-bd71853 elementor-widget elementor-widget-image\" data-id=\"bd71853\" data-element_type=\"widget\" data-widget_type=\"image.default\">\n\t\t\t\t<div class=\"elementor-widget-container\">\n\t\t\t\t\t\t\t\t\t\t\t\t\t\t\t<img decoding=\"async\" src=\"https:\/\/crowdytheme.com\/wp\/sassly\/ai-seo\/wp-content\/uploads\/sites\/13\/2024\/06\/icon-app-1.webp\" title=\"\" alt=\"\" loading=\"lazy\" \/>\t\t\t\t\t\t\t\t\t\t\t\t\t\t\t<\/div>\n\t\t\t\t<\/div>\n\t\t\t\t<\/div>\n\t\t<div class=\"elementor-element elementor-element-e41e019 e-con-full e-flex e-con e-child\" data-id=\"e41e019\" data-element_type=\"container\" data-settings=\"{&quot;background_background&quot;:&quot;classic&quot;,&quot;wcf_enable_cursor_hover_effect_text&quot;:&quot;View&quot;}\">\n\t\t\t\t<div class=\"elementor-element elementor-element-0ddc1ca elementor-widget elementor-widget-image\" data-id=\"0ddc1ca\" data-element_type=\"widget\" data-widget_type=\"image.default\">\n\t\t\t\t<div class=\"elementor-widget-container\">\n\t\t\t\t\t\t\t\t\t\t\t\t\t\t\t<img decoding=\"async\" src=\"https:\/\/crowdytheme.com\/wp\/sassly\/ai-seo\/wp-content\/uploads\/sites\/13\/2024\/06\/icon-app-2.webp\" title=\"\" alt=\"\" loading=\"lazy\" \/>\t\t\t\t\t\t\t\t\t\t\t\t\t\t\t<\/div>\n\t\t\t\t<\/div>\n\t\t\t\t<\/div>\n\t\t<div class=\"elementor-element elementor-element-fb16662 e-con-full e-flex e-con e-child\" data-id=\"fb16662\" data-element_type=\"container\" data-settings=\"{&quot;background_background&quot;:&quot;classic&quot;,&quot;wcf_enable_cursor_hover_effect_text&quot;:&quot;View&quot;}\">\n\t\t\t\t<div class=\"elementor-element elementor-element-256c43a elementor-widget elementor-widget-image\" data-id=\"256c43a\" data-element_type=\"widget\" data-widget_type=\"image.default\">\n\t\t\t\t<div class=\"elementor-widget-container\">\n\t\t\t\t\t\t\t\t\t\t\t\t\t\t\t<img decoding=\"async\" src=\"https:\/\/crowdytheme.com\/wp\/sassly\/ai-seo\/wp-content\/uploads\/sites\/13\/2024\/06\/icon-app-3.webp\" title=\"\" alt=\"\" loading=\"lazy\" \/>\t\t\t\t\t\t\t\t\t\t\t\t\t\t\t<\/div>\n\t\t\t\t<\/div>\n\t\t\t\t<\/div>\n\t\t<div class=\"elementor-element elementor-element-aea8a2e e-con-full e-flex e-con e-child\" data-id=\"aea8a2e\" data-element_type=\"container\" data-settings=\"{&quot;background_background&quot;:&quot;classic&quot;,&quot;wcf_enable_cursor_hover_effect_text&quot;:&quot;View&quot;}\">\n\t\t\t\t<div class=\"elementor-element elementor-element-13cdf93 elementor-widget elementor-widget-image\" data-id=\"13cdf93\" data-element_type=\"widget\" data-widget_type=\"image.default\">\n\t\t\t\t<div class=\"elementor-widget-container\">\n\t\t\t\t\t\t\t\t\t\t\t\t\t\t\t<img decoding=\"async\" src=\"https:\/\/crowdytheme.com\/wp\/sassly\/ai-seo\/wp-content\/uploads\/sites\/13\/2024\/06\/icon-app-4.webp\" title=\"\" alt=\"\" loading=\"lazy\" \/>\t\t\t\t\t\t\t\t\t\t\t\t\t\t\t<\/div>\n\t\t\t\t<\/div>\n\t\t\t\t<\/div>\n\t\t<div class=\"elementor-element elementor-element-914dd65 e-con-full e-flex e-con e-child\" data-id=\"914dd65\" data-element_type=\"container\" data-settings=\"{&quot;background_background&quot;:&quot;classic&quot;,&quot;wcf_enable_cursor_hover_effect_text&quot;:&quot;View&quot;}\">\n\t\t\t\t<div class=\"elementor-element elementor-element-25b1594 elementor-widget elementor-widget-image\" data-id=\"25b1594\" data-element_type=\"widget\" data-widget_type=\"image.default\">\n\t\t\t\t<div class=\"elementor-widget-container\">\n\t\t\t\t\t\t\t\t\t\t\t\t\t\t\t<img decoding=\"async\" src=\"https:\/\/crowdytheme.com\/wp\/sassly\/ai-seo\/wp-content\/uploads\/sites\/13\/2024\/06\/icon-app-10.webp\" title=\"\" alt=\"\" loading=\"lazy\" \/>\t\t\t\t\t\t\t\t\t\t\t\t\t\t\t<\/div>\n\t\t\t\t<\/div>\n\t\t\t\t<\/div>\n\t\t<div class=\"elementor-element elementor-element-88cc827 e-con-full e-flex e-con e-child\" data-id=\"88cc827\" data-element_type=\"container\" data-settings=\"{&quot;background_background&quot;:&quot;classic&quot;,&quot;wcf_enable_cursor_hover_effect_text&quot;:&quot;View&quot;}\">\n\t\t\t\t<div class=\"elementor-element elementor-element-2ceed70 elementor-widget elementor-widget-image\" data-id=\"2ceed70\" data-element_type=\"widget\" data-widget_type=\"image.default\">\n\t\t\t\t<div class=\"elementor-widget-container\">\n\t\t\t\t\t\t\t\t\t\t\t\t\t\t\t<img decoding=\"async\" src=\"https:\/\/crowdytheme.com\/wp\/sassly\/ai-seo\/wp-content\/uploads\/sites\/13\/2024\/06\/icon-app-11.webp\" title=\"\" alt=\"\" loading=\"lazy\" \/>\t\t\t\t\t\t\t\t\t\t\t\t\t\t\t<\/div>\n\t\t\t\t<\/div>\n\t\t\t\t<\/div>\n\t\t\t\t<\/div>\n\t\t<div class=\"elementor-element elementor-element-932e886 e-con-full e-flex e-con e-child\" data-id=\"932e886\" data-element_type=\"container\" data-settings=\"{&quot;wcf_enable_cursor_hover_effect_text&quot;:&quot;View&quot;}\">\n\t\t<div class=\"elementor-element elementor-element-800b6e7 e-con-full e-flex e-con e-child\" data-id=\"800b6e7\" data-element_type=\"container\" data-settings=\"{&quot;background_background&quot;:&quot;classic&quot;,&quot;wcf_enable_cursor_hover_effect_text&quot;:&quot;View&quot;}\">\n\t\t\t\t<div class=\"elementor-element elementor-element-a6ba0b6 elementor-widget__width-initial elementor-widget elementor-widget-counter\" data-id=\"a6ba0b6\" data-element_type=\"widget\" data-widget_type=\"counter.default\">\n\t\t\t\t<div class=\"elementor-widget-container\">\n\t\t\t\t\t\t\t<div class=\"elementor-counter\">\n\t\t\t<div class=\"elementor-counter-title\">integrations<\/div>\t\t\t<div class=\"elementor-counter-number-wrapper\">\n\t\t\t\t<span class=\"elementor-counter-number-prefix\"><\/span>\n\t\t\t\t<span class=\"elementor-counter-number\" data-duration=\"2000\" data-to-value=\"2\" data-from-value=\"0\" data-delimiter=\",\">0<\/span>\n\t\t\t\t<span class=\"elementor-counter-number-suffix\">k+<\/span>\n\t\t\t<\/div>\n\t\t<\/div>\n\t\t\t\t\t\t<\/div>\n\t\t\t\t<\/div>\n\t\t\t\t<div class=\"elementor-element elementor-element-1a5ba47 elementor-widget elementor-widget-wcf--sassly-button\" data-id=\"1a5ba47\" data-element_type=\"widget\" data-widget_type=\"wcf--sassly-button.default\">\n\t\t\t\t<div class=\"elementor-widget-container\">\n\t\t\t\t\t        <div class=\"wc-btn-wrapper style-3\">\r\n\t                        <a href=\"\/contactez-nous\/\" class=\"wc-btn-primary btn-text-flip\">\r\n                    <span data-text=\"Contactez-nous\">\r\n                        Contactez-nous                    <\/span>\r\n\t\t\t                        <\/a>\r\n\t                <\/div>\r\n\t\t\t\t\t\t<\/div>\n\t\t\t\t<\/div>\n\t\t\t\t<\/div>\n\t\t\t\t<\/div>\n\t\t<div class=\"elementor-element elementor-element-b3ae6a1 e-grid e-con-full e-con e-child\" data-id=\"b3ae6a1\" data-element_type=\"container\" data-settings=\"{&quot;wcf_enable_cursor_hover_effect_text&quot;:&quot;View&quot;}\">\n\t\t<div class=\"elementor-element elementor-element-ce1972c e-con-full e-flex e-con e-child\" data-id=\"ce1972c\" data-element_type=\"container\" data-settings=\"{&quot;background_background&quot;:&quot;classic&quot;,&quot;wcf_enable_cursor_hover_effect_text&quot;:&quot;View&quot;}\">\n\t\t\t\t<div class=\"elementor-element elementor-element-e5c0f53 elementor-widget elementor-widget-image\" data-id=\"e5c0f53\" data-element_type=\"widget\" data-widget_type=\"image.default\">\n\t\t\t\t<div class=\"elementor-widget-container\">\n\t\t\t\t\t\t\t\t\t\t\t\t\t\t\t<img decoding=\"async\" src=\"https:\/\/crowdytheme.com\/wp\/sassly\/ai-seo\/wp-content\/uploads\/sites\/13\/2024\/06\/icon-app-5.webp\" title=\"\" alt=\"\" loading=\"lazy\" \/>\t\t\t\t\t\t\t\t\t\t\t\t\t\t\t<\/div>\n\t\t\t\t<\/div>\n\t\t\t\t<\/div>\n\t\t<div class=\"elementor-element elementor-element-87fffd5 e-con-full e-flex e-con e-child\" data-id=\"87fffd5\" data-element_type=\"container\" data-settings=\"{&quot;background_background&quot;:&quot;classic&quot;,&quot;wcf_enable_cursor_hover_effect_text&quot;:&quot;View&quot;}\">\n\t\t\t\t<div class=\"elementor-element elementor-element-f961af3 elementor-widget elementor-widget-image\" data-id=\"f961af3\" data-element_type=\"widget\" data-widget_type=\"image.default\">\n\t\t\t\t<div class=\"elementor-widget-container\">\n\t\t\t\t\t\t\t\t\t\t\t\t\t\t\t<img decoding=\"async\" src=\"https:\/\/crowdytheme.com\/wp\/sassly\/ai-seo\/wp-content\/uploads\/sites\/13\/2024\/06\/icon-app-6.webp\" title=\"\" alt=\"\" loading=\"lazy\" \/>\t\t\t\t\t\t\t\t\t\t\t\t\t\t\t<\/div>\n\t\t\t\t<\/div>\n\t\t\t\t<\/div>\n\t\t<div class=\"elementor-element elementor-element-7887a60 e-con-full e-flex e-con e-child\" data-id=\"7887a60\" data-element_type=\"container\" data-settings=\"{&quot;background_background&quot;:&quot;classic&quot;,&quot;wcf_enable_cursor_hover_effect_text&quot;:&quot;View&quot;}\">\n\t\t\t\t<div class=\"elementor-element elementor-element-427f558 elementor-widget elementor-widget-image\" data-id=\"427f558\" data-element_type=\"widget\" data-widget_type=\"image.default\">\n\t\t\t\t<div class=\"elementor-widget-container\">\n\t\t\t\t\t\t\t\t\t\t\t\t\t\t\t<img decoding=\"async\" src=\"https:\/\/crowdytheme.com\/wp\/sassly\/ai-seo\/wp-content\/uploads\/sites\/13\/2024\/06\/icon-app-7.webp\" title=\"\" alt=\"\" loading=\"lazy\" \/>\t\t\t\t\t\t\t\t\t\t\t\t\t\t\t<\/div>\n\t\t\t\t<\/div>\n\t\t\t\t<\/div>\n\t\t<div class=\"elementor-element elementor-element-a28be6f e-con-full e-flex e-con e-child\" data-id=\"a28be6f\" data-element_type=\"container\" data-settings=\"{&quot;background_background&quot;:&quot;classic&quot;,&quot;wcf_enable_cursor_hover_effect_text&quot;:&quot;View&quot;}\">\n\t\t\t\t<div class=\"elementor-element elementor-element-aa685f0 elementor-widget elementor-widget-image\" data-id=\"aa685f0\" data-element_type=\"widget\" data-widget_type=\"image.default\">\n\t\t\t\t<div class=\"elementor-widget-container\">\n\t\t\t\t\t\t\t\t\t\t\t\t\t\t\t<img decoding=\"async\" src=\"https:\/\/crowdytheme.com\/wp\/sassly\/ai-seo\/wp-content\/uploads\/sites\/13\/2024\/06\/icon-app-12.webp\" title=\"\" alt=\"\" loading=\"lazy\" \/>\t\t\t\t\t\t\t\t\t\t\t\t\t\t\t<\/div>\n\t\t\t\t<\/div>\n\t\t\t\t<\/div>\n\t\t<div class=\"elementor-element elementor-element-b6b0337 e-con-full e-flex e-con e-child\" data-id=\"b6b0337\" data-element_type=\"container\" data-settings=\"{&quot;background_background&quot;:&quot;classic&quot;,&quot;wcf_enable_cursor_hover_effect_text&quot;:&quot;View&quot;}\">\n\t\t\t\t<div class=\"elementor-element elementor-element-ae0ddb6 elementor-widget elementor-widget-image\" data-id=\"ae0ddb6\" data-element_type=\"widget\" data-widget_type=\"image.default\">\n\t\t\t\t<div class=\"elementor-widget-container\">\n\t\t\t\t\t\t\t\t\t\t\t\t\t\t\t<img decoding=\"async\" src=\"https:\/\/crowdytheme.com\/wp\/sassly\/ai-seo\/wp-content\/uploads\/sites\/13\/2024\/06\/icon-app-14.webp\" title=\"\" alt=\"\" loading=\"lazy\" \/>\t\t\t\t\t\t\t\t\t\t\t\t\t\t\t<\/div>\n\t\t\t\t<\/div>\n\t\t\t\t<\/div>\n\t\t<div class=\"elementor-element elementor-element-d730f39 e-con-full e-flex e-con e-child\" data-id=\"d730f39\" data-element_type=\"container\" data-settings=\"{&quot;background_background&quot;:&quot;classic&quot;,&quot;wcf_enable_cursor_hover_effect_text&quot;:&quot;View&quot;}\">\n\t\t\t\t<div class=\"elementor-element elementor-element-04b270f elementor-widget elementor-widget-image\" data-id=\"04b270f\" data-element_type=\"widget\" data-widget_type=\"image.default\">\n\t\t\t\t<div class=\"elementor-widget-container\">\n\t\t\t\t\t\t\t\t\t\t\t\t\t\t\t<img decoding=\"async\" src=\"https:\/\/crowdytheme.com\/wp\/sassly\/ai-seo\/wp-content\/uploads\/sites\/13\/2024\/06\/icon-app-8.webp\" title=\"\" alt=\"\" loading=\"lazy\" \/>\t\t\t\t\t\t\t\t\t\t\t\t\t\t\t<\/div>\n\t\t\t\t<\/div>\n\t\t\t\t<\/div>\n\t\t\t\t<\/div>\n\t\t\t\t<\/div>\n\t\t\t\t<\/div>\n\t\t\t\t<\/div>\n\t\t","protected":false},"excerpt":{"rendered":"<p>BLENDR.IO Int\u00e9gration simple et facile Nos connecteurs SMS permettent d\u2019interconnecter sans aucune comp\u00e9tence technique de tr\u00e8s nombreux outils du march\u00e9 integrations 0 k+ Contactez-nous<\/p>\n","protected":false},"author":13,"featured_media":0,"parent":0,"menu_order":0,"comment_status":"closed","ping_status":"closed","template":"elementor_header_footer","meta":{"_acf_changed":false,"inline_featured_image":false,"footnotes":""},"class_list":["post-26067","page","type-page","status-publish","hentry"],"acf":[],"yoast_head":"<!-- This site is optimized with the Yoast SEO plugin v27.3 - https:\/\/yoast.com\/product\/yoast-seo-wordpress\/ -->\n<title>Connecteur SMS Blendr.io - AllMySMS: Envoi SMS Pro, envoyer campagne SMS, marketing mobile<\/title>\n<meta name=\"description\" content=\"Connectez sans comp\u00e9tence vos applications \u00e0 notre plateforme d&#039;envoi de SMS, gr\u00e2ce au connecteur SMS Blendr.io.\" \/>\n<meta name=\"robots\" content=\"index, follow, max-snippet:-1, max-image-preview:large, max-video-preview:-1\" \/>\n<link rel=\"canonical\" href=\"https:\/\/www.allmysms.com\/es\/connecteur-sms-blendr-io\/\" \/>\n<meta property=\"og:locale\" content=\"es_ES\" \/>\n<meta property=\"og:type\" content=\"article\" \/>\n<meta property=\"og:title\" content=\"Connecteur SMS Blendr.io - AllMySMS: Envoi SMS Pro, envoyer campagne SMS, marketing mobile\" \/>\n<meta property=\"og:description\" content=\"Connectez sans comp\u00e9tence vos applications \u00e0 notre plateforme d&#039;envoi de SMS, gr\u00e2ce au connecteur SMS Blendr.io.\" \/>\n<meta property=\"og:url\" content=\"https:\/\/www.allmysms.com\/es\/connecteur-sms-blendr-io\/\" \/>\n<meta property=\"og:site_name\" content=\"AllMySMS: Envoi SMS Pro, envoyer campagne SMS, marketing mobile\" \/>\n<meta property=\"article:publisher\" content=\"https:\/\/www.facebook.com\/allmysms\" \/>\n<meta property=\"article:modified_time\" content=\"2025-08-12T12:02:49+00:00\" \/>\n<meta property=\"og:image\" content=\"https:\/\/crowdytheme.com\/wp\/sassly\/ai-seo\/wp-content\/uploads\/sites\/13\/2024\/06\/icon-app-1.webp\" \/>\n<meta name=\"twitter:card\" content=\"summary_large_image\" \/>\n<meta name=\"twitter:site\" content=\"@allmysms\" \/>\n<meta name=\"twitter:label1\" content=\"Est. reading time\" \/>\n\t<meta name=\"twitter:data1\" content=\"3 minutos\" \/>\n<script type=\"application\/ld+json\" class=\"yoast-schema-graph\">{\"@context\":\"https:\\\/\\\/schema.org\",\"@graph\":[{\"@type\":\"WebPage\",\"@id\":\"https:\\\/\\\/www.allmysms.com\\\/es\\\/connecteur-sms-blendr-io\\\/\",\"url\":\"https:\\\/\\\/www.allmysms.com\\\/es\\\/connecteur-sms-blendr-io\\\/\",\"name\":\"Connecteur SMS Blendr.io - AllMySMS: Envoi SMS Pro, envoyer campagne SMS, marketing mobile\",\"isPartOf\":{\"@id\":\"https:\\\/\\\/www.allmysms.com\\\/es\\\/#website\"},\"primaryImageOfPage\":{\"@id\":\"https:\\\/\\\/www.allmysms.com\\\/es\\\/connecteur-sms-blendr-io\\\/#primaryimage\"},\"image\":{\"@id\":\"https:\\\/\\\/www.allmysms.com\\\/es\\\/connecteur-sms-blendr-io\\\/#primaryimage\"},\"thumbnailUrl\":\"https:\\\/\\\/crowdytheme.com\\\/wp\\\/sassly\\\/ai-seo\\\/wp-content\\\/uploads\\\/sites\\\/13\\\/2024\\\/06\\\/icon-app-1.webp\",\"datePublished\":\"2025-05-28T21:59:50+00:00\",\"dateModified\":\"2025-08-12T12:02:49+00:00\",\"description\":\"Connectez sans comp\u00e9tence vos applications \u00e0 notre plateforme d'envoi de SMS, gr\u00e2ce au connecteur SMS Blendr.io.\",\"breadcrumb\":{\"@id\":\"https:\\\/\\\/www.allmysms.com\\\/es\\\/connecteur-sms-blendr-io\\\/#breadcrumb\"},\"inLanguage\":\"es\",\"potentialAction\":[{\"@type\":\"ReadAction\",\"target\":[\"https:\\\/\\\/www.allmysms.com\\\/es\\\/connecteur-sms-blendr-io\\\/\"]}]},{\"@type\":\"ImageObject\",\"inLanguage\":\"es\",\"@id\":\"https:\\\/\\\/www.allmysms.com\\\/es\\\/connecteur-sms-blendr-io\\\/#primaryimage\",\"url\":\"https:\\\/\\\/crowdytheme.com\\\/wp\\\/sassly\\\/ai-seo\\\/wp-content\\\/uploads\\\/sites\\\/13\\\/2024\\\/06\\\/icon-app-1.webp\",\"contentUrl\":\"https:\\\/\\\/crowdytheme.com\\\/wp\\\/sassly\\\/ai-seo\\\/wp-content\\\/uploads\\\/sites\\\/13\\\/2024\\\/06\\\/icon-app-1.webp\"},{\"@type\":\"BreadcrumbList\",\"@id\":\"https:\\\/\\\/www.allmysms.com\\\/es\\\/connecteur-sms-blendr-io\\\/#breadcrumb\",\"itemListElement\":[{\"@type\":\"ListItem\",\"position\":1,\"name\":\"Home\",\"item\":\"https:\\\/\\\/www.allmysms.com\\\/es\\\/\"},{\"@type\":\"ListItem\",\"position\":2,\"name\":\"Connecteur SMS Blendr.io\"}]},{\"@type\":\"WebSite\",\"@id\":\"https:\\\/\\\/www.allmysms.com\\\/es\\\/#website\",\"url\":\"https:\\\/\\\/www.allmysms.com\\\/es\\\/\",\"name\":\"AllMySMS: Envoi SMS Pro, envoyer campagne SMS, marketing mobile\",\"description\":\"Envoi de SMS Pro AllMySMS - Solution SMS Marketing\",\"potentialAction\":[{\"@type\":\"SearchAction\",\"target\":{\"@type\":\"EntryPoint\",\"urlTemplate\":\"https:\\\/\\\/www.allmysms.com\\\/es\\\/?s={search_term_string}\"},\"query-input\":{\"@type\":\"PropertyValueSpecification\",\"valueRequired\":true,\"valueName\":\"search_term_string\"}}],\"inLanguage\":\"es\"}]}<\/script>\n<!-- \/ Yoast SEO plugin. -->","yoast_head_json":{"title":"Connecteur SMS Blendr.io - AllMySMS: Envoi SMS Pro, envoyer campagne SMS, marketing mobile","description":"Connectez sans comp\u00e9tence vos applications \u00e0 notre plateforme d'envoi de SMS, gr\u00e2ce au connecteur SMS Blendr.io.","robots":{"index":"index","follow":"follow","max-snippet":"max-snippet:-1","max-image-preview":"max-image-preview:large","max-video-preview":"max-video-preview:-1"},"canonical":"https:\/\/www.allmysms.com\/es\/connecteur-sms-blendr-io\/","og_locale":"es_ES","og_type":"article","og_title":"Connecteur SMS Blendr.io - AllMySMS: Envoi SMS Pro, envoyer campagne SMS, marketing mobile","og_description":"Connectez sans comp\u00e9tence vos applications \u00e0 notre plateforme d'envoi de SMS, gr\u00e2ce au connecteur SMS Blendr.io.","og_url":"https:\/\/www.allmysms.com\/es\/connecteur-sms-blendr-io\/","og_site_name":"AllMySMS: Envoi SMS Pro, envoyer campagne SMS, marketing mobile","article_publisher":"https:\/\/www.facebook.com\/allmysms","article_modified_time":"2025-08-12T12:02:49+00:00","og_image":[{"url":"https:\/\/crowdytheme.com\/wp\/sassly\/ai-seo\/wp-content\/uploads\/sites\/13\/2024\/06\/icon-app-1.webp","type":"","width":"","height":""}],"twitter_card":"summary_large_image","twitter_site":"@allmysms","twitter_misc":{"Est. reading time":"3 minutos"},"schema":{"@context":"https:\/\/schema.org","@graph":[{"@type":"WebPage","@id":"https:\/\/www.allmysms.com\/es\/connecteur-sms-blendr-io\/","url":"https:\/\/www.allmysms.com\/es\/connecteur-sms-blendr-io\/","name":"Connecteur SMS Blendr.io - AllMySMS: Envoi SMS Pro, envoyer campagne SMS, marketing mobile","isPartOf":{"@id":"https:\/\/www.allmysms.com\/es\/#website"},"primaryImageOfPage":{"@id":"https:\/\/www.allmysms.com\/es\/connecteur-sms-blendr-io\/#primaryimage"},"image":{"@id":"https:\/\/www.allmysms.com\/es\/connecteur-sms-blendr-io\/#primaryimage"},"thumbnailUrl":"https:\/\/crowdytheme.com\/wp\/sassly\/ai-seo\/wp-content\/uploads\/sites\/13\/2024\/06\/icon-app-1.webp","datePublished":"2025-05-28T21:59:50+00:00","dateModified":"2025-08-12T12:02:49+00:00","description":"Connectez sans comp\u00e9tence vos applications \u00e0 notre plateforme d'envoi de SMS, gr\u00e2ce au connecteur SMS Blendr.io.","breadcrumb":{"@id":"https:\/\/www.allmysms.com\/es\/connecteur-sms-blendr-io\/#breadcrumb"},"inLanguage":"es","potentialAction":[{"@type":"ReadAction","target":["https:\/\/www.allmysms.com\/es\/connecteur-sms-blendr-io\/"]}]},{"@type":"ImageObject","inLanguage":"es","@id":"https:\/\/www.allmysms.com\/es\/connecteur-sms-blendr-io\/#primaryimage","url":"https:\/\/crowdytheme.com\/wp\/sassly\/ai-seo\/wp-content\/uploads\/sites\/13\/2024\/06\/icon-app-1.webp","contentUrl":"https:\/\/crowdytheme.com\/wp\/sassly\/ai-seo\/wp-content\/uploads\/sites\/13\/2024\/06\/icon-app-1.webp"},{"@type":"BreadcrumbList","@id":"https:\/\/www.allmysms.com\/es\/connecteur-sms-blendr-io\/#breadcrumb","itemListElement":[{"@type":"ListItem","position":1,"name":"Home","item":"https:\/\/www.allmysms.com\/es\/"},{"@type":"ListItem","position":2,"name":"Connecteur SMS Blendr.io"}]},{"@type":"WebSite","@id":"https:\/\/www.allmysms.com\/es\/#website","url":"https:\/\/www.allmysms.com\/es\/","name":"AllMySMS: Envoi SMS Pro, envoyer campagne SMS, marketing mobile","description":"Envoi de SMS Pro AllMySMS - Solution SMS Marketing","potentialAction":[{"@type":"SearchAction","target":{"@type":"EntryPoint","urlTemplate":"https:\/\/www.allmysms.com\/es\/?s={search_term_string}"},"query-input":{"@type":"PropertyValueSpecification","valueRequired":true,"valueName":"search_term_string"}}],"inLanguage":"es"}]}},"_links":{"self":[{"href":"https:\/\/www.allmysms.com\/es\/wp-json\/wp\/v2\/pages\/26067","targetHints":{"allow":["GET"]}}],"collection":[{"href":"https:\/\/www.allmysms.com\/es\/wp-json\/wp\/v2\/pages"}],"about":[{"href":"https:\/\/www.allmysms.com\/es\/wp-json\/wp\/v2\/types\/page"}],"author":[{"embeddable":true,"href":"https:\/\/www.allmysms.com\/es\/wp-json\/wp\/v2\/users\/13"}],"replies":[{"embeddable":true,"href":"https:\/\/www.allmysms.com\/es\/wp-json\/wp\/v2\/comments?post=26067"}],"version-history":[{"count":0,"href":"https:\/\/www.allmysms.com\/es\/wp-json\/wp\/v2\/pages\/26067\/revisions"}],"wp:attachment":[{"href":"https:\/\/www.allmysms.com\/es\/wp-json\/wp\/v2\/media?parent=26067"}],"curies":[{"name":"wp","href":"https:\/\/api.w.org\/{rel}","templated":true}]}}