{"id":26172,"date":"2024-05-27T08:53:57","date_gmt":"2024-05-27T08:53:57","guid":{"rendered":"https:\/\/www.allmysms.com\/contactez-nous\/"},"modified":"2025-07-06T19:46:46","modified_gmt":"2025-07-06T19:46:46","slug":"contactez-nous-es","status":"publish","type":"page","link":"https:\/\/www.allmysms.com\/es\/contactez-nous-es\/","title":{"rendered":"Contacto"},"content":{"rendered":"\t\t<div data-elementor-type=\"wp-page\" data-elementor-id=\"26172\" class=\"elementor elementor-26172 elementor-15154\">\n\t\t\t\t<div class=\"elementor-element elementor-element-6cf8f30 elementor-hidden-widescreen elementor-hidden-desktop elementor-hidden-laptop elementor-hidden-tablet_extra elementor-hidden-tablet elementor-hidden-mobile_extra elementor-hidden-mobile e-flex e-con-boxed e-con e-parent\" data-id=\"6cf8f30\" data-element_type=\"container\" data-settings=\"{&quot;background_background&quot;:&quot;classic&quot;,&quot;wcf_enable_cursor_hover_effect_text&quot;:&quot;View&quot;}\">\n\t\t\t\t\t<div class=\"e-con-inner\">\n\t\t<div class=\"elementor-element elementor-element-00827bb e-con-full e-flex e-con e-child\" data-id=\"00827bb\" data-element_type=\"container\" data-settings=\"{&quot;wcf_enable_cursor_hover_effect_text&quot;:&quot;View&quot;}\">\n\t\t\t\t<div class=\"elementor-element elementor-element-cf5fcc2 elementor-widget__width-initial elementor-widget-mobile__width-inherit elementor-widget elementor-widget-wcf--title\" data-id=\"cf5fcc2\" data-element_type=\"widget\" data-widget_type=\"wcf--title.default\">\n\t\t\t\t<div class=\"elementor-widget-container\">\n\t\t\t\t\t<h2 class=\"wcf--title\">Let\u2019s get in touch<\/h2>\t\t\t\t<\/div>\n\t\t\t\t<\/div>\n\t\t\t\t<div class=\"elementor-element elementor-element-558f305 elementor-widget-tablet_extra__width-initial elementor-widget-mobile__width-inherit elementor-hidden-mobile elementor-widget elementor-widget-wcf--image\" data-id=\"558f305\" data-element_type=\"widget\" data-widget_type=\"wcf--image.default\">\n\t\t\t\t<div class=\"elementor-widget-container\">\n\t\t\t\t\t        <div class=\"wcf--image\">\r\n\t\t\t\t\t\t\t<img decoding=\"async\" width=\"331\" height=\"42\" src=\"https:\/\/www.allmysms.com\/wp-content\/uploads\/2024\/05\/long-arrow.webp?wsr\" class=\"attachment-full size-full wp-image-15355\" alt=\"\" srcset=\"https:\/\/www.allmysms.com\/wp-content\/uploads\/2024\/05\/long-arrow.webp 331w, https:\/\/www.allmysms.com\/wp-content\/uploads\/2024\/05\/long-arrow-300x38.webp 300w\" sizes=\"(max-width: 331px) 100vw, 331px\" \/>\t\t\t\t        <\/div>\r\n\t\t\t\t\t\t<\/div>\n\t\t\t\t<\/div>\n\t\t\t\t<div class=\"elementor-element elementor-element-6010553 elementor-widget__width-initial elementor-widget-mobile__width-inherit elementor-widget elementor-widget-wcf--text\" data-id=\"6010553\" data-element_type=\"widget\" data-widget_type=\"wcf--text.default\">\n\t\t\t\t<div class=\"elementor-widget-container\">\n\t\t\t\t\t<div class=\"wcf--text\">Everything you need to dominate app service fortified the industry\u2019s #1 rated our customer support.<\/div>\t\t\t\t<\/div>\n\t\t\t\t<\/div>\n\t\t\t\t<\/div>\n\t\t\t\t\t<\/div>\n\t\t\t\t<\/div>\n\t\t<div class=\"elementor-element elementor-element-ed054a2 e-flex e-con-boxed e-con e-parent\" data-id=\"ed054a2\" data-element_type=\"container\" data-settings=\"{&quot;wcf_enable_cursor_hover_effect_text&quot;:&quot;View&quot;}\">\n\t\t\t\t\t<div class=\"e-con-inner\">\n\t\t<div class=\"elementor-element elementor-element-f6dbe2a e-con-full e-flex e-con e-child\" data-id=\"f6dbe2a\" data-element_type=\"container\" data-settings=\"{&quot;wcf_enable_cursor_hover_effect_text&quot;:&quot;View&quot;}\">\n\t\t\t\t<div class=\"elementor-element elementor-element-c52b99b elementor-widget__width-inherit elementor-widget-mobile__width-inherit elementor-widget elementor-widget-wcf--title\" data-id=\"c52b99b\" data-element_type=\"widget\" data-widget_type=\"wcf--title.default\">\n\t\t\t\t<div class=\"elementor-widget-container\">\n\t\t\t\t\t<h2 class=\"wcf--title\">Optimice sus mensajes SMS\ny atraiga la atenci\u00f3n\nen el momento adecuado<\/h2>\t\t\t\t<\/div>\n\t\t\t\t<\/div>\n\t\t\t\t<\/div>\n\t\t<div class=\"elementor-element elementor-element-ea0a63b e-con-full e-flex e-con e-child\" data-id=\"ea0a63b\" data-element_type=\"container\" data-settings=\"{&quot;wcf_enable_cursor_hover_effect_text&quot;:&quot;View&quot;}\">\n\t\t\t\t<div class=\"elementor-element elementor-element-1c42cc0 elementor-widget elementor-widget-wcf--title\" data-id=\"1c42cc0\" data-element_type=\"widget\" data-widget_type=\"wcf--title.default\">\n\t\t\t\t<div class=\"elementor-widget-container\">\n\t\t\t\t\t<h3 class=\"wcf--title\">P\u00f3ngase en contacto:<\/h3>\t\t\t\t<\/div>\n\t\t\t\t<\/div>\n\t\t\t\t<div class=\"elementor-element elementor-element-322fc70 icon-position-after elementor-widget elementor-widget-wcf--contact-form-7\" data-id=\"322fc70\" data-element_type=\"widget\" data-widget_type=\"wcf--contact-form-7.default\">\n\t\t\t\t<div class=\"elementor-widget-container\">\n\t\t\t\t\t        <style>\r\n            .wcf--form-wrapper form label {\r\n                display: block;\r\n            }\r\n        <\/style>\r\n        <div class=\"wcf--form-wrapper\" btn-hover=\"btn-hover-cross\" >\r\n\t\t\t\n<div class=\"wpcf7 no-js\" id=\"wpcf7-f26727-o1\" lang=\"es-ES\" dir=\"ltr\" data-wpcf7-id=\"26727\">\n<div class=\"screen-reader-response\"><p role=\"status\" aria-live=\"polite\" aria-atomic=\"true\"><\/p> <ul><\/ul><\/div>\n<form action=\"\/es\/wp-json\/wp\/v2\/pages\/26172#wpcf7-f26727-o1\" method=\"post\" class=\"wpcf7-form init\" aria-label=\"Contact form\" novalidate=\"novalidate\" data-status=\"init\">\n<fieldset class=\"hidden-fields-container\"><input type=\"hidden\" name=\"_wpcf7\" value=\"26727\" \/><input type=\"hidden\" name=\"_wpcf7_version\" value=\"6.1\" \/><input type=\"hidden\" name=\"_wpcf7_locale\" value=\"es_ES\" \/><input type=\"hidden\" name=\"_wpcf7_unit_tag\" value=\"wpcf7-f26727-o1\" \/><input type=\"hidden\" name=\"_wpcf7_container_post\" value=\"0\" \/><input type=\"hidden\" name=\"_wpcf7_posted_data_hash\" value=\"\" \/><input type=\"hidden\" name=\"_wpcf7_recaptcha_response\" value=\"\" \/>\n<\/fieldset>\n<div class=\"row\">\n\t<div class=\"col-lg-12\">\n\t\t<p><span class=\"wpcf7-form-control-wrap\" data-name=\"name\"><input size=\"40\" maxlength=\"400\" class=\"wpcf7-form-control wpcf7-text wpcf7-validates-as-required\" aria-required=\"true\" aria-invalid=\"false\" placeholder=\"Ingrese su nombre\" value=\"\" type=\"text\" name=\"name\" \/><\/span>\n\t\t<\/p>\n\t<\/div>\n\t<div class=\"col-lg-12\">\n\t\t<p><span class=\"wpcf7-form-control-wrap\" data-name=\"email\"><input size=\"40\" maxlength=\"400\" class=\"wpcf7-form-control wpcf7-email wpcf7-validates-as-required wpcf7-text wpcf7-validates-as-email\" aria-required=\"true\" aria-invalid=\"false\" placeholder=\"Ingrese su correo electr\u00f3nico\" value=\"\" type=\"email\" name=\"email\" \/><\/span>\n\t\t<\/p>\n\t<\/div>\n\t<div class=\"col-lg-12\">\n\t\t<p><span class=\"wpcf7-form-control-wrap\" data-name=\"phone\"><input size=\"40\" maxlength=\"400\" class=\"wpcf7-form-control wpcf7-tel wpcf7-validates-as-required wpcf7-text wpcf7-validates-as-tel\" aria-required=\"true\" aria-invalid=\"false\" placeholder=\"N\u00famero de tel\u00e9fono\" value=\"\" type=\"tel\" name=\"phone\" \/><\/span>\n\t\t<\/p>\n\t<\/div>\n\t<div class=\"col-lg-12\">\n\t\t<p><span class=\"wpcf7-form-control-wrap\" data-name=\"demande-objet\"><select class=\"wpcf7-form-control wpcf7-select wpcf7-validates-as-required\" aria-required=\"true\" aria-invalid=\"false\" name=\"demande-objet\"><option value=\"Informaci\u00f3n comercial\">Informaci\u00f3n comercial<\/option><option value=\"Soporte t\u00e9cnico\">Soporte t\u00e9cnico<\/option><option value=\"Contabilidad y Facturaci\u00f3n\">Contabilidad y Facturaci\u00f3n<\/option><option value=\"Otro\">Otro<\/option><\/select><\/span>\n\t\t<\/p>\n\t<\/div>\n\t<div class=\"col-lg-12\">\n\t\t<p><span class=\"wpcf7-form-control-wrap\" data-name=\"message\"><textarea cols=\"40\" rows=\"10\" maxlength=\"2000\" class=\"wpcf7-form-control wpcf7-textarea wpcf7-validates-as-required\" aria-required=\"true\" aria-invalid=\"false\" placeholder=\"Describa su necesidad...\" name=\"message\"><\/textarea><\/span>\n\t\t<\/p>\n\t<\/div>\n\t<div class=\"\">\n\t\t<p><input class=\"wpcf7-form-control wpcf7-submit has-spinner\" type=\"submit\" value=\"Enviar\" \/>\n\t\t<\/p>\n\t<\/div>\n<\/div><div class=\"wpcf7-response-output\" aria-hidden=\"true\"><\/div>\n<\/form>\n<\/div>\n            <div class=\"btn-icon elementor-screen-only\">\r\n\t\t\t\t            <\/div>\r\n        <\/div>\r\n\r\n\t\t\t\t\t\t<\/div>\n\t\t\t\t<\/div>\n\t\t\t\t<\/div>\n\t\t\t\t\t<\/div>\n\t\t\t\t<\/div>\n\t\t<div class=\"elementor-element elementor-element-a1d9a78 e-flex e-con-boxed e-con e-parent\" data-id=\"a1d9a78\" data-element_type=\"container\" data-settings=\"{&quot;wcf_enable_cursor_hover_effect_text&quot;:&quot;View&quot;}\">\n\t\t\t\t\t<div class=\"e-con-inner\">\n\t\t<div class=\"elementor-element elementor-element-e6d304f e-con-full e-flex e-con e-child\" data-id=\"e6d304f\" data-element_type=\"container\" data-settings=\"{&quot;wcf_enable_cursor_hover_effect_text&quot;:&quot;View&quot;}\">\n\t\t\t\t<div class=\"elementor-element elementor-element-dfa3a27 elementor-widget elementor-widget-google_maps\" data-id=\"dfa3a27\" data-element_type=\"widget\" data-widget_type=\"google_maps.default\">\n\t\t\t\t<div class=\"elementor-widget-container\">\n\t\t\t\t\t\t\t<div class=\"elementor-custom-embed\">\n\t\t\t<iframe loading=\"lazy\"\n\t\t\t\t\tsrc=\"https:\/\/maps.google.com\/maps?q=AllMySMS&#038;t=m&#038;z=12&#038;output=embed&#038;iwloc=near\"\n\t\t\t\t\ttitle=\"AllMySMS\"\n\t\t\t\t\taria-label=\"AllMySMS\"\n\t\t\t><\/iframe>\n\t\t<\/div>\n\t\t\t\t\t\t<\/div>\n\t\t\t\t<\/div>\n\t\t\t\t<\/div>\n\t\t\t\t\t<\/div>\n\t\t\t\t<\/div>\n\t\t\t\t<\/div>\n\t\t","protected":false},"excerpt":{"rendered":"<p>Let\u2019s get in touch Everything you need to dominate app service fortified the industry\u2019s #1 rated our customer support. Optimice sus mensajes SMS y atraiga la atenci\u00f3n en el momento adecuado P\u00f3ngase en contacto: Informaci\u00f3n comercialSoporte t\u00e9cnicoContabilidad y Facturaci\u00f3nOtro<\/p>\n","protected":false},"author":13,"featured_media":0,"parent":0,"menu_order":0,"comment_status":"closed","ping_status":"closed","template":"elementor_header_footer","meta":{"_acf_changed":false,"inline_featured_image":false,"footnotes":""},"class_list":["post-26172","page","type-page","status-publish","hentry"],"acf":[],"yoast_head":"<!-- This site is optimized with the Yoast SEO plugin v27.3 - https:\/\/yoast.com\/product\/yoast-seo-wordpress\/ -->\n<title>Contacto - AllMySMS: Envoi SMS Pro, envoyer campagne SMS, marketing mobile<\/title>\n<meta name=\"robots\" content=\"index, follow, max-snippet:-1, max-image-preview:large, max-video-preview:-1\" \/>\n<link rel=\"canonical\" href=\"https:\/\/www.allmysms.com\/es\/contactez-nous-es\/\" \/>\n<meta property=\"og:locale\" content=\"es_ES\" \/>\n<meta property=\"og:type\" content=\"article\" \/>\n<meta property=\"og:title\" content=\"Contacto - AllMySMS: Envoi SMS Pro, envoyer campagne SMS, marketing mobile\" \/>\n<meta property=\"og:description\" content=\"Let\u2019s get in touch Everything you need to dominate app service fortified the industry\u2019s #1 rated our customer support. Optimice sus mensajes SMS y atraiga la atenci\u00f3n en el momento adecuado P\u00f3ngase en contacto: Informaci\u00f3n comercialSoporte t\u00e9cnicoContabilidad y Facturaci\u00f3nOtro\" \/>\n<meta property=\"og:url\" content=\"https:\/\/www.allmysms.com\/es\/contactez-nous-es\/\" \/>\n<meta property=\"og:site_name\" content=\"AllMySMS: Envoi SMS Pro, envoyer campagne SMS, marketing mobile\" \/>\n<meta property=\"article:publisher\" content=\"https:\/\/www.facebook.com\/allmysms\" \/>\n<meta property=\"article:modified_time\" content=\"2025-07-06T19:46:46+00:00\" \/>\n<meta property=\"og:image\" content=\"https:\/\/www.allmysms.com\/wp-content\/uploads\/2024\/05\/long-arrow.webp\" \/>\n<meta name=\"twitter:card\" content=\"summary_large_image\" \/>\n<meta name=\"twitter:site\" content=\"@allmysms\" \/>\n<meta name=\"twitter:label1\" content=\"Est. reading time\" \/>\n\t<meta name=\"twitter:data1\" content=\"1 minuto\" \/>\n<script type=\"application\/ld+json\" class=\"yoast-schema-graph\">{\"@context\":\"https:\\\/\\\/schema.org\",\"@graph\":[{\"@type\":\"WebPage\",\"@id\":\"https:\\\/\\\/www.allmysms.com\\\/es\\\/contactez-nous-es\\\/\",\"url\":\"https:\\\/\\\/www.allmysms.com\\\/es\\\/contactez-nous-es\\\/\",\"name\":\"Contacto - AllMySMS: Envoi SMS Pro, envoyer campagne SMS, marketing mobile\",\"isPartOf\":{\"@id\":\"https:\\\/\\\/www.allmysms.com\\\/es\\\/#website\"},\"primaryImageOfPage\":{\"@id\":\"https:\\\/\\\/www.allmysms.com\\\/es\\\/contactez-nous-es\\\/#primaryimage\"},\"image\":{\"@id\":\"https:\\\/\\\/www.allmysms.com\\\/es\\\/contactez-nous-es\\\/#primaryimage\"},\"thumbnailUrl\":\"https:\\\/\\\/www.allmysms.com\\\/wp-content\\\/uploads\\\/2024\\\/05\\\/long-arrow.webp\",\"datePublished\":\"2024-05-27T08:53:57+00:00\",\"dateModified\":\"2025-07-06T19:46:46+00:00\",\"breadcrumb\":{\"@id\":\"https:\\\/\\\/www.allmysms.com\\\/es\\\/contactez-nous-es\\\/#breadcrumb\"},\"inLanguage\":\"es\",\"potentialAction\":[{\"@type\":\"ReadAction\",\"target\":[\"https:\\\/\\\/www.allmysms.com\\\/es\\\/contactez-nous-es\\\/\"]}]},{\"@type\":\"ImageObject\",\"inLanguage\":\"es\",\"@id\":\"https:\\\/\\\/www.allmysms.com\\\/es\\\/contactez-nous-es\\\/#primaryimage\",\"url\":\"https:\\\/\\\/www.allmysms.com\\\/wp-content\\\/uploads\\\/2024\\\/05\\\/long-arrow.webp\",\"contentUrl\":\"https:\\\/\\\/www.allmysms.com\\\/wp-content\\\/uploads\\\/2024\\\/05\\\/long-arrow.webp\"},{\"@type\":\"BreadcrumbList\",\"@id\":\"https:\\\/\\\/www.allmysms.com\\\/es\\\/contactez-nous-es\\\/#breadcrumb\",\"itemListElement\":[{\"@type\":\"ListItem\",\"position\":1,\"name\":\"Home\",\"item\":\"https:\\\/\\\/www.allmysms.com\\\/es\\\/\"},{\"@type\":\"ListItem\",\"position\":2,\"name\":\"Contacto\"}]},{\"@type\":\"WebSite\",\"@id\":\"https:\\\/\\\/www.allmysms.com\\\/es\\\/#website\",\"url\":\"https:\\\/\\\/www.allmysms.com\\\/es\\\/\",\"name\":\"AllMySMS: Envoi SMS Pro, envoyer campagne SMS, marketing mobile\",\"description\":\"Envoi de SMS Pro AllMySMS - Solution SMS Marketing\",\"potentialAction\":[{\"@type\":\"SearchAction\",\"target\":{\"@type\":\"EntryPoint\",\"urlTemplate\":\"https:\\\/\\\/www.allmysms.com\\\/es\\\/?s={search_term_string}\"},\"query-input\":{\"@type\":\"PropertyValueSpecification\",\"valueRequired\":true,\"valueName\":\"search_term_string\"}}],\"inLanguage\":\"es\"}]}<\/script>\n<!-- \/ Yoast SEO plugin. -->","yoast_head_json":{"title":"Contacto - AllMySMS: Envoi SMS Pro, envoyer campagne SMS, marketing mobile","robots":{"index":"index","follow":"follow","max-snippet":"max-snippet:-1","max-image-preview":"max-image-preview:large","max-video-preview":"max-video-preview:-1"},"canonical":"https:\/\/www.allmysms.com\/es\/contactez-nous-es\/","og_locale":"es_ES","og_type":"article","og_title":"Contacto - AllMySMS: Envoi SMS Pro, envoyer campagne SMS, marketing mobile","og_description":"Let\u2019s get in touch Everything you need to dominate app service fortified the industry\u2019s #1 rated our customer support. Optimice sus mensajes SMS y atraiga la atenci\u00f3n en el momento adecuado P\u00f3ngase en contacto: Informaci\u00f3n comercialSoporte t\u00e9cnicoContabilidad y Facturaci\u00f3nOtro","og_url":"https:\/\/www.allmysms.com\/es\/contactez-nous-es\/","og_site_name":"AllMySMS: Envoi SMS Pro, envoyer campagne SMS, marketing mobile","article_publisher":"https:\/\/www.facebook.com\/allmysms","article_modified_time":"2025-07-06T19:46:46+00:00","og_image":[{"url":"https:\/\/www.allmysms.com\/wp-content\/uploads\/2024\/05\/long-arrow.webp","type":"","width":"","height":""}],"twitter_card":"summary_large_image","twitter_site":"@allmysms","twitter_misc":{"Est. reading time":"1 minuto"},"schema":{"@context":"https:\/\/schema.org","@graph":[{"@type":"WebPage","@id":"https:\/\/www.allmysms.com\/es\/contactez-nous-es\/","url":"https:\/\/www.allmysms.com\/es\/contactez-nous-es\/","name":"Contacto - AllMySMS: Envoi SMS Pro, envoyer campagne SMS, marketing mobile","isPartOf":{"@id":"https:\/\/www.allmysms.com\/es\/#website"},"primaryImageOfPage":{"@id":"https:\/\/www.allmysms.com\/es\/contactez-nous-es\/#primaryimage"},"image":{"@id":"https:\/\/www.allmysms.com\/es\/contactez-nous-es\/#primaryimage"},"thumbnailUrl":"https:\/\/www.allmysms.com\/wp-content\/uploads\/2024\/05\/long-arrow.webp","datePublished":"2024-05-27T08:53:57+00:00","dateModified":"2025-07-06T19:46:46+00:00","breadcrumb":{"@id":"https:\/\/www.allmysms.com\/es\/contactez-nous-es\/#breadcrumb"},"inLanguage":"es","potentialAction":[{"@type":"ReadAction","target":["https:\/\/www.allmysms.com\/es\/contactez-nous-es\/"]}]},{"@type":"ImageObject","inLanguage":"es","@id":"https:\/\/www.allmysms.com\/es\/contactez-nous-es\/#primaryimage","url":"https:\/\/www.allmysms.com\/wp-content\/uploads\/2024\/05\/long-arrow.webp","contentUrl":"https:\/\/www.allmysms.com\/wp-content\/uploads\/2024\/05\/long-arrow.webp"},{"@type":"BreadcrumbList","@id":"https:\/\/www.allmysms.com\/es\/contactez-nous-es\/#breadcrumb","itemListElement":[{"@type":"ListItem","position":1,"name":"Home","item":"https:\/\/www.allmysms.com\/es\/"},{"@type":"ListItem","position":2,"name":"Contacto"}]},{"@type":"WebSite","@id":"https:\/\/www.allmysms.com\/es\/#website","url":"https:\/\/www.allmysms.com\/es\/","name":"AllMySMS: Envoi SMS Pro, envoyer campagne SMS, marketing mobile","description":"Envoi de SMS Pro AllMySMS - Solution SMS Marketing","potentialAction":[{"@type":"SearchAction","target":{"@type":"EntryPoint","urlTemplate":"https:\/\/www.allmysms.com\/es\/?s={search_term_string}"},"query-input":{"@type":"PropertyValueSpecification","valueRequired":true,"valueName":"search_term_string"}}],"inLanguage":"es"}]}},"_links":{"self":[{"href":"https:\/\/www.allmysms.com\/es\/wp-json\/wp\/v2\/pages\/26172","targetHints":{"allow":["GET"]}}],"collection":[{"href":"https:\/\/www.allmysms.com\/es\/wp-json\/wp\/v2\/pages"}],"about":[{"href":"https:\/\/www.allmysms.com\/es\/wp-json\/wp\/v2\/types\/page"}],"author":[{"embeddable":true,"href":"https:\/\/www.allmysms.com\/es\/wp-json\/wp\/v2\/users\/13"}],"replies":[{"embeddable":true,"href":"https:\/\/www.allmysms.com\/es\/wp-json\/wp\/v2\/comments?post=26172"}],"version-history":[{"count":0,"href":"https:\/\/www.allmysms.com\/es\/wp-json\/wp\/v2\/pages\/26172\/revisions"}],"wp:attachment":[{"href":"https:\/\/www.allmysms.com\/es\/wp-json\/wp\/v2\/media?parent=26172"}],"curies":[{"name":"wp","href":"https:\/\/api.w.org\/{rel}","templated":true}]}}