{"id":26180,"date":"2017-09-20T10:50:16","date_gmt":"2017-09-20T08:50:16","guid":{"rendered":"https:\/\/www.allmysms.com\/essayez-la-reference-des-plateformes-professionnelles-d-envoi-de-sms\/"},"modified":"2017-09-20T10:50:16","modified_gmt":"2017-09-20T08:50:16","slug":"essayez-la-reference-des-plateformes-professionnelles-d-envoi-de-sms","status":"publish","type":"page","link":"https:\/\/www.allmysms.com\/es\/essayez-la-reference-des-plateformes-professionnelles-d-envoi-de-sms\/","title":{"rendered":"Essayez la r\u00e9f\u00e9rence des plateformes professionnelles d&#8217;envoi de SMS"},"content":{"rendered":"<section class=\"section  swatch-gray \" style=\"min-height: 60vh;\" id=\"bgbg\">\n<style>\n#bgbg {\t\n    padding-top: 0px;\n    background-image: url('\/\/manager.www.allmysms.com\/img\/bgHalloween2.png');\n    background-size: cover;\n    height: 70vh;\n    background-repeat: no-repeat;\n    background-position: center;\t\n}\n::-webkit-input-placeholder { \/* WebKit, Blink, Edge *\/\n    color:    #333 !important;\n    font-family: \"Open Sans\";\n    font-style: normal !important;\n}\n:-moz-placeholder { \/* Mozilla Firefox 4 to 18 *\/\n   color:    #333 !important;\n   opacity:  1;\n   font-family: \"Open Sans\";\n}\n::-moz-placeholder { \/* Mozilla Firefox 19+ *\/\n   color:    #333 !important;\n   opacity:  1;\n   font-family: \"Open Sans\";\n}\n:-ms-input-placeholder { \/* Internet Explorer 10-11 *\/\n   color:    #333 !important;\n   font-family: \"Open Sans\";\n    font-style: normal !important;\n}\n#top-bar {\npadding-top: 3px !important;\n}\n@media (max-width: 767px) {\nbody{padding:0}\n.container{padding:0 0px !important}\n.section{padding:40px 0}\n}\n#subscribe {\n    padding: 0px!important;\n}\n@media only screen and (min-device-width : 320px) and (max-device-width : 480px) {\n\t.wpcf7 {float: left;}\n\t.box-round { display: none !important; }\n}\n<\/style>\n<div id=\"subscribe\" style=\" padding-top: 2em;\">\n<div class=\"wpcf7\" id=\"wpcf7-f2222-o1\" dir=\"ltr\" style=\"z-index: 999;position: relative;\">\n<div class=\"screen-reader-response\"><\/div>\n<form id=\"sub\" method=\"post\">\n<div style=\"display: none;\">\n\t\t\t\t\t\t\t\t<input type=\"hidden\" name=\"_wpcf7\" value=\"2222\"> <input\n\t\t\t\t\t\t\t\t\ttype=\"hidden\" name=\"_wpcf7_version\" value=\"3.9\"> <input\n\t\t\t\t\t\t\t\t\ttype=\"hidden\" name=\"_wpcf7_locale\" value=\"\"> <input\n\t\t\t\t\t\t\t\t\ttype=\"hidden\" name=\"_wpcf7_unit_tag\" value=\"wpcf7-f2222-o2\"> <input\n\t\t\t\t\t\t\t\t\ttype=\"hidden\" name=\"_wpnonce\" value=\"0b58747d19\">\n\t\t\t\t\t\t\t<\/div>\n<div class=\"container\" style='text-align: center;'>\n<div class=\"span6\" style=\"margin-left: 0px; text-align:center;padding-left: 10px; padding-right: 10px; color:#4D4D4D\">\n<img decoding=\"async\" src=\"\/wp-content\/uploads\/logoAllmysms.png\" class=\"attachment-full size-full\" alt=\"envoi sms pro\"><\/p>\n<p style=\"font-weight: 700;padding: 5px;text-align: left;\">\n\t\t\t\t\t\t\t\t\t\t<font style=\"color:#F9B929; font-size: 1.5em;\/* line-height: 50px; *\/\">La <b>r\u00e9f\u00e9rence<\/b> dans l&#8217;envoi de <b>SMS professionnels<\/b><\/font>\n\t\t\t\t\t\t\t\t\t<\/p>\n<p style=\"text-align:left\">\nR\u00e9ussissez vos <b>campagnes SMS<\/b> gr\u00e2ce \u00e0 un outil <b>simple et complet<\/b>, aux tarifs les plus bas du march\u00e9.\n<\/p>\n<div class=\"span3 pricing-col swatch-lightgray\" style=\"float: initial;margin: 0 auto;padding-bottom: 0px;\">\n<h4 class=\"pricing-price\" style=\"font-weight: initial;padding: 5px !important;\">0,045 \u20ac HT\/SMS<\/h4>\n<p> d\u00e8s le premier SMS<\/div>\n<p><i class=\"icon-chevron-down\" style=\"color:#F9B61F\"><\/i><br \/>\n<img decoding=\"async\" alt=\"manager allmysms preview\" src=\"\/\/manager.www.allmysms.com\/img\/macbookprolancezvous.png\" ><\/p>\n<p style=\"text-align:left;\">\nUne <b>\u00e9quipe dynamique<\/b> \u00e0 votre <b>\u00e9coute<\/b> pour vous conseiller.\n<\/p>\n<div class=\"row-fluid\" style=\"\">\n<div>\n<!-- TrustBox script --><script type=\"text\/javascript\" src=\"\/\/widget.trustpilot.com\/bootstrap\/v5\/tp.widget.bootstrap.min.js\" async><\/script><!-- End Trustbox script --><!-- TrustBox widget - Mini --><\/p>\n<div class=\"trustpilot-widget\" data-locale=\"fr-FR\" data-template-id=\"53aa8807dec7e10d38f59f32\" data-businessunit-id=\"501b26730000640005190b36\" data-style-height=\"150px\" data-style-width=\"100%\" data-theme=\"light\"><a href=\"https:\/\/fr.trustpilot.com\/review\/allmysms.com\" target=\"_blank\">Trustpilot<\/a><\/div>\n<p><!-- End TrustBox widget --><\/div>\n<\/div><\/div>\n<div class=\"span4\" style=\"margin-left: 0px;background-color: #4D4D4D;padding: 55px; text-align:center\">\n<div class=\"span4\" style=\"margin-left: 0px;\">\n<h4>Testez d\u00e8s maintenant et profitez de<\/h4>\n<p><img decoding=\"async\" alt=\"manager allmysms preview\" src=\"\/\/manager.www.allmysms.com\/img\/Allmysms-Register2d.png\" style=\"width:50%; margin:10px\"><br \/>\n\t\t\t\t\t\t\t\t\t\t<span class=\"wpcf7-form-control-wrap company\"><input\n\t\t\t\t\t\t\t\t\t\t\ttype=\"text\" name=\"company\" size=\"40\" required=\"required\"\n\t\t\t\t\t\t\t\t\t\t\tclass=\"wpcf7-form-control wpcf7-text swatch-white\" placeholder=\"SOCI\u00c9T\u00c9\"\t\t\t\t\t\t\t\t\t\t\tid=\"company\" aria-invalid=\"false\" style=\"width: 96%\"> <\/span><br \/>\n\t\t\t\t\t\t\t\t\t\t<span\n\t\t\t\t\t\t\t\t\t\t\tclass=\"wpcf7-form-control-wrap prenom\"><input type=\"text\"  placeholder=\"PR\u00c9NOM\"\n\t\t\t\t\t\t\t\t\t\t\tname=\"prenom\" size=\"40\" style=\"width: 96%\"\n\t\t\t\t\t\t\t\t\t\t\trequired=\"required\"\n\t\t\t\t\t\t\t\t\t\t\tclass=\"wpcf7-form-control wpcf7-text wpcf7-validates-as-required swatch-white\"\n\t\t\t\t\t\t\t\t\t\t\tid=\"prenom\" aria-required=\"true\" aria-invalid=\"false\"> <\/span><br \/>\n\t\t\t\t\t\t\t\t\t\t<span\n\t\t\t\t\t\t\t\t\t\t\tclass=\"wpcf7-form-control-wrap nom\"><input type=\"text\"\n\t\t\t\t\t\t\t\t\t\t\tname=\"nom\" size=\"40\" style=\"width: 96%\" required=\"required\"  placeholder=\"NOM\"\n\t\t\t\t\t\t\t\t\t\t\tclass=\"wpcf7-form-control wpcf7-text wpcf7-validates-as-required swatch-white\"\n\t\t\t\t\t\t\t\t\t\t\tid=\"nom\" aria-required=\"true\" aria-invalid=\"false\"> <\/span><br \/>\n\t\t\t\t\t\t\t\t\t\t<span\n\t\t\t\t\t\t\t\t\t\t\tclass=\"wpcf7-form-control-wrap email\"><input type=\"email\"  placeholder=\"EMAIL\"\n\t\t\t\t\t\t\t\t\t\t\tname=\"email\" size=\"40\" style=\"width: 96%\" required=\"required\"\n\t\t\t\t\t\t\t\t\t\t\tclass=\"wpcf7-form-control wpcf7-text wpcf7-email wpcf7-validates-as-required wpcf7-validates-as-email swatch-white\"\n\t\t\t\t\t\t\t\t\t\t\tid=\"email\" aria-required=\"true\" aria-invalid=\"false\"> <\/span><br \/>\n\t\t\t\t\t\t\t\t\t\t<span\n\t\t\t\t\t\t\t\t\t\t\tclass=\"wpcf7-form-control-wrap mobile\"><input type=\"tel\"  placeholder=\"MOBILE\"\n\t\t\t\t\t\t\t\t\t\t\tname=\"mobile\" size=\"40\" style=\"width: 96%\"\n\t\t\t\t\t\t\t\t\t\t\tclass=\"wpcf7-form-control wpcf7-text wpcf7-tel wpcf7-validates-as-required wpcf7-validates-as-tel swatch-white\" id=\"mobile\" aria-required=\"true\" aria-invalid=\"false\"><\/p>\n<div class=\"g-recaptcha\" data-sitekey=\"6LfdDCQTAAAAAGKreML2gW0xwFb-cF0KuALLQ4De\"><\/div>\n<div id=\"contact-form-resulterror\" data-notify-type=\"error\" data-notify-msg=\"Erreur de Captcha !\"><\/div>\n<p><script src='https:\/\/www.google.com\/recaptcha\/api.js'><\/script><\/span><br \/>\n<input type=\"submit\" value=\"Essai gratuit avec 20 SMS*\"\n\t\t\t\t\t\t\t\t\t\tclass=\"wpcf7-form-control wpcf7-submit btn btn-large pull-center swatch-orange\" style=\"font-weight: bold; width:100%\"\n\t\t\t\t\t\t\t\t\t\tid=\"subscritionValid\"><img class=\"ajax-loader\" width=\"16\"\n\t\t\t\t\t\t\t\t\t\theight=\"16\"\n\t\t\t\t\t\t\t\t\t\tsrc=\"\/wp-content\/plugins\/contact-form-7\/images\/ajax-loader.gif\"\n\t\t\t\t\t\t\t\t\t\talt=\"Envoi en cours ...\"\n\t\t\t\t\t\t\t\t\t\tstyle=\"visibility: hidden; width: 16px; height: 16px; \">\t<\/p>\n<div class=\"response\"><\/div>\n<p>\t\t\t\t\t\t\t\t\t<span    style=\"text-shadow: 0 1px 5px rgba(0,0,0,1);\"><br \/>\n\t\t\t\t\t\t\t\t*en cliquant, j&#8217;accepte les <a href=\"https:\/\/www.allmysms.com\/?page_id=5096\" target=\"_blank\">conditions g\u00e9n\u00e9rales d&#8217;utilisation<\/a><br \/>\n\t\t\t\t\t\t\t\t\t<\/span><a href=\"tel:0422131645\"><img decoding=\"async\" src=\"\/wp-content\/uploads\/0422131645-1.png\" class=\"attachment-full size-full\" alt=\"0422131645\"><\/a><\/div>\n<\/p><\/div>\n<div style=\"clear: both;\"><\/div>\n<div id=\"swatch_social-2\" class=\"sidebar-widget  widget_swatch_social\" style=\"padding:15px\">\n<ul class=\"unstyled inline small-screen-center social-icons  social-simple\">\n<li><a target=\"_blank\" data-iconcolor=\"#3b5998\" href=\"https:\/\/www.facebook.com\/allmysms\" style=\"background-color: rgba(0, 0, 0, 0);\"><i class=\"icon-facebook\" style=\"color: #F9B61F;\"><\/i><\/a><\/li>\n<li><a target=\"_blank\" data-iconcolor=\"#00a0d1\" href=\"https:\/\/twitter.com\/allmysms\" style=\"background-color: rgba(0, 0, 0, 0);\"><i class=\"icon-twitter\" style=\"color: #F9B61F;\"><\/i><\/a><\/li>\n<li><a target=\"_blank\" data-iconcolor=\"#E45135\" href=\"https:\/\/plus.google.com\/+AllmysmsPro\" style=\"background-color: rgba(0, 0, 0, 0);\"><i class=\"icon-google-plus-sign\" style=\"color: #F9B61F;\"><\/i><\/a><\/li>\n<li><a target=\"_blank\" data-iconcolor=\"#c4302b\" href=\"https:\/\/www.youtube.com\/allmysms\" style=\"background-color: rgba(0, 0, 0, 0);\"><i class=\"icon-youtube\" style=\"color: #F9B61F;\"><\/i><\/a><\/li>\n<li><a target=\"_blank\" data-iconcolor=\"#634d40\" href=\"https:\/\/www.instagram.com\/allmysms\/\" style=\"background-color: rgba(0, 0, 0, 0);\"><i class=\"icon-instagram\" style=\"color: #F9B61F;\"><\/i><\/a><\/li>\n<\/ul>\n<\/div><\/div>\n<p>\t\t\t\t\t\t\t\t<input type=\"hidden\"><input type=\"hidden\" id=\"ip\" name=\"ip\" value=\"<?php echo $_SERVER[\"REMOTE_ADDR\"]; ?>\u00ab><br \/>\n\t\t\t\t\t\t<\/form>\n<div class='ajax-error'><\/div>\n<\/p><\/div>\n<\/p><\/div>\n<div id=\"subscribeStep2\"   style=\"display: none; padding-top: 2em;\">\n<div class=\"container\" style=\"background-color:#4D4D4D\">\n<div class=\"section-header\">\n<p style=\"text-shadow: 0 1px 5px rgba(0,0,0,1); font-weight: 700; font-size: 2em\">\n\t\t\t\t\t\t\t\t\t\tChoisissez vos <strong>identifiants<\/strong> de <strong>connection<\/strong>\n\t\t\t\t\t\t\t<\/p>\n<\/p><\/div>\n<form id=\"sub2\" method=\"post\">\n<div class=\"span5\">\n<div class=\"box-round box-big\" style=\"float: right;\">\n<div class=\"box-dummy\"><\/div>\n<p>\t\t\t\t\t\t\t\t\t\t\t<span class=\"box-inner swatch-lightgray\"><i class=\"icon-lock\" ><\/i><\/span>\n\t\t\t\t\t\t\t\t\t<\/div>\n<\/p><\/div>\n<div class=\"span5\">\n\t\t\t\t\t\t\t\t\t <span\n\t\t\t\t\t\t\t\t\t\tclass=\"wpcf7-form-control-wrap login\"><input type=\"text\" placeholder=\"LOGIN *\"\n\t\t\t\t\t\t\t\t\t\tname=\"login\" size=\"40\" required=\"required\" style=\"width: 90%\"\n\t\t\t\t\t\t\t\t\t\tclass=\"wpcf7-form-control wpcf7-text swatch-white\" id=\"login\"\n\t\t\t\t\t\t\t\t\t\taria-invalid=\"false\"> <\/span><br \/>\n\t\t\t\t\t\t\t\t\t<span\n\t\t\t\t\t\t\t\t\t\tclass=\"wpcf7-form-control-wrap passwordConfirm\"><input  placeholder=\"MOT DE PASSE *\"\n\t\t\t\t\t\t\t\t\t\ttype=\"password\" name=\"passwordConfirm\" size=\"40\" style=\"width: 90%\"\n\t\t\t\t\t\t\t\t\t\trequired=\"required\"\n\t\t\t\t\t\t\t\t\t\tclass=\"wpcf7-form-control wpcf7-text wpcf7-validates-as-required swatch-white\"\n\t\t\t\t\t\t\t\t\t\tid=\"passwordConfirm\" aria-required=\"true\" aria-invalid=\"false\">\t<\/span><br \/>\n\t\t\t\t\t\t\t\t\t<span\n\t\t\t\t\t\t\t\t\t\tclass=\"wpcf7-form-control-wrap passwordConfirmRepeat\"><input placeholder=\"CONFIRMER VOTRE MOT DE PASSE *\"\n\t\t\t\t\t\t\t\t\t\ttype=\"password\" name=\"passwordConfirmRepeat\" size=\"40\" style=\"width: 90%\"\n\t\t\t\t\t\t\t\t\t\trequired=\"required\"\n\t\t\t\t\t\t\t\t\t\tclass=\"wpcf7-form-control wpcf7-text wpcf7-email wpcf7-validates-as-required wpcf7-validates-as-email swatch-white\"\n\t\t\t\t\t\t\t\t\t\tid=\"passwordConfirmRepeat\" aria-required=\"true\"\taria-invalid=\"false\"> <\/span>\n\t\t\t\t\t\t\t\t<\/div>\n<div style=\"clear: both;\"><\/div>\n<div align=\"center\" style=\"margin-left: 0px !important;\">\n\t\t\t\t\t\t\t\t\t<br \/> <input type=\"submit\" value=\"Valider l'inscription\" style=\"font-weight: bold\"\n\t\t\t\t\t\t\t\t\t\tclass=\"wpcf7-form-control wpcf7-submit btn btn-large pull-center swatch-orange\"\n\t\t\t\t\t\t\t\t\t\tid=\"subscritionConfirmation\"><img class=\"ajax-loader\"\n\t\t\t\t\t\t\t\t\t\twidth=\"16\" height=\"16\"\n\t\t\t\t\t\t\t\t\t\tsrc=\"\/wp-content\/plugins\/contact-form-7\/images\/ajax-loader.gif\"\n\t\t\t\t\t\t\t\t\t\talt=\"Envoi en cours ...\"\n\t\t\t\t\t\t\t\t\t\tstyle=\"visibility: hidden; width: 16px; height: 16px;\"><\/p>\n<div class=\"responseValid\"><\/div>\n<\/p><\/div>\n<p>\t\t\t\t\t\t\t<input type=\"hidden\" name=\"_wpcf7\" value=\"11111\"> <input\n\t\t\t\t\t\t\t\ttype=\"hidden\" name=\"_wpcf7_version\" value=\"3.9\"> <input\n\t\t\t\t\t\t\t\ttype=\"hidden\" name=\"_wpcf7_locale\" value=\"\"> <input\n\t\t\t\t\t\t\t\ttype=\"hidden\" name=\"_wpcf7_unit_tag\" value=\"wpcf7-f1539-o2\"> <input\n\t\t\t\t\t\t\t\ttype=\"hidden\" name=\"_wpnonce\" value=\"0b58747d19\"><br \/>\n\t\t\t\t\t\t<\/form>\n<\/p><\/div>\n<\/p><\/div>\n<div id=\"subscribeValidated\" style=\"display: none; padding-top: 2em;\">\n<div class=\"container\" style=\"background-color:#4D4D4D\">\n<div class=\"row-fluid\" style=\"padding: 15px;\">\n<div class=\"span4\">\n<div class=\"box-round box-big\" style=\"float: right;\">\n<div class=\"box-dummy\"><\/div>\n<p>\t\t\t\t\t\t\t\t\t\t<span class=\"box-inner swatch-lightgray\"><i class=\"icon-check\"><\/i><\/span>\n\t\t\t\t\t\t\t\t<\/div>\n<\/p><\/div>\n<div class=\"span7\">\n<h2  style=\"text-shadow: 0 1px 5px rgba(0,0,0,1); font-weight: 700;\">Inscription Termin\u00e9e<\/h2>\n<p  style=\"text-shadow: 0 1px 5px rgba(0,0,0,1); font-weight: 700; font-size: 1.7em; line-height: 1.2em;\">\n\t\t\t\t\t\t\t\tMerci de vous \u00eatre inscrit. <br \/>Un lien de validation vient de vous \u00eatre envoy\u00e9 par email. Veuillez cliquer dessus pour vous connecter.<\/p>\n<p>\n\t\t\t\t\t\t\t\t\t<a href=\"https:\/\/www.allmysms.com\/\" class=\"btn default btn-icon-right  swatch-orange\" style=\"margin-top: 10px\"\n\t\t\t\t\t\t\t\t\t\ttarget=\"_self\" rel=\"\"> Retour \u00e0 AllMySms<span><i\n\t\t\t\t\t\t\t\t\t\t\tclass=\"icon-angle-right\"><\/i><\/span><\/a>\n\t\t\t\t\t\t\t\t<\/p>\n<\/p><\/div>\n<\/p><\/div>\n<\/p><\/div>\n<\/p><\/div>\n<p>\t\t\t\t\t<script type=\"text\/javascript\" src=\"https:\/\/www.allmysms.com\/scripts\/subs.js\"><\/script><br \/>\n\t\t\t\t\t<br \/>\t<br \/>\n\t\t\t<\/section>\n","protected":false},"excerpt":{"rendered":"<p>La r\u00e9f\u00e9rence dans l&#8217;envoi de SMS professionnels R\u00e9ussissez vos campagnes SMS gr\u00e2ce \u00e0 un outil simple et complet, aux tarifs les plus bas du march\u00e9. 0,045 \u20ac HT\/SMS d\u00e8s le premier SMS Une \u00e9quipe dynamique \u00e0 votre \u00e9coute pour vous conseiller. Trustpilot Testez d\u00e8s maintenant et profitez de *en cliquant, j&#8217;accepte les conditions g\u00e9n\u00e9rales d&#8217;utilisation<\/p>\n","protected":false},"author":13,"featured_media":0,"parent":0,"menu_order":22,"comment_status":"closed","ping_status":"closed","template":"","meta":{"_acf_changed":false,"inline_featured_image":false,"footnotes":""},"class_list":["post-26180","page","type-page","status-publish","hentry"],"acf":[],"yoast_head":"<!-- This site is optimized with the Yoast SEO plugin v27.3 - https:\/\/yoast.com\/product\/yoast-seo-wordpress\/ -->\n<title>Essayez la r\u00e9f\u00e9rence des plateformes professionnelles d&#039;envoi de SMS - AllMySMS: Envoi SMS Pro, envoyer campagne SMS, marketing mobile<\/title>\n<meta name=\"robots\" content=\"index, follow, max-snippet:-1, max-image-preview:large, max-video-preview:-1\" \/>\n<link rel=\"canonical\" href=\"https:\/\/www.allmysms.com\/es\/essayez-la-reference-des-plateformes-professionnelles-d-envoi-de-sms\/\" \/>\n<meta property=\"og:locale\" content=\"es_ES\" \/>\n<meta property=\"og:type\" content=\"article\" \/>\n<meta property=\"og:title\" content=\"Essayez la r\u00e9f\u00e9rence des plateformes professionnelles d&#039;envoi de SMS - AllMySMS: Envoi SMS Pro, envoyer campagne SMS, marketing mobile\" \/>\n<meta property=\"og:description\" content=\"La r\u00e9f\u00e9rence dans l&#8217;envoi de SMS professionnels R\u00e9ussissez vos campagnes SMS gr\u00e2ce \u00e0 un outil simple et complet, aux tarifs les plus bas du march\u00e9. 0,045 \u20ac HT\/SMS d\u00e8s le premier SMS Une \u00e9quipe dynamique \u00e0 votre \u00e9coute pour vous conseiller. Trustpilot Testez d\u00e8s maintenant et profitez de *en cliquant, j&#8217;accepte les conditions g\u00e9n\u00e9rales d&#8217;utilisation\" \/>\n<meta property=\"og:url\" content=\"https:\/\/www.allmysms.com\/es\/essayez-la-reference-des-plateformes-professionnelles-d-envoi-de-sms\/\" \/>\n<meta property=\"og:site_name\" content=\"AllMySMS: Envoi SMS Pro, envoyer campagne SMS, marketing mobile\" \/>\n<meta property=\"article:publisher\" content=\"https:\/\/www.facebook.com\/allmysms\" \/>\n<meta property=\"og:image\" content=\"https:\/\/www.allmysms.com\/wp-content\/uploads\/2018\/10\/halloween_og-scaled.png\" \/>\n\t<meta property=\"og:image:width\" content=\"2560\" \/>\n\t<meta property=\"og:image:height\" content=\"1344\" \/>\n\t<meta property=\"og:image:type\" content=\"image\/png\" \/>\n<meta name=\"twitter:card\" content=\"summary_large_image\" \/>\n<meta name=\"twitter:site\" content=\"@allmysms\" \/>\n<script type=\"application\/ld+json\" class=\"yoast-schema-graph\">{\"@context\":\"https:\\\/\\\/schema.org\",\"@graph\":[{\"@type\":\"WebPage\",\"@id\":\"https:\\\/\\\/www.allmysms.com\\\/es\\\/essayez-la-reference-des-plateformes-professionnelles-d-envoi-de-sms\\\/\",\"url\":\"https:\\\/\\\/www.allmysms.com\\\/es\\\/essayez-la-reference-des-plateformes-professionnelles-d-envoi-de-sms\\\/\",\"name\":\"Essayez la r\u00e9f\u00e9rence des plateformes professionnelles d'envoi de SMS - AllMySMS: Envoi SMS Pro, envoyer campagne SMS, marketing mobile\",\"isPartOf\":{\"@id\":\"https:\\\/\\\/www.allmysms.com\\\/es\\\/#website\"},\"datePublished\":\"2017-09-20T08:50:16+00:00\",\"breadcrumb\":{\"@id\":\"https:\\\/\\\/www.allmysms.com\\\/es\\\/essayez-la-reference-des-plateformes-professionnelles-d-envoi-de-sms\\\/#breadcrumb\"},\"inLanguage\":\"es\",\"potentialAction\":[{\"@type\":\"ReadAction\",\"target\":[\"https:\\\/\\\/www.allmysms.com\\\/es\\\/essayez-la-reference-des-plateformes-professionnelles-d-envoi-de-sms\\\/\"]}]},{\"@type\":\"BreadcrumbList\",\"@id\":\"https:\\\/\\\/www.allmysms.com\\\/es\\\/essayez-la-reference-des-plateformes-professionnelles-d-envoi-de-sms\\\/#breadcrumb\",\"itemListElement\":[{\"@type\":\"ListItem\",\"position\":1,\"name\":\"Home\",\"item\":\"https:\\\/\\\/www.allmysms.com\\\/es\\\/\"},{\"@type\":\"ListItem\",\"position\":2,\"name\":\"Essayez la r\u00e9f\u00e9rence des plateformes professionnelles d&rsquo;envoi de SMS\"}]},{\"@type\":\"WebSite\",\"@id\":\"https:\\\/\\\/www.allmysms.com\\\/es\\\/#website\",\"url\":\"https:\\\/\\\/www.allmysms.com\\\/es\\\/\",\"name\":\"AllMySMS: Envoi SMS Pro, envoyer campagne SMS, marketing mobile\",\"description\":\"Envoi de SMS Pro AllMySMS - Solution SMS Marketing\",\"potentialAction\":[{\"@type\":\"SearchAction\",\"target\":{\"@type\":\"EntryPoint\",\"urlTemplate\":\"https:\\\/\\\/www.allmysms.com\\\/es\\\/?s={search_term_string}\"},\"query-input\":{\"@type\":\"PropertyValueSpecification\",\"valueRequired\":true,\"valueName\":\"search_term_string\"}}],\"inLanguage\":\"es\"}]}<\/script>\n<!-- \/ Yoast SEO plugin. -->","yoast_head_json":{"title":"Essayez la r\u00e9f\u00e9rence des plateformes professionnelles d'envoi de SMS - AllMySMS: Envoi SMS Pro, envoyer campagne SMS, marketing mobile","robots":{"index":"index","follow":"follow","max-snippet":"max-snippet:-1","max-image-preview":"max-image-preview:large","max-video-preview":"max-video-preview:-1"},"canonical":"https:\/\/www.allmysms.com\/es\/essayez-la-reference-des-plateformes-professionnelles-d-envoi-de-sms\/","og_locale":"es_ES","og_type":"article","og_title":"Essayez la r\u00e9f\u00e9rence des plateformes professionnelles d'envoi de SMS - AllMySMS: Envoi SMS Pro, envoyer campagne SMS, marketing mobile","og_description":"La r\u00e9f\u00e9rence dans l&#8217;envoi de SMS professionnels R\u00e9ussissez vos campagnes SMS gr\u00e2ce \u00e0 un outil simple et complet, aux tarifs les plus bas du march\u00e9. 0,045 \u20ac HT\/SMS d\u00e8s le premier SMS Une \u00e9quipe dynamique \u00e0 votre \u00e9coute pour vous conseiller. Trustpilot Testez d\u00e8s maintenant et profitez de *en cliquant, j&#8217;accepte les conditions g\u00e9n\u00e9rales d&#8217;utilisation","og_url":"https:\/\/www.allmysms.com\/es\/essayez-la-reference-des-plateformes-professionnelles-d-envoi-de-sms\/","og_site_name":"AllMySMS: Envoi SMS Pro, envoyer campagne SMS, marketing mobile","article_publisher":"https:\/\/www.facebook.com\/allmysms","og_image":[{"width":2560,"height":1344,"url":"https:\/\/www.allmysms.com\/wp-content\/uploads\/2018\/10\/halloween_og-scaled.png","type":"image\/png"}],"twitter_card":"summary_large_image","twitter_site":"@allmysms","schema":{"@context":"https:\/\/schema.org","@graph":[{"@type":"WebPage","@id":"https:\/\/www.allmysms.com\/es\/essayez-la-reference-des-plateformes-professionnelles-d-envoi-de-sms\/","url":"https:\/\/www.allmysms.com\/es\/essayez-la-reference-des-plateformes-professionnelles-d-envoi-de-sms\/","name":"Essayez la r\u00e9f\u00e9rence des plateformes professionnelles d'envoi de SMS - AllMySMS: Envoi SMS Pro, envoyer campagne SMS, marketing mobile","isPartOf":{"@id":"https:\/\/www.allmysms.com\/es\/#website"},"datePublished":"2017-09-20T08:50:16+00:00","breadcrumb":{"@id":"https:\/\/www.allmysms.com\/es\/essayez-la-reference-des-plateformes-professionnelles-d-envoi-de-sms\/#breadcrumb"},"inLanguage":"es","potentialAction":[{"@type":"ReadAction","target":["https:\/\/www.allmysms.com\/es\/essayez-la-reference-des-plateformes-professionnelles-d-envoi-de-sms\/"]}]},{"@type":"BreadcrumbList","@id":"https:\/\/www.allmysms.com\/es\/essayez-la-reference-des-plateformes-professionnelles-d-envoi-de-sms\/#breadcrumb","itemListElement":[{"@type":"ListItem","position":1,"name":"Home","item":"https:\/\/www.allmysms.com\/es\/"},{"@type":"ListItem","position":2,"name":"Essayez la r\u00e9f\u00e9rence des plateformes professionnelles d&rsquo;envoi de SMS"}]},{"@type":"WebSite","@id":"https:\/\/www.allmysms.com\/es\/#website","url":"https:\/\/www.allmysms.com\/es\/","name":"AllMySMS: Envoi SMS Pro, envoyer campagne SMS, marketing mobile","description":"Envoi de SMS Pro AllMySMS - Solution SMS Marketing","potentialAction":[{"@type":"SearchAction","target":{"@type":"EntryPoint","urlTemplate":"https:\/\/www.allmysms.com\/es\/?s={search_term_string}"},"query-input":{"@type":"PropertyValueSpecification","valueRequired":true,"valueName":"search_term_string"}}],"inLanguage":"es"}]}},"_links":{"self":[{"href":"https:\/\/www.allmysms.com\/es\/wp-json\/wp\/v2\/pages\/26180","targetHints":{"allow":["GET"]}}],"collection":[{"href":"https:\/\/www.allmysms.com\/es\/wp-json\/wp\/v2\/pages"}],"about":[{"href":"https:\/\/www.allmysms.com\/es\/wp-json\/wp\/v2\/types\/page"}],"author":[{"embeddable":true,"href":"https:\/\/www.allmysms.com\/es\/wp-json\/wp\/v2\/users\/13"}],"replies":[{"embeddable":true,"href":"https:\/\/www.allmysms.com\/es\/wp-json\/wp\/v2\/comments?post=26180"}],"version-history":[{"count":0,"href":"https:\/\/www.allmysms.com\/es\/wp-json\/wp\/v2\/pages\/26180\/revisions"}],"wp:attachment":[{"href":"https:\/\/www.allmysms.com\/es\/wp-json\/wp\/v2\/media?parent=26180"}],"curies":[{"name":"wp","href":"https:\/\/api.w.org\/{rel}","templated":true}]}}