{"id":26182,"date":"2016-07-28T17:12:33","date_gmt":"2016-07-28T15:12:33","guid":{"rendered":"https:\/\/www.allmysms.com\/envoi-mms-pro\/"},"modified":"2016-07-28T17:12:33","modified_gmt":"2016-07-28T15:12:33","slug":"envoi-mms-pro","status":"publish","type":"page","link":"https:\/\/www.allmysms.com\/es\/envoi-mms-pro\/","title":{"rendered":"Envoi de MMS Professionel"},"content":{"rendered":"<p>[section swatch=\u00bbswatch-lightgray\u00bb]<br \/>\n[row]<br \/>\n[panel header=\u00bbFermeture d\u00e9finitive du service MMS\u00bb swatch=\u00bbswatch-coral\u00bb]<br \/>\n<strong>Les services d&#8217;envoi de MMS ne sont plus disponibles depuis le 8 juin 2020.<\/strong><\/p>\n<p>Afin de continuer \u00e0 diffuser du contenu multim\u00e9dia sur mobile, nous vous recommandons d&#8217;utiliser nos fonctionnalit\u00e9s de SMS riches.<\/p>\n<p>Contactez nous au <a href=\"tel:0422131645\">04.22.13.16.45<\/a> pour tout renseignement compl\u00e9mentaire.[\/panel]<br \/>\n[\/row]<\/p>\n<p>[row]<br \/>\n[span1]<br \/>\n<img decoding=\"async\" class=\"aligncenter size-full wp-image-6697\" src=\"https:\/\/www.allmysms.com\/wp-content\/uploads\/mms-message.png\" alt=\"MMS\" width=\"64\" height=\"64\" \/><br \/>\n[\/span1]<\/p>\n<p>[span11]<\/p>\n<h1>ENVOYER DES MMS VIA ALLMYSMS.COM<\/h1>\n<div style=\"text-align: justify;\">Le MMS (<em>Multimedia Messaging Service<\/em>) vous permet d\u2019envoyer des messages multim\u00e9dias tels que : une image, une vid\u00e9o, une VCard, un son\u2026<br \/>\n[\/span11]<br \/>\n[\/row][row]<br \/>\n[span12]<\/p>\n<h2>POURQUOI CHOISIR LE MMS ?<\/h2>\n<div style=\"text-align: justify;\">\n<p>Le MMS permet d\u2019<strong>imager votre texte<\/strong> en d\u00e9crivant vos produits ou services de fa\u00e7on d\u00e9taill\u00e9e. Vos clients recevront des messages \u00e0 forte valeur ajout\u00e9e, ce qui, repr\u00e9sente une plus grande satisfaction de ces derniers, et donc plus de chance pour votre enseigne d\u2019<strong>accroitre ses ventes<\/strong>.<\/p>\n<p>Ce m\u00e9dia conna\u00eet le m\u00eame <strong>taux d\u2019ouverture de 95%<\/strong> que le SMS et permet de communiquer <strong>efficacement<\/strong> avec vos clients, fournisseurs ou leads en garantissant une r\u00e9ception instantan\u00e9e.<\/p>\n<p><span style=\"color: orange;\"> * Attention: <\/span>Ce service est valable que pour les num\u00e9ros de France m\u00e9tropolitaine et n\u2019est pas disponible pour l\u2019op\u00e9rateur Free Mobile. Allmysms.com vous propose donc une alternative : vos clients poss\u00e9dant un forfait Free recevront un <strong>SMS Premium \u2018riche\u2019<\/strong> o\u00f9 ils pourront acc\u00e9der au multim\u00e9dia envoy\u00e9 en cliquant sur un lien.<\/p>\n<p>Pour <strong>cr\u00e9er le \u00ab buzz \u00bb<\/strong> ou pour pr\u00e9senter une nouvelle collection, le MMS reste le m\u00e9dia \u00e0 privil\u00e9gier pour une campagne de <strong>marketing viral<\/strong>.<br \/>\n[\/span12]<br \/>\n[\/row]<\/p>\n<p>[row]<br \/>\n[span7]<\/p>\n<h2>COMMENT CELA FONCTIONNE-T-IL ?<\/h2>\n<p><strong>L\u2019envoi de MMS sur l\u2019interface Allmysms.com est tr\u00e8s simple, il suffit de:<\/strong><\/p>\n<ol>\n<li>Se connecter sur votre <a href=\"https:\/\/manager.www.allmysms.com\" target=\"_blank\" rel=\"noopener noreferrer\">compte manager<\/a>,<\/li>\n<li>Cliquer sur \u00ab envoyer des MMS \u00bb,<\/li>\n<li>Choisir le type de fichier \u00e0 envoyer (photo, vid\u00e9o, VCard),<\/li>\n<li>Ecrire un texte descriptif,<\/li>\n<li>Ins\u00e9rer une liste de contacts,<\/li>\n<li>Envoyer la campagne avec vos cr\u00e9dits.<\/li>\n<\/ol>\n<p>[\/span7]<\/p>\n<p>[span5]<br \/>\n<img fetchpriority=\"high\" decoding=\"async\" class=\"aligncenter wp-image-6687 size-medium\" src=\"https:\/\/www.allmysms.com\/wp-content\/uploads\/Envoi-de-MMS-244x300.png\" alt=\"Envoi de MMS\" width=\"244\" height=\"300\" \/><br \/>\n[\/span5]<br \/>\n[\/row]<\/p>\n<h2>QUID DES TARIFS ?<\/h2>\n<div>\n<table>\n<tbody>\n<tr>\n<th style=\"background-color: #ddd; padding: 8px;\">Poids minimum<\/th>\n<th style=\"background-color: #ddd; padding: 8px;\">Poids maximum<\/th>\n<th style=\"background-color: #ddd; padding: 8px;\">Prix HT<\/th>\n<\/tr>\n<tr style=\"background-color: #f5f5f5;\">\n<td style=\"padding: 3px;\">0 Ko<\/td>\n<td style=\"padding: 3px;\">3 Ko<\/td>\n<td style=\"padding: 3px;\">0,09 \u20ac<\/td>\n<\/tr>\n<tr style=\"background-color: #fcfcfc;\">\n<td style=\"padding: 3px;\">3 Ko<\/td>\n<td style=\"padding: 3px;\">50 Ko<\/td>\n<td style=\"padding: 3px;\">0,18 \u20ac<\/td>\n<\/tr>\n<tr style=\"background-color: #f5f5f5;\">\n<td style=\"padding: 3px;\">50 Ko<\/td>\n<td style=\"padding: 3px;\">100 Ko<\/td>\n<td style=\"padding: 3px;\">0,27 \u20ac<\/td>\n<\/tr>\n<tr style=\"background-color: #f5f5f5;\">\n<td style=\"padding: 3px;\">100 Ko<\/td>\n<td style=\"padding: 3px;\">300 Ko<\/td>\n<td style=\"padding: 3px;\">0,33 \u20ac<\/td>\n<\/tr>\n<\/tbody>\n<\/table>\n<\/div>\n<p>&nbsp;<\/p>\n<h2>LES AVANTAGES:<\/h2>\n<div style=\"text-align: justify;\">\n<p>Le MMS permet de toucher votre <strong>cible<\/strong> facilement, rapidement et pour un co\u00fbt bas. De plus, il offre un excellent <strong>R.O.I.<\/strong> (<em>Return on Investment<\/em>), vous permettant d\u2019augmenter vos volumes de vente car il suscite un <strong>int\u00e9r\u00eat imm\u00e9diat<\/strong> de vos destinataires.<\/p>\n<p>Le MMS reste, comme le SMS, un <strong>m\u00e9dia non-intrusif<\/strong>: le destinataire ouvrira votre message au moment qu\u2019il privil\u00e9gie, sans \u00eatre d\u00e9rang\u00e9. Sans oublier que votre soci\u00e9t\u00e9 gagne un temps non-n\u00e9gligeable, augmentant ainsi sa productivit\u00e9. En effet, l\u2019ensemble de votre campagne est envoy\u00e9 \u00e0 tous vos destinataires en quelques clics seulement.<\/p>\n<\/div>\n<p>[\/section]<\/p>\n<style>\n.thumbnail {<br \/>text-align:center;<br \/>    border: 0px !important;<br \/>}<br \/><\/style>\n<\/div>\n<\/div>\n","protected":false},"excerpt":{"rendered":"<p>[section swatch=\u00bbswatch-lightgray\u00bb] [row] [panel header=\u00bbFermeture d\u00e9finitive du service MMS\u00bb swatch=\u00bbswatch-coral\u00bb] Les services d&#8217;envoi de MMS ne sont plus disponibles depuis le 8 juin 2020. Afin de continuer \u00e0 diffuser du contenu multim\u00e9dia sur mobile, nous vous recommandons d&#8217;utiliser nos fonctionnalit\u00e9s de SMS riches. Contactez nous au 04.22.13.16.45 pour tout renseignement compl\u00e9mentaire.[\/panel] [\/row] [row] [span1] [\/span1] [&hellip;]<\/p>\n","protected":false},"author":13,"featured_media":0,"parent":0,"menu_order":2,"comment_status":"closed","ping_status":"closed","template":"","meta":{"_acf_changed":false,"inline_featured_image":false,"footnotes":""},"class_list":["post-26182","page","type-page","status-publish","hentry"],"acf":[],"yoast_head":"<!-- This site is optimized with the Yoast SEO plugin v27.3 - https:\/\/yoast.com\/product\/yoast-seo-wordpress\/ -->\n<title>Envoi de MMS professionnel | All My SMS<\/title>\n<meta name=\"description\" content=\"Plateforme web d&#039;envoi de MMS professionelle permettant d&#039;envoyer des photos, vid\u00e9os ou sons d\u00e9crivant vos produits ou services de fa\u00e7on d\u00e9taill\u00e9e.\" \/>\n<meta name=\"robots\" content=\"index, follow, max-snippet:-1, max-image-preview:large, max-video-preview:-1\" \/>\n<link rel=\"canonical\" href=\"https:\/\/www.allmysms.com\/es\/envoi-mms-pro\/\" \/>\n<meta property=\"og:locale\" content=\"es_ES\" \/>\n<meta property=\"og:type\" content=\"article\" \/>\n<meta property=\"og:title\" content=\"Envoi de MMS professionnel | All My SMS\" \/>\n<meta property=\"og:description\" content=\"Plateforme web d&#039;envoi de MMS professionelle permettant d&#039;envoyer des photos, vid\u00e9os ou sons d\u00e9crivant vos produits ou services de fa\u00e7on d\u00e9taill\u00e9e.\" \/>\n<meta property=\"og:url\" content=\"https:\/\/www.allmysms.com\/es\/envoi-mms-pro\/\" \/>\n<meta property=\"og:site_name\" content=\"AllMySMS: Envoi SMS Pro, envoyer campagne SMS, marketing mobile\" \/>\n<meta property=\"article:publisher\" content=\"https:\/\/www.facebook.com\/allmysms\" \/>\n<meta property=\"og:image\" content=\"https:\/\/www.allmysms.com\/wp-content\/uploads\/mms-message.png\" \/>\n<meta name=\"twitter:card\" content=\"summary_large_image\" \/>\n<meta name=\"twitter:site\" content=\"@allmysms\" \/>\n<meta name=\"twitter:label1\" content=\"Est. reading time\" \/>\n\t<meta name=\"twitter:data1\" content=\"2 minutos\" \/>\n<script type=\"application\/ld+json\" class=\"yoast-schema-graph\">{\"@context\":\"https:\\\/\\\/schema.org\",\"@graph\":[{\"@type\":\"WebPage\",\"@id\":\"https:\\\/\\\/www.allmysms.com\\\/es\\\/envoi-mms-pro\\\/\",\"url\":\"https:\\\/\\\/www.allmysms.com\\\/es\\\/envoi-mms-pro\\\/\",\"name\":\"Envoi de MMS professionnel | All My SMS\",\"isPartOf\":{\"@id\":\"https:\\\/\\\/www.allmysms.com\\\/es\\\/#website\"},\"primaryImageOfPage\":{\"@id\":\"https:\\\/\\\/www.allmysms.com\\\/es\\\/envoi-mms-pro\\\/#primaryimage\"},\"image\":{\"@id\":\"https:\\\/\\\/www.allmysms.com\\\/es\\\/envoi-mms-pro\\\/#primaryimage\"},\"thumbnailUrl\":\"https:\\\/\\\/www.allmysms.com\\\/wp-content\\\/uploads\\\/mms-message.png\",\"datePublished\":\"2016-07-28T15:12:33+00:00\",\"description\":\"Plateforme web d'envoi de MMS professionelle permettant d'envoyer des photos, vid\u00e9os ou sons d\u00e9crivant vos produits ou services de fa\u00e7on d\u00e9taill\u00e9e.\",\"breadcrumb\":{\"@id\":\"https:\\\/\\\/www.allmysms.com\\\/es\\\/envoi-mms-pro\\\/#breadcrumb\"},\"inLanguage\":\"es\",\"potentialAction\":[{\"@type\":\"ReadAction\",\"target\":[\"https:\\\/\\\/www.allmysms.com\\\/es\\\/envoi-mms-pro\\\/\"]}]},{\"@type\":\"ImageObject\",\"inLanguage\":\"es\",\"@id\":\"https:\\\/\\\/www.allmysms.com\\\/es\\\/envoi-mms-pro\\\/#primaryimage\",\"url\":\"https:\\\/\\\/www.allmysms.com\\\/wp-content\\\/uploads\\\/mms-message.png\",\"contentUrl\":\"https:\\\/\\\/www.allmysms.com\\\/wp-content\\\/uploads\\\/mms-message.png\"},{\"@type\":\"BreadcrumbList\",\"@id\":\"https:\\\/\\\/www.allmysms.com\\\/es\\\/envoi-mms-pro\\\/#breadcrumb\",\"itemListElement\":[{\"@type\":\"ListItem\",\"position\":1,\"name\":\"Home\",\"item\":\"https:\\\/\\\/www.allmysms.com\\\/es\\\/\"},{\"@type\":\"ListItem\",\"position\":2,\"name\":\"Envoi de MMS Professionel\"}]},{\"@type\":\"WebSite\",\"@id\":\"https:\\\/\\\/www.allmysms.com\\\/es\\\/#website\",\"url\":\"https:\\\/\\\/www.allmysms.com\\\/es\\\/\",\"name\":\"AllMySMS: Envoi SMS Pro, envoyer campagne SMS, marketing mobile\",\"description\":\"Envoi de SMS Pro AllMySMS - Solution SMS Marketing\",\"potentialAction\":[{\"@type\":\"SearchAction\",\"target\":{\"@type\":\"EntryPoint\",\"urlTemplate\":\"https:\\\/\\\/www.allmysms.com\\\/es\\\/?s={search_term_string}\"},\"query-input\":{\"@type\":\"PropertyValueSpecification\",\"valueRequired\":true,\"valueName\":\"search_term_string\"}}],\"inLanguage\":\"es\"}]}<\/script>\n<!-- \/ Yoast SEO plugin. -->","yoast_head_json":{"title":"Envoi de MMS professionnel | All My SMS","description":"Plateforme web d'envoi de MMS professionelle permettant d'envoyer des photos, vid\u00e9os ou sons d\u00e9crivant vos produits ou services de fa\u00e7on d\u00e9taill\u00e9e.","robots":{"index":"index","follow":"follow","max-snippet":"max-snippet:-1","max-image-preview":"max-image-preview:large","max-video-preview":"max-video-preview:-1"},"canonical":"https:\/\/www.allmysms.com\/es\/envoi-mms-pro\/","og_locale":"es_ES","og_type":"article","og_title":"Envoi de MMS professionnel | All My SMS","og_description":"Plateforme web d'envoi de MMS professionelle permettant d'envoyer des photos, vid\u00e9os ou sons d\u00e9crivant vos produits ou services de fa\u00e7on d\u00e9taill\u00e9e.","og_url":"https:\/\/www.allmysms.com\/es\/envoi-mms-pro\/","og_site_name":"AllMySMS: Envoi SMS Pro, envoyer campagne SMS, marketing mobile","article_publisher":"https:\/\/www.facebook.com\/allmysms","og_image":[{"url":"https:\/\/www.allmysms.com\/wp-content\/uploads\/mms-message.png","type":"","width":"","height":""}],"twitter_card":"summary_large_image","twitter_site":"@allmysms","twitter_misc":{"Est. reading time":"2 minutos"},"schema":{"@context":"https:\/\/schema.org","@graph":[{"@type":"WebPage","@id":"https:\/\/www.allmysms.com\/es\/envoi-mms-pro\/","url":"https:\/\/www.allmysms.com\/es\/envoi-mms-pro\/","name":"Envoi de MMS professionnel | All My SMS","isPartOf":{"@id":"https:\/\/www.allmysms.com\/es\/#website"},"primaryImageOfPage":{"@id":"https:\/\/www.allmysms.com\/es\/envoi-mms-pro\/#primaryimage"},"image":{"@id":"https:\/\/www.allmysms.com\/es\/envoi-mms-pro\/#primaryimage"},"thumbnailUrl":"https:\/\/www.allmysms.com\/wp-content\/uploads\/mms-message.png","datePublished":"2016-07-28T15:12:33+00:00","description":"Plateforme web d'envoi de MMS professionelle permettant d'envoyer des photos, vid\u00e9os ou sons d\u00e9crivant vos produits ou services de fa\u00e7on d\u00e9taill\u00e9e.","breadcrumb":{"@id":"https:\/\/www.allmysms.com\/es\/envoi-mms-pro\/#breadcrumb"},"inLanguage":"es","potentialAction":[{"@type":"ReadAction","target":["https:\/\/www.allmysms.com\/es\/envoi-mms-pro\/"]}]},{"@type":"ImageObject","inLanguage":"es","@id":"https:\/\/www.allmysms.com\/es\/envoi-mms-pro\/#primaryimage","url":"https:\/\/www.allmysms.com\/wp-content\/uploads\/mms-message.png","contentUrl":"https:\/\/www.allmysms.com\/wp-content\/uploads\/mms-message.png"},{"@type":"BreadcrumbList","@id":"https:\/\/www.allmysms.com\/es\/envoi-mms-pro\/#breadcrumb","itemListElement":[{"@type":"ListItem","position":1,"name":"Home","item":"https:\/\/www.allmysms.com\/es\/"},{"@type":"ListItem","position":2,"name":"Envoi de MMS Professionel"}]},{"@type":"WebSite","@id":"https:\/\/www.allmysms.com\/es\/#website","url":"https:\/\/www.allmysms.com\/es\/","name":"AllMySMS: Envoi SMS Pro, envoyer campagne SMS, marketing mobile","description":"Envoi de SMS Pro AllMySMS - Solution SMS Marketing","potentialAction":[{"@type":"SearchAction","target":{"@type":"EntryPoint","urlTemplate":"https:\/\/www.allmysms.com\/es\/?s={search_term_string}"},"query-input":{"@type":"PropertyValueSpecification","valueRequired":true,"valueName":"search_term_string"}}],"inLanguage":"es"}]}},"_links":{"self":[{"href":"https:\/\/www.allmysms.com\/es\/wp-json\/wp\/v2\/pages\/26182","targetHints":{"allow":["GET"]}}],"collection":[{"href":"https:\/\/www.allmysms.com\/es\/wp-json\/wp\/v2\/pages"}],"about":[{"href":"https:\/\/www.allmysms.com\/es\/wp-json\/wp\/v2\/types\/page"}],"author":[{"embeddable":true,"href":"https:\/\/www.allmysms.com\/es\/wp-json\/wp\/v2\/users\/13"}],"replies":[{"embeddable":true,"href":"https:\/\/www.allmysms.com\/es\/wp-json\/wp\/v2\/comments?post=26182"}],"version-history":[{"count":0,"href":"https:\/\/www.allmysms.com\/es\/wp-json\/wp\/v2\/pages\/26182\/revisions"}],"wp:attachment":[{"href":"https:\/\/www.allmysms.com\/es\/wp-json\/wp\/v2\/media?parent=26182"}],"curies":[{"name":"wp","href":"https:\/\/api.w.org\/{rel}","templated":true}]}}