{"id":26184,"date":"2015-05-15T11:52:45","date_gmt":"2015-05-15T09:52:45","guid":{"rendered":"https:\/\/www.allmysms.com\/mentions\/"},"modified":"2025-07-05T22:00:26","modified_gmt":"2025-07-05T22:00:26","slug":"mentions","status":"publish","type":"page","link":"https:\/\/www.allmysms.com\/es\/mentions\/","title":{"rendered":"Mentions L\u00e9gales"},"content":{"rendered":"<p>&nbsp;<\/p>\n<div class=\"content\" style=\"text-align: justify;\">\n<h2>Informaci\u00f3n editorial<\/h2>\n<p><strong>Opportunity, una Soci\u00e9t\u00e9<\/strong> par Actions Simplifi\u00e9e (Sociedad por Acciones Simplificada) con un capital de 1.021.285 euros, con domicilio social en 25 Rue de Ponthieu, 75008 Par\u00eds, e inscrita en el Registro Mercantil y de Sociedades de Par\u00eds con el n\u00famero 481 483 626, representada por el Sr. Anthony Dinis, en calidad de Presidente.<\/p>\n<p>N\u00famero de IVA intracomunitario : <strong>FR28481483626<\/strong><\/p>\n<h2>Publicaci\u00f3n y gesti\u00f3n editorial<\/h2>\n<p>Director de la publicaci\u00f3n: Thomas Fauq, +33 (0) 4 22 13 16 45<br \/>\nDesarrollo web: Opportunity, 455 Promenade des Anglais &#8211; Nice Premier &#8211; 06200 NICE &#8211; FRANCIA<br \/>\nDirecci\u00f3n de correo electr\u00f3nico: hello [at] www.allmysms.com<br \/>\nToda la correspondencia debe dirigirse al Director de la publicaci\u00f3n, de conformidad con las disposiciones de la Ley n\u00ba 1881-07-29, de 29 de julio de 1881, sobre la libertad de prensa, y de la Ley n\u00ba 86-1067, de 30 de septiembre de 1986, sobre la libertad de comunicaci\u00f3n.<\/p>\n<h2>Alojamiento<\/h2>\n<p>El sitio web <a href=\"https:\/\/www.allmysms.com\">https:\/\/www.allmysms.com<\/a> est\u00e1 alojado en :<br \/>\nSAS OVH, inscrita en el Registro Mercantil de Roubaix-Tourcoing con el n\u00famero 424 761 419 00045, con domicilio social en 2 rue Kellermann, BP 80157 59053 ROUBAIX CEDEX 1 &#8211; Francia<br \/>\nHotline: 0 820 698 765, Email: support@ovh.com<br \/>\nIntracommunity CIF: FR28481483626<\/p>\n<h2>Cr\u00e9ditos del sitio<\/h2>\n<p>Herramienta de gesti\u00f3n de contenidos: WordPress<\/p>\n<p>Dise\u00f1o del sitio web: Opportunity<\/p>\n<p>Producci\u00f3n del sitio: Oportunidad<\/p>\n<p>Propiedad del sitio: Oportunidad<\/p>\n<h2>Propiedad intelectual<\/h2>\n<p>Opportunity es titular de los derechos de propiedad intelectual relativos al Sitio y a su contenido.<\/p>\n<p>En este sentido, Opportunity es titular del nombre de dominio www.allmysms.com, de los derechos de autor relativos al contenido del Sitio y de los derechos como productor de las bases de datos del Sitio.<\/p>\n<p>El acceso a los Servicios se limita exclusivamente a la utilizaci\u00f3n por parte del Usuario en las condiciones y dentro de los l\u00edmites definidos en las Condiciones Generales, que pueden consultarse aqu\u00ed.<\/p>\n<p>En consecuencia, queda prohibido el acceso a los Servicios con el fin de extraer, reproducir, utilizar, revender, intercambiar, alquilar, modificar, adaptar o corregir, ya sea gratuitamente o a cambio de una remuneraci\u00f3n, la totalidad o parte del Sitio, de los Servicios y de su contenido protegido por el derecho de autor, el derecho de marcas, el derecho de programas inform\u00e1ticos, los derechos de los productores de bases de datos, o por cualquier otro derecho de propiedad intelectual.<\/p>\n<p>allmysms es una marca registrada en el INPI con el n\u00famero 4245168.<\/p>\n<h2>Datos personales<\/h2>\n<p>Los datos recogidos se utilizan para mejorar la relaci\u00f3n entre Opportunity y el Usuario y para informarle de las operaciones promocionales y comerciales de Opportunity.<\/p>\n<p>De conformidad con la Ley Inform\u00e1tica y Libertades de 6 de enero de 1978, modificada en 2004, el Usuario dispone de un derecho de acceso y rectificaci\u00f3n de los datos que le conciernen, que puede ejercer dirigi\u00e9ndose a Opportunity, 455 Promenade des Anglais &#8211; Nice Premier &#8211; 06200 NICE &#8211; FRANCIA, o por correo electr\u00f3nico a la siguiente direcci\u00f3n: info [at] www.allmysms.com.<\/p>\n<p>El Usuario tambi\u00e9n puede, por motivos leg\u00edtimos, oponerse al tratamiento de los datos que le conciernen.<\/p>\n<h2>Declaraci\u00f3n a la CNIL<\/h2>\n<p>Todos los datos tratados y alojados en los servidores de www.allmysms.com est\u00e1n protegidos por la declaraci\u00f3n CNIL n\u00b0 185 8900..<\/p>\n<\/div>\n<p>&nbsp;<\/p>\n","protected":false},"excerpt":{"rendered":"<p>&nbsp; Informaci\u00f3n editorial Opportunity, una Soci\u00e9t\u00e9 par Actions Simplifi\u00e9e (Sociedad por Acciones Simplificada) con un capital de 1.021.285 euros, con domicilio social en 25 Rue de Ponthieu, 75008 Par\u00eds, e inscrita en el Registro Mercantil y de Sociedades de Par\u00eds con el n\u00famero 481 483 626, representada por el Sr. Anthony Dinis, en calidad de [&hellip;]<\/p>\n","protected":false},"author":13,"featured_media":0,"parent":0,"menu_order":24,"comment_status":"closed","ping_status":"closed","template":"elementor_header_footer","meta":{"_acf_changed":false,"inline_featured_image":false,"footnotes":""},"class_list":["post-26184","page","type-page","status-publish","hentry"],"acf":[],"yoast_head":"<!-- This site is optimized with the Yoast SEO plugin v27.3 - https:\/\/yoast.com\/product\/yoast-seo-wordpress\/ -->\n<title>Mentions L\u00e9gales - AllMySMS: Envoi SMS Pro, envoyer campagne SMS, marketing mobile<\/title>\n<meta name=\"description\" content=\"Mentions L\u00e9gales d&#039;allmysms.com - Soci\u00e9t\u00e9 Opportunity\" \/>\n<meta name=\"robots\" content=\"index, follow, max-snippet:-1, max-image-preview:large, max-video-preview:-1\" \/>\n<link rel=\"canonical\" href=\"https:\/\/www.allmysms.com\/es\/mentions\/\" \/>\n<meta property=\"og:locale\" content=\"es_ES\" \/>\n<meta property=\"og:type\" content=\"article\" \/>\n<meta property=\"og:title\" content=\"Mentions L\u00e9gales - AllMySMS: Envoi SMS Pro, envoyer campagne SMS, marketing mobile\" \/>\n<meta property=\"og:description\" content=\"Mentions L\u00e9gales d&#039;allmysms.com - Soci\u00e9t\u00e9 Opportunity\" \/>\n<meta property=\"og:url\" content=\"https:\/\/www.allmysms.com\/es\/mentions\/\" \/>\n<meta property=\"og:site_name\" content=\"AllMySMS: Envoi SMS Pro, envoyer campagne SMS, marketing mobile\" \/>\n<meta property=\"article:publisher\" content=\"https:\/\/www.facebook.com\/allmysms\" \/>\n<meta property=\"article:modified_time\" content=\"2025-07-05T22:00:26+00:00\" \/>\n<meta name=\"twitter:card\" content=\"summary_large_image\" \/>\n<meta name=\"twitter:site\" content=\"@allmysms\" \/>\n<meta name=\"twitter:label1\" content=\"Est. reading time\" \/>\n\t<meta name=\"twitter:data1\" content=\"3 minutos\" \/>\n<script type=\"application\/ld+json\" class=\"yoast-schema-graph\">{\"@context\":\"https:\\\/\\\/schema.org\",\"@graph\":[{\"@type\":\"WebPage\",\"@id\":\"https:\\\/\\\/www.allmysms.com\\\/es\\\/mentions\\\/\",\"url\":\"https:\\\/\\\/www.allmysms.com\\\/es\\\/mentions\\\/\",\"name\":\"Mentions L\u00e9gales - AllMySMS: Envoi SMS Pro, envoyer campagne SMS, marketing mobile\",\"isPartOf\":{\"@id\":\"https:\\\/\\\/www.allmysms.com\\\/es\\\/#website\"},\"datePublished\":\"2015-05-15T09:52:45+00:00\",\"dateModified\":\"2025-07-05T22:00:26+00:00\",\"description\":\"Mentions L\u00e9gales d'allmysms.com - Soci\u00e9t\u00e9 Opportunity\",\"breadcrumb\":{\"@id\":\"https:\\\/\\\/www.allmysms.com\\\/es\\\/mentions\\\/#breadcrumb\"},\"inLanguage\":\"es\",\"potentialAction\":[{\"@type\":\"ReadAction\",\"target\":[\"https:\\\/\\\/www.allmysms.com\\\/es\\\/mentions\\\/\"]}]},{\"@type\":\"BreadcrumbList\",\"@id\":\"https:\\\/\\\/www.allmysms.com\\\/es\\\/mentions\\\/#breadcrumb\",\"itemListElement\":[{\"@type\":\"ListItem\",\"position\":1,\"name\":\"Home\",\"item\":\"https:\\\/\\\/www.allmysms.com\\\/es\\\/\"},{\"@type\":\"ListItem\",\"position\":2,\"name\":\"Mentions L\u00e9gales\"}]},{\"@type\":\"WebSite\",\"@id\":\"https:\\\/\\\/www.allmysms.com\\\/es\\\/#website\",\"url\":\"https:\\\/\\\/www.allmysms.com\\\/es\\\/\",\"name\":\"AllMySMS: Envoi SMS Pro, envoyer campagne SMS, marketing mobile\",\"description\":\"Envoi de SMS Pro AllMySMS - Solution SMS Marketing\",\"potentialAction\":[{\"@type\":\"SearchAction\",\"target\":{\"@type\":\"EntryPoint\",\"urlTemplate\":\"https:\\\/\\\/www.allmysms.com\\\/es\\\/?s={search_term_string}\"},\"query-input\":{\"@type\":\"PropertyValueSpecification\",\"valueRequired\":true,\"valueName\":\"search_term_string\"}}],\"inLanguage\":\"es\"}]}<\/script>\n<!-- \/ Yoast SEO plugin. -->","yoast_head_json":{"title":"Mentions L\u00e9gales - AllMySMS: Envoi SMS Pro, envoyer campagne SMS, marketing mobile","description":"Mentions L\u00e9gales d'allmysms.com - Soci\u00e9t\u00e9 Opportunity","robots":{"index":"index","follow":"follow","max-snippet":"max-snippet:-1","max-image-preview":"max-image-preview:large","max-video-preview":"max-video-preview:-1"},"canonical":"https:\/\/www.allmysms.com\/es\/mentions\/","og_locale":"es_ES","og_type":"article","og_title":"Mentions L\u00e9gales - AllMySMS: Envoi SMS Pro, envoyer campagne SMS, marketing mobile","og_description":"Mentions L\u00e9gales d'allmysms.com - Soci\u00e9t\u00e9 Opportunity","og_url":"https:\/\/www.allmysms.com\/es\/mentions\/","og_site_name":"AllMySMS: Envoi SMS Pro, envoyer campagne SMS, marketing mobile","article_publisher":"https:\/\/www.facebook.com\/allmysms","article_modified_time":"2025-07-05T22:00:26+00:00","twitter_card":"summary_large_image","twitter_site":"@allmysms","twitter_misc":{"Est. reading time":"3 minutos"},"schema":{"@context":"https:\/\/schema.org","@graph":[{"@type":"WebPage","@id":"https:\/\/www.allmysms.com\/es\/mentions\/","url":"https:\/\/www.allmysms.com\/es\/mentions\/","name":"Mentions L\u00e9gales - AllMySMS: Envoi SMS Pro, envoyer campagne SMS, marketing mobile","isPartOf":{"@id":"https:\/\/www.allmysms.com\/es\/#website"},"datePublished":"2015-05-15T09:52:45+00:00","dateModified":"2025-07-05T22:00:26+00:00","description":"Mentions L\u00e9gales d'allmysms.com - Soci\u00e9t\u00e9 Opportunity","breadcrumb":{"@id":"https:\/\/www.allmysms.com\/es\/mentions\/#breadcrumb"},"inLanguage":"es","potentialAction":[{"@type":"ReadAction","target":["https:\/\/www.allmysms.com\/es\/mentions\/"]}]},{"@type":"BreadcrumbList","@id":"https:\/\/www.allmysms.com\/es\/mentions\/#breadcrumb","itemListElement":[{"@type":"ListItem","position":1,"name":"Home","item":"https:\/\/www.allmysms.com\/es\/"},{"@type":"ListItem","position":2,"name":"Mentions L\u00e9gales"}]},{"@type":"WebSite","@id":"https:\/\/www.allmysms.com\/es\/#website","url":"https:\/\/www.allmysms.com\/es\/","name":"AllMySMS: Envoi SMS Pro, envoyer campagne SMS, marketing mobile","description":"Envoi de SMS Pro AllMySMS - Solution SMS Marketing","potentialAction":[{"@type":"SearchAction","target":{"@type":"EntryPoint","urlTemplate":"https:\/\/www.allmysms.com\/es\/?s={search_term_string}"},"query-input":{"@type":"PropertyValueSpecification","valueRequired":true,"valueName":"search_term_string"}}],"inLanguage":"es"}]}},"_links":{"self":[{"href":"https:\/\/www.allmysms.com\/es\/wp-json\/wp\/v2\/pages\/26184","targetHints":{"allow":["GET"]}}],"collection":[{"href":"https:\/\/www.allmysms.com\/es\/wp-json\/wp\/v2\/pages"}],"about":[{"href":"https:\/\/www.allmysms.com\/es\/wp-json\/wp\/v2\/types\/page"}],"author":[{"embeddable":true,"href":"https:\/\/www.allmysms.com\/es\/wp-json\/wp\/v2\/users\/13"}],"replies":[{"embeddable":true,"href":"https:\/\/www.allmysms.com\/es\/wp-json\/wp\/v2\/comments?post=26184"}],"version-history":[{"count":0,"href":"https:\/\/www.allmysms.com\/es\/wp-json\/wp\/v2\/pages\/26184\/revisions"}],"wp:attachment":[{"href":"https:\/\/www.allmysms.com\/es\/wp-json\/wp\/v2\/media?parent=26184"}],"curies":[{"name":"wp","href":"https:\/\/api.w.org\/{rel}","templated":true}]}}