{"id":26194,"date":"2014-05-06T13:28:30","date_gmt":"2014-05-06T12:28:30","guid":{"rendered":"https:\/\/www.allmysms.com\/logiciel-de-sms-marketing\/"},"modified":"2025-07-05T22:20:34","modified_gmt":"2025-07-05T22:20:34","slug":"logiciel-de-sms-marketing","status":"publish","type":"page","link":"https:\/\/www.allmysms.com\/es\/logiciel-de-sms-marketing\/","title":{"rendered":"Software de marketing por SMS"},"content":{"rendered":"<p>[section swatch=\u00bbswatch-lightgray\u00bb]<\/p>\n<div class=\"container\">\n<div class=\"bulle\">Nuestro software de env\u00edo de SMS de web a m\u00f3vil se basa en la tecnolog\u00eda SMS-C para el env\u00edo de SMS Premium en modo SaaS. No utilizamos m\u00f3dems GSM, que pueden utilizarse para enviar mensajes SMS de bajo coste pero son totalmente ilegales. Los departamentos de comunicaci\u00f3n corporativa, desarrollo de ventas y marketing lo utilizan para impactar en sus posibles bases de datos al instante, de forma selectiva y cualitativa, con presupuestos controlados.<br \/>\nPara realizar una campa\u00f1a de SMS, descubra nuestro software SaaS de marketing por SMS. Enviar mensajes SMS a trav\u00e9s de Internet es ahora sencillo, r\u00e1pido y eficaz. La comunicaci\u00f3n por SMS puede automatizarse para evitar p\u00e9rdidas de tiempo. As\u00ed podr\u00e1 comunicar a sus clientes sus ofertas promocionales, invitaciones VIP, etc.<br \/>\nLos mensajes SMS profesionales tienen una alta tasa de apertura, en torno al 95%. Este servicio de env\u00edo de SMS le permite programar el env\u00edo automatizado de mensajes SMS a una libreta de direcciones espec\u00edfica. Un simple clic y podr\u00e1 enviar instant\u00e1neamente mensajes SMS directamente a trav\u00e9s de nuestra interfaz web.<\/div>\n<\/div>\n<div>\n<h2>SMS MARKETING: EL SERVICIO DE MARKETING CON UN REY FUERTE<\/h2>\n<h3>MARKETING M\u00d3VIL<\/h3>\n<div>\n<p>Nuestro software y nuestros servicios le permiten integrar una plataforma SMS pro de alto rendimiento en los departamentos de comunicaci\u00f3n y desarrollo comercial de su empresa. El marketing m\u00f3vil por SMS masivos es una soluci\u00f3n estrat\u00e9gica para optimizar los costes de sus campa\u00f1as de comunicaci\u00f3n de marketing, con un impacto directo en el objetivo de prospecci\u00f3n (todo el mundo lee los mensajes recibidos en el m\u00f3vil y presta mucha atenci\u00f3n al remitente), un coste por lead inferior al de la mayor\u00eda de las dem\u00e1s soluciones de comunicaci\u00f3n y un retorno de la inversi\u00f3n cuantificable. Tambi\u00e9n desarrollamos aplicaciones m\u00f3viles innovadoras para complementar su estrategia de marketing m\u00f3vil.<\/p>\n<p>Los SMS en l\u00ednea permiten enviar mensajes SMS masivos a trav\u00e9s de una pasarela SMS. Directamente desde un ordenador, una tableta o un tel\u00e9fono m\u00f3vil con conexi\u00f3n a Internet, gestione sus relaciones con los clientes en unos pocos clics. Ya sea para realizar una campa\u00f1a publicitaria, comunicar promociones o simplemente informar a sus clientes del cierre o la apertura de una tienda, elija nuestro software de marketing por SMS. Puede importar sus contactos para enviar mensajes SMS de forma r\u00e1pida y sencilla.<\/p>\n<p>Traducci\u00f3n realizada con la versi\u00f3n gratuita del traductor DeepL.com<\/p>\n<\/div>\n<div>\n<h3>PROSPECCI\u00d3N ESPEC\u00cdFICA DE ALTA CALIDAD<\/h3>\n<div>\n<p>La implicaci\u00f3n de sus clientes potenciales con su producto ser\u00e1 sin duda elevada (cercana al 100%, ya que el uso actual del tel\u00e9fono m\u00f3vil requiere que los mensajes SMS sean \u00abprocesados\u00bb). Nuestra soluci\u00f3n Premium, que utiliza la tecnolog\u00eda SMS-C, ofrece la garant\u00eda de que un SMS enviado es un SMS recibido. La plataforma de software que ofrecemos a empresas y profesionales es, por tanto, una forma fiable y de alta calidad de comunicarse con sus clientes, clientes potenciales y empleados.<\/p>\n<p>Nuestro software de gesti\u00f3n facilita la fidelizaci\u00f3n de clientes mediante el env\u00edo de mensajes SMS. Para los profesionales, el env\u00edo de SMS desde Internet es un soporte t\u00e9cnico de alta calidad que le permite enviar mensajes SMS en Francia y a nivel internacional.<\/p>\n<\/div>\n<div>\n<h3>DESCARGA Y USO DEL SOFTWARE<\/h3>\n<div>\n<p>El software est\u00e1 disponible inmediatamente sin necesidad de descarga en su \u00e1rea de usuario. El registro le da acceso a un software f\u00e1cil de usar y a la asistencia de nuestros equipos para ayudarle a empezar. Hemos desarrollado asociaciones con m\u00e1s de 700 operadores de telefon\u00eda m\u00f3vil de todo el mundo para permitirle enviar mensajes SMS como parte de campa\u00f1as de marketing por SMS de alta calidad a trav\u00e9s de un servicio profesional de alta gama, en toda Europa y en muchos pa\u00edses fuera de la Uni\u00f3n Europea. Tambi\u00e9n disponemos de rutas SMS de alta calidad en el \u00c1frica franc\u00f3fona. El software es f\u00e1cil de usar y le permite sincronizar contactos y enviar mensajes SMS a cualquier parte del mundo. Le ofrecemos una soluci\u00f3n completa de marketing por SMS. Env\u00ede sus SMS de forma sencilla y disfrute de un alto \u00edndice de lectura.<\/p>\n<p>Benef\u00edciese de nuestra soluci\u00f3n SMS a precios competitivos. Env\u00ede SMS utilizando listas de n\u00fameros de m\u00f3vil a trav\u00e9s de Internet. El marketing por SMS es uno de los mejores medios de comunicaci\u00f3n actuales.<\/p>\n<\/div>\n<div align=\"center\"><iframe src=\"https:\/\/www.youtube.com\/embed\/zucssM6hhcw\" width=\"854\" height=\"480\" frameborder=\"0\" align=\"center\" allowfullscreen=\"allowfullscreen\"><\/iframe><\/div>\n<p>&nbsp;<\/p>\n<div><a href=\"\/?page_id=928\">P\u00f3ngase en contacto con nuestro equipo<\/a> para obtener m\u00e1s informaci\u00f3n sobre c\u00f3mo enviar mensajes SMS a su empresa utilizando nuestro software SaaS. En tan solo unos clics, cree un mensaje de texto de calidad para fidelizar a sus clientes.<\/div>\n<p>[\/section]<\/p>\n<\/div>\n<\/div>\n<\/div>\n","protected":false},"excerpt":{"rendered":"<p>[section swatch=\u00bbswatch-lightgray\u00bb] Nuestro software de env\u00edo de SMS de web a m\u00f3vil se basa en la tecnolog\u00eda SMS-C para el env\u00edo de SMS Premium en modo SaaS. No utilizamos m\u00f3dems GSM, que pueden utilizarse para enviar mensajes SMS de bajo coste pero son totalmente ilegales. Los departamentos de comunicaci\u00f3n corporativa, desarrollo de ventas y marketing [&hellip;]<\/p>\n","protected":false},"author":13,"featured_media":0,"parent":0,"menu_order":38,"comment_status":"closed","ping_status":"closed","template":"","meta":{"_acf_changed":false,"inline_featured_image":false,"footnotes":""},"class_list":["post-26194","page","type-page","status-publish","hentry"],"acf":[],"yoast_head":"<!-- This site is optimized with the Yoast SEO plugin v27.3 - https:\/\/yoast.com\/product\/yoast-seo-wordpress\/ -->\n<title>Logiciel SMS Marketing - AllMySMS<\/title>\n<meta name=\"description\" content=\"La r\u00e9f\u00e9rence des logiciels de SMS Marketing pour r\u00e9aliser vos campagnes SMS depuis votre ordinateur. Demandez votre d\u00e9monstration : +33 (0) 4 22 13 16 45\" \/>\n<meta name=\"robots\" content=\"index, follow, max-snippet:-1, max-image-preview:large, max-video-preview:-1\" \/>\n<link rel=\"canonical\" href=\"https:\/\/www.allmysms.com\/es\/logiciel-de-sms-marketing\/\" \/>\n<meta property=\"og:locale\" content=\"es_ES\" \/>\n<meta property=\"og:type\" content=\"article\" \/>\n<meta property=\"og:title\" content=\"Logiciel SMS Marketing - AllMySMS\" \/>\n<meta property=\"og:description\" content=\"La r\u00e9f\u00e9rence des logiciels de SMS Marketing pour r\u00e9aliser vos campagnes SMS depuis votre ordinateur. Demandez votre d\u00e9monstration : +33 (0) 4 22 13 16 45\" \/>\n<meta property=\"og:url\" content=\"https:\/\/www.allmysms.com\/es\/logiciel-de-sms-marketing\/\" \/>\n<meta property=\"og:site_name\" content=\"AllMySMS: Envoi SMS Pro, envoyer campagne SMS, marketing mobile\" \/>\n<meta property=\"article:publisher\" content=\"https:\/\/www.facebook.com\/allmysms\" \/>\n<meta property=\"article:modified_time\" content=\"2025-07-05T22:20:34+00:00\" \/>\n<meta name=\"twitter:card\" content=\"summary_large_image\" \/>\n<meta name=\"twitter:site\" content=\"@allmysms\" \/>\n<meta name=\"twitter:label1\" content=\"Est. reading time\" \/>\n\t<meta name=\"twitter:data1\" content=\"4 minutos\" \/>\n<script type=\"application\/ld+json\" class=\"yoast-schema-graph\">{\"@context\":\"https:\\\/\\\/schema.org\",\"@graph\":[{\"@type\":\"WebPage\",\"@id\":\"https:\\\/\\\/www.allmysms.com\\\/es\\\/logiciel-de-sms-marketing\\\/\",\"url\":\"https:\\\/\\\/www.allmysms.com\\\/es\\\/logiciel-de-sms-marketing\\\/\",\"name\":\"Logiciel SMS Marketing - AllMySMS\",\"isPartOf\":{\"@id\":\"https:\\\/\\\/www.allmysms.com\\\/es\\\/#website\"},\"datePublished\":\"2014-05-06T12:28:30+00:00\",\"dateModified\":\"2025-07-05T22:20:34+00:00\",\"description\":\"La r\u00e9f\u00e9rence des logiciels de SMS Marketing pour r\u00e9aliser vos campagnes SMS depuis votre ordinateur. Demandez votre d\u00e9monstration : +33 (0) 4 22 13 16 45\",\"breadcrumb\":{\"@id\":\"https:\\\/\\\/www.allmysms.com\\\/es\\\/logiciel-de-sms-marketing\\\/#breadcrumb\"},\"inLanguage\":\"es\",\"potentialAction\":[{\"@type\":\"ReadAction\",\"target\":[\"https:\\\/\\\/www.allmysms.com\\\/es\\\/logiciel-de-sms-marketing\\\/\"]}]},{\"@type\":\"BreadcrumbList\",\"@id\":\"https:\\\/\\\/www.allmysms.com\\\/es\\\/logiciel-de-sms-marketing\\\/#breadcrumb\",\"itemListElement\":[{\"@type\":\"ListItem\",\"position\":1,\"name\":\"Home\",\"item\":\"https:\\\/\\\/www.allmysms.com\\\/es\\\/\"},{\"@type\":\"ListItem\",\"position\":2,\"name\":\"Software de marketing por SMS\"}]},{\"@type\":\"WebSite\",\"@id\":\"https:\\\/\\\/www.allmysms.com\\\/es\\\/#website\",\"url\":\"https:\\\/\\\/www.allmysms.com\\\/es\\\/\",\"name\":\"AllMySMS: Envoi SMS Pro, envoyer campagne SMS, marketing mobile\",\"description\":\"Envoi de SMS Pro AllMySMS - Solution SMS Marketing\",\"potentialAction\":[{\"@type\":\"SearchAction\",\"target\":{\"@type\":\"EntryPoint\",\"urlTemplate\":\"https:\\\/\\\/www.allmysms.com\\\/es\\\/?s={search_term_string}\"},\"query-input\":{\"@type\":\"PropertyValueSpecification\",\"valueRequired\":true,\"valueName\":\"search_term_string\"}}],\"inLanguage\":\"es\"}]}<\/script>\n<!-- \/ Yoast SEO plugin. -->","yoast_head_json":{"title":"Logiciel SMS Marketing - AllMySMS","description":"La r\u00e9f\u00e9rence des logiciels de SMS Marketing pour r\u00e9aliser vos campagnes SMS depuis votre ordinateur. Demandez votre d\u00e9monstration : +33 (0) 4 22 13 16 45","robots":{"index":"index","follow":"follow","max-snippet":"max-snippet:-1","max-image-preview":"max-image-preview:large","max-video-preview":"max-video-preview:-1"},"canonical":"https:\/\/www.allmysms.com\/es\/logiciel-de-sms-marketing\/","og_locale":"es_ES","og_type":"article","og_title":"Logiciel SMS Marketing - AllMySMS","og_description":"La r\u00e9f\u00e9rence des logiciels de SMS Marketing pour r\u00e9aliser vos campagnes SMS depuis votre ordinateur. Demandez votre d\u00e9monstration : +33 (0) 4 22 13 16 45","og_url":"https:\/\/www.allmysms.com\/es\/logiciel-de-sms-marketing\/","og_site_name":"AllMySMS: Envoi SMS Pro, envoyer campagne SMS, marketing mobile","article_publisher":"https:\/\/www.facebook.com\/allmysms","article_modified_time":"2025-07-05T22:20:34+00:00","twitter_card":"summary_large_image","twitter_site":"@allmysms","twitter_misc":{"Est. reading time":"4 minutos"},"schema":{"@context":"https:\/\/schema.org","@graph":[{"@type":"WebPage","@id":"https:\/\/www.allmysms.com\/es\/logiciel-de-sms-marketing\/","url":"https:\/\/www.allmysms.com\/es\/logiciel-de-sms-marketing\/","name":"Logiciel SMS Marketing - AllMySMS","isPartOf":{"@id":"https:\/\/www.allmysms.com\/es\/#website"},"datePublished":"2014-05-06T12:28:30+00:00","dateModified":"2025-07-05T22:20:34+00:00","description":"La r\u00e9f\u00e9rence des logiciels de SMS Marketing pour r\u00e9aliser vos campagnes SMS depuis votre ordinateur. Demandez votre d\u00e9monstration : +33 (0) 4 22 13 16 45","breadcrumb":{"@id":"https:\/\/www.allmysms.com\/es\/logiciel-de-sms-marketing\/#breadcrumb"},"inLanguage":"es","potentialAction":[{"@type":"ReadAction","target":["https:\/\/www.allmysms.com\/es\/logiciel-de-sms-marketing\/"]}]},{"@type":"BreadcrumbList","@id":"https:\/\/www.allmysms.com\/es\/logiciel-de-sms-marketing\/#breadcrumb","itemListElement":[{"@type":"ListItem","position":1,"name":"Home","item":"https:\/\/www.allmysms.com\/es\/"},{"@type":"ListItem","position":2,"name":"Software de marketing por SMS"}]},{"@type":"WebSite","@id":"https:\/\/www.allmysms.com\/es\/#website","url":"https:\/\/www.allmysms.com\/es\/","name":"AllMySMS: Envoi SMS Pro, envoyer campagne SMS, marketing mobile","description":"Envoi de SMS Pro AllMySMS - Solution SMS Marketing","potentialAction":[{"@type":"SearchAction","target":{"@type":"EntryPoint","urlTemplate":"https:\/\/www.allmysms.com\/es\/?s={search_term_string}"},"query-input":{"@type":"PropertyValueSpecification","valueRequired":true,"valueName":"search_term_string"}}],"inLanguage":"es"}]}},"_links":{"self":[{"href":"https:\/\/www.allmysms.com\/es\/wp-json\/wp\/v2\/pages\/26194","targetHints":{"allow":["GET"]}}],"collection":[{"href":"https:\/\/www.allmysms.com\/es\/wp-json\/wp\/v2\/pages"}],"about":[{"href":"https:\/\/www.allmysms.com\/es\/wp-json\/wp\/v2\/types\/page"}],"author":[{"embeddable":true,"href":"https:\/\/www.allmysms.com\/es\/wp-json\/wp\/v2\/users\/13"}],"replies":[{"embeddable":true,"href":"https:\/\/www.allmysms.com\/es\/wp-json\/wp\/v2\/comments?post=26194"}],"version-history":[{"count":0,"href":"https:\/\/www.allmysms.com\/es\/wp-json\/wp\/v2\/pages\/26194\/revisions"}],"wp:attachment":[{"href":"https:\/\/www.allmysms.com\/es\/wp-json\/wp\/v2\/media?parent=26194"}],"curies":[{"name":"wp","href":"https:\/\/api.w.org\/{rel}","templated":true}]}}