{"id":26196,"date":"2014-03-27T16:20:54","date_gmt":"2014-03-27T15:20:54","guid":{"rendered":"https:\/\/www.allmysms.com\/conditions-generales-vente-sms\/"},"modified":"2025-07-05T22:27:11","modified_gmt":"2025-07-05T22:27:11","slug":"conditions-generales-vente-sms","status":"publish","type":"page","link":"https:\/\/www.allmysms.com\/es\/conditions-generales-vente-sms\/","title":{"rendered":"Conditions g\u00e9n\u00e9rales de vente"},"content":{"rendered":"<p>&nbsp;<\/p>\n<div class=\"content\" style=\"text-align: justify;\">\n<h2>Art\u00edculo 1:<\/h2>\n<p>El proveedor es la empresa denominada en lo sucesivo \u00abOportunidad\u00bb, con domicilio social en 25 rue de Ponthieu, 75008 PAR\u00cdS, FRANCIA.<br \/>\nSAS con capital de 1.021.285,00 euros, n\u00famero RCS Par\u00eds: 481 483 626.<\/p>\n<p>Cliente es la persona f\u00edsica o jur\u00eddica que firma el formulario de pedido en l\u00ednea.<br \/>\nIdentificador\u00bb es la pareja nombre de usuario\/contrase\u00f1a que permite al Cliente identificarse en la red.<br \/>\nEspacio cliente es el espacio de almacenamiento asignado por Opportunity a cada cliente.<br \/>\nUna netiqueta es un conjunto de reglas para los usuarios de Internet, entre las que se incluyen:<\/p>\n<ul>\n<li>No env\u00edes mensajes de texto masivos a personas que no los hayan solicitado (\u00abcorreo basura\u00bb o \u00abspam\u00bb).<\/li>\n<li>No publique un mensaje en uno o varios grupos de noticias con contenido no relacionado con el tema de estos grupos.<\/li>\n<li>Respete los derechos de autor.<\/li>\n<li>No ir en contra de RFC1855<\/li>\n<\/ul>\n<h2>Art\u00edculo 2:<\/h2>\n<p>El presente contrato tiene por objeto definir las condiciones en las que Opportunity pone a disposici\u00f3n de su cliente sus productos: la oferta SMS y cualquier oferta SMS+.<br \/>\nLa oferta completa de Opportunity allmysms se encuentra en: https:\/\/www.allmysms.com. El formulario de pedido que aparece en l\u00ednea forma parte integrante del presente contrato. Todo pedido de uno o varios productos Opportunity en l\u00ednea implica la aceptaci\u00f3n del presente contrato.<br \/>\nEn lo que respecta a los packs SMS, no existe un periodo de validez fijo siempre que las tarifas no aumenten, en cuyo caso la validez de los packs se fijar\u00e1 en un a\u00f1o a partir de la fecha de compra, tal y como se acredite en la factura.<br \/>\nCualquier impago o retraso en el pago por parte del cliente dar\u00e1 lugar a la rescisi\u00f3n autom\u00e1tica del presente contrato. Opportunity se reserva el derecho de rescindir el presente contrato en cualquier momento y sin previo aviso, previo env\u00edo de una carta certificada al cliente (a la direcci\u00f3n facilitada al registrarse en l\u00ednea). En caso de impago, incumplimiento de las Condiciones de Uso, o por cualquier otra raz\u00f3n a discreci\u00f3n de Opportunity, Opportunity tendr\u00e1 derecho, sin previo aviso y de forma inmediata, a suspender la cuenta del cliente y reembolsar el saldo no utilizado del pago. En caso de incumplimiento de las pol\u00edticas de uso del servicio o uso fraudulento de la plataforma, la cuenta del cliente podr\u00e1 ser suspendida sin derecho a reembolso.<\/p>\n<h2>Art\u00edculo 3:<\/h2>\n<h3>3.1 \u2013 El identificador :<\/h3>\n<p>Tras el pedido en l\u00ednea y la validaci\u00f3n del pago del producto, el cliente recibe un identificador en la direcci\u00f3n de correo electr\u00f3nico indicada en el formulario de pedido. Este identificador se utiliza para gestionar los productos Opportunity pedidos por el cliente (acceso al \u00e1rea de clientes).<\/p>\n<h3>3.2 \u2013 \u00c1rea de clientes :<\/h3>\n<p>Opportunity ofrece alojar sus bases de datos de clientes y listas de n\u00fameros en sus servidores, gratuitamente o mediante el pago de una cuota de alquiler, cuyo coste depende del producto elegido por el cliente. Opportunity se compromete a no divulgar ni utilizar en ning\u00fan caso las bases de datos de clientes alojadas en sus servidores.<br \/>\nEl cliente tiene total libertad en cuanto al contenido de los sms y sms+, limitado a 160 caracteres para la oferta SMS.<br \/>\nCuando se devuelva el mensaje SMS+, se incluir\u00e1 en el sms-mt la menci\u00f3n \u00abeditado por msinnovations\u00bb, de conformidad con la normativa que regula los sms+ y respetando las leyes y reglamentos vigentes en Francia y en el pa\u00eds de origen. En particular, queda prohibida la publicaci\u00f3n de cualquier tipo de contenido asociado directa o indirectamente:<\/p>\n<ul>\n<li>pornograf\u00eda<\/li>\n<li>programas pirateados ( MP3, cracks &#8230; )<\/li>\n<li>estafas ( Payplay fishing, etc&#8230;)<\/li>\n<li>de car\u00e1cter racista, antisemita o profano<\/li>\n<\/ul>\n<p>Opportunity se reserva el derecho de rechazar, en cualquier momento y sin previo aviso, el env\u00edo de mensajes de texto cuyo contenido considere contrario a la legislaci\u00f3n francesa o internacional o a las normas de etiqueta.<\/p>\n<h2>Art\u00edculo 4:<\/h2>\n<p>El cliente se compromete a proporcionar informaci\u00f3n exacta y sincera al registrarse. El cliente se compromete a informar a Opportunity de cualquier cambio en la informaci\u00f3n proporcionada y ser\u00e1 el \u00fanico responsable de cualquier mal funcionamiento que pueda derivarse de una informaci\u00f3n incorrecta.<br \/>\nEl cliente asume la responsabilidad exclusiva de cualquier infracci\u00f3n de la propiedad intelectual o industrial de terceros, del orden p\u00fablico y de las buenas costumbres, as\u00ed como de cualquier otro litigio relativo al mensaje o mensajes sms enviados por Opportunity.<br \/>\nEl cliente es el \u00fanico responsable de la elecci\u00f3n del contenido de los mensajes sms. En ning\u00fan caso Opportunity ser\u00e1 responsable de las reclamaciones relativas al contenido de los mensajes sms.<br \/>\nEl cliente debe mantener una direcci\u00f3n de correo electr\u00f3nico y una direcci\u00f3n postal v\u00e1lidas. La informaci\u00f3n se actualizar\u00e1 a trav\u00e9s de la interfaz web prevista a tal efecto.<br \/>\nEl cliente se compromete a no penetrar en los sistemas inform\u00e1ticos de Opportunity ni a intentarlo.<br \/>\nEn caso de informaci\u00f3n incompleta o err\u00f3nea, falta de documentos o incumplimiento de la pol\u00edtica de nombres, Opportunity suspender\u00e1 todas las solicitudes y no se emitir\u00e1 ninguna nota de cr\u00e9dito ni reembolso. A continuaci\u00f3n, dispondr\u00e1 de 14 d\u00edas para facilitarnos la informaci\u00f3n necesaria. Transcurrido este plazo, su solicitud quedar\u00e1 anulada.<br \/>\nDe conformidad con el art\u00edculo 34 de la Ley francesa 78-17 de 6 de enero de 1978 relativa a la inform\u00e1tica, los archivos y las libertades, usted dispone de un derecho de acceso, rectificaci\u00f3n y supresi\u00f3n de sus datos personales. Podemos enviarle informaci\u00f3n sobre nuestros productos. En ning\u00fan caso facilitamos sus datos de contacto a terceras empresas.<\/p>\n<h2>Art\u00edculo 5:<\/h2>\n<p>Opportunity se compromete a hacer todo lo posible para grabar y enviar mensajes sms una vez que se haya pagado el pedido correspondiente. No obstante, se trata de una obligaci\u00f3n de medios y en ning\u00fan caso de una obligaci\u00f3n de resultado.<\/p>\n<h3>5.1 \u2013 Contenido:<\/h3>\n<p>Opportunity no tiene ning\u00fan control sobre el contenido enviado por el cliente, ya sea a trav\u00e9s del \u00e1rea de clientes o por correo. En ning\u00fan caso Opportunity ser\u00e1 responsable de cualquier acci\u00f3n o recurso de terceros, en particular como consecuencia de:<br \/>\nInformaci\u00f3n, sonidos, im\u00e1genes, textos y cualquier documento multimedia contrario a la legislaci\u00f3n y normativa vigente, contenidos y\/o distribuidos en su \u00e1rea de cliente por el cliente.<br \/>\nInfracci\u00f3n de los derechos de propiedad intelectual relativos a las obras contenidas o distribuidas, total o parcialmente, en el espacio cliente del cliente.<\/p>\n<h3>5.2 \u2013 Accesibilidad:<\/h3>\n<p>Debido a las caracter\u00edsticas y limitaciones de Internet, que el cliente declara conocer, Opportunity no se hace responsable en ning\u00fan caso de la velocidad de env\u00edo de los mensajes sms en todo el mundo ni de las posibles ralentizaciones o dificultades de acceso al espacio cliente. Opportunity tampoco se hace responsable de la falta de entrega de mensajes sms o correos electr\u00f3nicos debido a las mismas limitaciones y caracter\u00edsticas de Internet. Opportunity se reserva el derecho de interrumpir temporalmente el acceso a sus servicios por razones de mantenimiento y\/o mejora sin derecho a indemnizaci\u00f3n alguna. No obstante, Opportunity se compromete a hacer todo lo posible para minimizar dichas interrupciones.<\/p>\n<h3>5.3 \u2013 Seguridad:<\/h3>\n<p>Opportunity no se hace responsable de los accesos malintencionados a la cuenta del cliente ni de la pirater\u00eda del buz\u00f3n del cliente, a pesar de todas las medidas de seguridad adoptadas por Opportunity.<\/p>\n<h3>5.4 \u2013 Denegaci\u00f3n de garant\u00edas:<\/h3>\n<p>Los servicios ofrecidos por Opportunity se prestan en funci\u00f3n de su disponibilidad. Opportunity niega espec\u00edficamente cualquier otra garant\u00eda, incluyendo cualquier garant\u00eda de comerciabilidad o idoneidad para un prop\u00f3sito particular. En ning\u00fan caso Opportunity ser\u00e1 responsable de los da\u00f1os indirectos, especiales o accidentales. Incluso si Opportunity ha sido advertido por el cliente de la posibilidad de tales p\u00e9rdidas o da\u00f1os. Si el servicio de Opportunity al cliente se interrumpe, o deja de funcionar por cualquier raz\u00f3n, Opportunity no se hace responsable de la p\u00e9rdida de ingresos debido a la interrupci\u00f3n del servicio.<\/p>\n<h3>5.5 \u2013 Fuerza mayor:<\/h3>\n<p>Opportunity no ser\u00e1 responsable de ning\u00fan retraso o falta de ejecuci\u00f3n cuando la causa del retraso o de la falta de ejecuci\u00f3n se deba a la aparici\u00f3n de un caso de fuerza mayor habitualmente reconocido por la jurisprudencia. El caso de fuerza mayor suspende las obligaciones derivadas del presente contrato mientras exista. No obstante, si el caso de fuerza mayor se prolonga durante m\u00e1s de 30 d\u00edas consecutivos, dar\u00e1 derecho a cualquiera de las partes a resolver el presente contrato ipso iure ocho d\u00edas despu\u00e9s del env\u00edo de una carta certificada con acuse de recibo notificando esta decisi\u00f3n.<\/p>\n<h3>5.6 \u2013 Compensaci\u00f3n:<\/h3>\n<p>El cliente se compromete a defender, indemnizar y mantener indemne al proveedor frente a cualquier p\u00e9rdida, da\u00f1o o reclamaci\u00f3n, (incluidos los honorarios de abogados) relacionados con el uso del servicio prestado por el proveedor al cliente en virtud del presente acuerdo, incluyendo pero no limitado a: publicidad enga\u00f1osa, responsabilidad reclamada por producto o servicio vendido por el cliente, derechos de autor o marca registrada, interrupci\u00f3n o defecto en el funcionamiento del servicio o por cualquier contenido enviado por el cliente.<\/p>\n<h2>Art\u00edculo 6:<\/h2>\n<p>Cualquier impago o retraso en el pago por parte del cliente dar\u00e1 lugar a la rescisi\u00f3n autom\u00e1tica del presente contrato. El cliente podr\u00e1 rescindir la suscripci\u00f3n antes de que finalice el plazo notific\u00e1ndolo a Opportunity por escrito (carta certificada con acuse de recibo). Esto no dar\u00e1 lugar a ning\u00fan reembolso.<br \/>\nSi no desea renovar su contrato, simplemente no responda a nuestros recordatorios.<br \/>\nAdem\u00e1s, de conformidad con el art\u00edculo 441-6 del C\u00f3digo de Comercio franc\u00e9s, en caso de impago se devengar\u00e1n penalizaciones por demora que se calcular\u00e1n a raz\u00f3n de 3 veces el tipo de inter\u00e9s legal vigente, as\u00ed como una indemnizaci\u00f3n fija por gastos de cobro de 40 euros. El pago anticipado de las facturas no dar\u00e1 lugar a ning\u00fan descuento.<\/p>\n<h2>Art\u00edculo 7:<\/h2>\n<p>Los precios de los mensajes SMS y de los servicios ofrecidos son los que figuran en el formulario de pedido. Incluyen todos los impuestos y son pagaderos en un plazo de 30 d\u00edas. Opportunity puede modificar sus precios en cualquier momento sin previo aviso. El precio de los servicios pagados por adelantado est\u00e1 garantizado para el periodo en cuesti\u00f3n. Opportunity se reserva el derecho de repercutir sin demora cualquier nuevo impuesto o cualquier aumento del tipo de los impuestos existentes.<\/p>\n<\/div>\n<p>&nbsp;<\/p>\n","protected":false},"excerpt":{"rendered":"<p>&nbsp; Art\u00edculo 1: El proveedor es la empresa denominada en lo sucesivo \u00abOportunidad\u00bb, con domicilio social en 25 rue de Ponthieu, 75008 PAR\u00cdS, FRANCIA. SAS con capital de 1.021.285,00 euros, n\u00famero RCS Par\u00eds: 481 483 626. Cliente es la persona f\u00edsica o jur\u00eddica que firma el formulario de pedido en l\u00ednea. Identificador\u00bb es la pareja [&hellip;]<\/p>\n","protected":false},"author":13,"featured_media":0,"parent":0,"menu_order":39,"comment_status":"open","ping_status":"open","template":"elementor_header_footer","meta":{"_acf_changed":false,"inline_featured_image":false,"footnotes":""},"class_list":["post-26196","page","type-page","status-publish","hentry"],"acf":[],"yoast_head":"<!-- This site is optimized with the Yoast SEO plugin v27.3 - https:\/\/yoast.com\/product\/yoast-seo-wordpress\/ -->\n<title>Conditions g\u00e9n\u00e9rales de vente AllMySMS.com - Envoi SMS Pro<\/title>\n<meta name=\"description\" content=\"Conditions g\u00e9n\u00e9rales de vente SMS du site www.allmysms.com. D\u00e9taill\u00e9es par articles. Contactez-nous pour plus d&#039;informations.\" \/>\n<meta name=\"robots\" content=\"index, follow, max-snippet:-1, max-image-preview:large, max-video-preview:-1\" \/>\n<link rel=\"canonical\" href=\"https:\/\/www.allmysms.com\/es\/conditions-generales-vente-sms\/\" \/>\n<meta property=\"og:locale\" content=\"es_ES\" \/>\n<meta property=\"og:type\" content=\"article\" \/>\n<meta property=\"og:title\" content=\"Conditions g\u00e9n\u00e9rales de vente AllMySMS.com - Envoi SMS Pro\" \/>\n<meta property=\"og:description\" content=\"Conditions g\u00e9n\u00e9rales de vente SMS du site www.allmysms.com. D\u00e9taill\u00e9es par articles. Contactez-nous pour plus d&#039;informations.\" \/>\n<meta property=\"og:url\" content=\"https:\/\/www.allmysms.com\/es\/conditions-generales-vente-sms\/\" \/>\n<meta property=\"og:site_name\" content=\"AllMySMS: Envoi SMS Pro, envoyer campagne SMS, marketing mobile\" \/>\n<meta property=\"article:publisher\" content=\"https:\/\/www.facebook.com\/allmysms\" \/>\n<meta property=\"article:modified_time\" content=\"2025-07-05T22:27:11+00:00\" \/>\n<meta name=\"twitter:card\" content=\"summary_large_image\" \/>\n<meta name=\"twitter:site\" content=\"@allmysms\" \/>\n<meta name=\"twitter:label1\" content=\"Est. reading time\" \/>\n\t<meta name=\"twitter:data1\" content=\"9 minutos\" \/>\n<script type=\"application\/ld+json\" class=\"yoast-schema-graph\">{\"@context\":\"https:\\\/\\\/schema.org\",\"@graph\":[{\"@type\":\"WebPage\",\"@id\":\"https:\\\/\\\/www.allmysms.com\\\/es\\\/conditions-generales-vente-sms\\\/\",\"url\":\"https:\\\/\\\/www.allmysms.com\\\/es\\\/conditions-generales-vente-sms\\\/\",\"name\":\"Conditions g\u00e9n\u00e9rales de vente AllMySMS.com - Envoi SMS Pro\",\"isPartOf\":{\"@id\":\"https:\\\/\\\/www.allmysms.com\\\/es\\\/#website\"},\"datePublished\":\"2014-03-27T15:20:54+00:00\",\"dateModified\":\"2025-07-05T22:27:11+00:00\",\"description\":\"Conditions g\u00e9n\u00e9rales de vente SMS du site www.allmysms.com. D\u00e9taill\u00e9es par articles. Contactez-nous pour plus d'informations.\",\"breadcrumb\":{\"@id\":\"https:\\\/\\\/www.allmysms.com\\\/es\\\/conditions-generales-vente-sms\\\/#breadcrumb\"},\"inLanguage\":\"es\",\"potentialAction\":[{\"@type\":\"ReadAction\",\"target\":[\"https:\\\/\\\/www.allmysms.com\\\/es\\\/conditions-generales-vente-sms\\\/\"]}]},{\"@type\":\"BreadcrumbList\",\"@id\":\"https:\\\/\\\/www.allmysms.com\\\/es\\\/conditions-generales-vente-sms\\\/#breadcrumb\",\"itemListElement\":[{\"@type\":\"ListItem\",\"position\":1,\"name\":\"Home\",\"item\":\"https:\\\/\\\/www.allmysms.com\\\/es\\\/\"},{\"@type\":\"ListItem\",\"position\":2,\"name\":\"Conditions g\u00e9n\u00e9rales de vente\"}]},{\"@type\":\"WebSite\",\"@id\":\"https:\\\/\\\/www.allmysms.com\\\/es\\\/#website\",\"url\":\"https:\\\/\\\/www.allmysms.com\\\/es\\\/\",\"name\":\"AllMySMS: Envoi SMS Pro, envoyer campagne SMS, marketing mobile\",\"description\":\"Envoi de SMS Pro AllMySMS - Solution SMS Marketing\",\"potentialAction\":[{\"@type\":\"SearchAction\",\"target\":{\"@type\":\"EntryPoint\",\"urlTemplate\":\"https:\\\/\\\/www.allmysms.com\\\/es\\\/?s={search_term_string}\"},\"query-input\":{\"@type\":\"PropertyValueSpecification\",\"valueRequired\":true,\"valueName\":\"search_term_string\"}}],\"inLanguage\":\"es\"}]}<\/script>\n<!-- \/ Yoast SEO plugin. -->","yoast_head_json":{"title":"Conditions g\u00e9n\u00e9rales de vente AllMySMS.com - Envoi SMS Pro","description":"Conditions g\u00e9n\u00e9rales de vente SMS du site www.allmysms.com. D\u00e9taill\u00e9es par articles. Contactez-nous pour plus d'informations.","robots":{"index":"index","follow":"follow","max-snippet":"max-snippet:-1","max-image-preview":"max-image-preview:large","max-video-preview":"max-video-preview:-1"},"canonical":"https:\/\/www.allmysms.com\/es\/conditions-generales-vente-sms\/","og_locale":"es_ES","og_type":"article","og_title":"Conditions g\u00e9n\u00e9rales de vente AllMySMS.com - Envoi SMS Pro","og_description":"Conditions g\u00e9n\u00e9rales de vente SMS du site www.allmysms.com. D\u00e9taill\u00e9es par articles. Contactez-nous pour plus d'informations.","og_url":"https:\/\/www.allmysms.com\/es\/conditions-generales-vente-sms\/","og_site_name":"AllMySMS: Envoi SMS Pro, envoyer campagne SMS, marketing mobile","article_publisher":"https:\/\/www.facebook.com\/allmysms","article_modified_time":"2025-07-05T22:27:11+00:00","twitter_card":"summary_large_image","twitter_site":"@allmysms","twitter_misc":{"Est. reading time":"9 minutos"},"schema":{"@context":"https:\/\/schema.org","@graph":[{"@type":"WebPage","@id":"https:\/\/www.allmysms.com\/es\/conditions-generales-vente-sms\/","url":"https:\/\/www.allmysms.com\/es\/conditions-generales-vente-sms\/","name":"Conditions g\u00e9n\u00e9rales de vente AllMySMS.com - Envoi SMS Pro","isPartOf":{"@id":"https:\/\/www.allmysms.com\/es\/#website"},"datePublished":"2014-03-27T15:20:54+00:00","dateModified":"2025-07-05T22:27:11+00:00","description":"Conditions g\u00e9n\u00e9rales de vente SMS du site www.allmysms.com. D\u00e9taill\u00e9es par articles. Contactez-nous pour plus d'informations.","breadcrumb":{"@id":"https:\/\/www.allmysms.com\/es\/conditions-generales-vente-sms\/#breadcrumb"},"inLanguage":"es","potentialAction":[{"@type":"ReadAction","target":["https:\/\/www.allmysms.com\/es\/conditions-generales-vente-sms\/"]}]},{"@type":"BreadcrumbList","@id":"https:\/\/www.allmysms.com\/es\/conditions-generales-vente-sms\/#breadcrumb","itemListElement":[{"@type":"ListItem","position":1,"name":"Home","item":"https:\/\/www.allmysms.com\/es\/"},{"@type":"ListItem","position":2,"name":"Conditions g\u00e9n\u00e9rales de vente"}]},{"@type":"WebSite","@id":"https:\/\/www.allmysms.com\/es\/#website","url":"https:\/\/www.allmysms.com\/es\/","name":"AllMySMS: Envoi SMS Pro, envoyer campagne SMS, marketing mobile","description":"Envoi de SMS Pro AllMySMS - Solution SMS Marketing","potentialAction":[{"@type":"SearchAction","target":{"@type":"EntryPoint","urlTemplate":"https:\/\/www.allmysms.com\/es\/?s={search_term_string}"},"query-input":{"@type":"PropertyValueSpecification","valueRequired":true,"valueName":"search_term_string"}}],"inLanguage":"es"}]}},"_links":{"self":[{"href":"https:\/\/www.allmysms.com\/es\/wp-json\/wp\/v2\/pages\/26196","targetHints":{"allow":["GET"]}}],"collection":[{"href":"https:\/\/www.allmysms.com\/es\/wp-json\/wp\/v2\/pages"}],"about":[{"href":"https:\/\/www.allmysms.com\/es\/wp-json\/wp\/v2\/types\/page"}],"author":[{"embeddable":true,"href":"https:\/\/www.allmysms.com\/es\/wp-json\/wp\/v2\/users\/13"}],"replies":[{"embeddable":true,"href":"https:\/\/www.allmysms.com\/es\/wp-json\/wp\/v2\/comments?post=26196"}],"version-history":[{"count":0,"href":"https:\/\/www.allmysms.com\/es\/wp-json\/wp\/v2\/pages\/26196\/revisions"}],"wp:attachment":[{"href":"https:\/\/www.allmysms.com\/es\/wp-json\/wp\/v2\/media?parent=26196"}],"curies":[{"name":"wp","href":"https:\/\/api.w.org\/{rel}","templated":true}]}}