{"id":26198,"date":"2014-02-04T21:01:16","date_gmt":"2014-02-04T20:01:16","guid":{"rendered":"https:\/\/www.allmysms.com\/confidentialite\/"},"modified":"2025-07-05T22:16:24","modified_gmt":"2025-07-05T22:16:24","slug":"confidentialite","status":"publish","type":"page","link":"https:\/\/www.allmysms.com\/es\/confidentialite\/","title":{"rendered":"POLITIQUE DE CONFIDENTIALIT\u00c9 DES DONN\u00c9ES \u00c0 CARACT\u00c8RE PERSONNEL"},"content":{"rendered":"<p>&nbsp;<\/p>\n<p>En el ejercicio de su actividad y para que sus usuarios, es decir, sus clientes y futuros clientes (en adelante, los \u00abUsuarios\u00bb) puedan beneficiarse de los servicios ofrecidos por su sitio web www.allmysms.com, Opportunity recoge y trata sus datos personales.<\/p>\n<p>Esta pol\u00edtica se aplica cuando actuamos como responsables del tratamiento en relaci\u00f3n con los datos personales de los Usuarios de nuestro sitio web www.allmysms.com, es decir, cuando determinamos los fines y medios del tratamiento de dichos datos personales.<\/p>\n<p>Esta pol\u00edtica no se aplica a los datos que usted comparte con Opportunity cuando usted es el controlador de datos y nosotros somos el procesador de datos. Para obtener informaci\u00f3n sobre c\u00f3mo Opportunity protege sus datos como procesador, por favor consulte nuestra secci\u00f3n de Seguridad de Datos de nuestros T\u00e9rminos y Condiciones.<\/p>\n<p>Opportunity concede gran importancia al respeto de la vida privada y la confidencialidad de los datos personales de sus Usuarios, por lo que se compromete a tratar los datos de conformidad con las leyes y reglamentos aplicables y, en particular, la Ley n.\u00ba 78-17, de 6 de enero de 1978, relativa a la inform\u00e1tica, los ficheros y libertades (en adelante, la \u00abLOPD\u00bb), y el Reglamento (UE) 2016\/679 del Parlamento Europeo y del Consejo, de 27 de abril de 2016, relativo a la protecci\u00f3n de las personas f\u00edsicas en lo que respecta al tratamiento de datos personales y a la libre circulaci\u00f3n de estos datos (en adelante, el \u00abRGPD\u00bb). Al utilizar el sitio web www.allmysms.com de Opportunity, los Usuarios aceptan las pr\u00e1cticas utilizadas en relaci\u00f3n con los datos que se describen en esta declaraci\u00f3n. Esta pol\u00edtica de privacidad se aplica a todos los servicios prestados por Opportunity.<\/p>\n<p>Por favor lea abajo toda la pol\u00edtica de privacidad de Opportunity.<\/p>\n<p><strong>Algunas definiciones<\/strong><\/p>\n<p><strong>Datos personales<\/strong> : Los datos personales son cualquier informaci\u00f3n relativa a una persona f\u00edsica identificada o identificable, es decir, una persona que puede ser identificada, directa o indirectamente, por referencia a un n\u00famero de identificaci\u00f3n o a uno o m\u00e1s factores espec\u00edficos de esa persona.<\/p>\n<p><strong>\u00a0Tratamiento de datos personales<\/strong> : tratamiento de datos personales: cualquier operaci\u00f3n o conjunto de operaciones, cualquiera que sea el procedimiento utilizado, que se efect\u00faen sobre datos personales, y en particular la recogida, registro, organizaci\u00f3n, conservaci\u00f3n, adaptaci\u00f3n o modificaci\u00f3n, extracci\u00f3n, consulta, utilizaci\u00f3n, comunicaci\u00f3n por transmisi\u00f3n, difusi\u00f3n o cualquier otra forma de habilitaci\u00f3n de acceso, cotejo o interconexi\u00f3n, as\u00ed como su bloqueo, supresi\u00f3n o destrucci\u00f3n.<\/p>\n<p><strong>Controlador de datos <\/strong>: un responsable del tratamiento es la persona f\u00edsica o jur\u00eddica, autoridad p\u00fablica, agencia u otro organismo que, solo o conjuntamente con otros, determina los fines y los medios de la operaci\u00f3n de tratamiento.<\/p>\n<p><strong>Subcontratista <\/strong>: un encargado del tratamiento es la persona f\u00edsica o jur\u00eddica, autoridad p\u00fablica, agencia u otro organismo que, solo o conjuntamente con otros, determina los fines y los medios del tratamiento.<\/p>\n<p><strong>Cookie<\/strong> : una cookie es un fragmento de informaci\u00f3n colocado en el disco duro de un usuario de Internet por el servidor del sitio que est\u00e1 visitando. Contiene varios datos: el nombre del servidor que la coloc\u00f3, un identificador en forma de n\u00famero \u00fanico y, posiblemente, una fecha de caducidad. A veces, esta informaci\u00f3n se almacena en el ordenador en un simple archivo de texto al que accede un servidor para leer y registrar la informaci\u00f3n.<\/p>\n<p>Una cookie no puede ejecutar programas ni introducir virus en el ordenador del internauta. Las cookies tienen una asignaci\u00f3n \u00fanica y s\u00f3lo pueden ser le\u00eddas por un servidor web del dominio que emiti\u00f3 la cookie al usuario de Internet.<\/p>\n<p>&nbsp;<\/p>\n<p><strong>Controlador de datos &#8211; RPD<\/strong><\/p>\n<p>La empresa responsable del tratamiento de los datos personales aqu\u00ed mencionados es Opportunity, sociedad por acciones simplificada con un capital de 13349,40 euros, inscrita en el Registro Mercantil y de Sociedades de Par\u00eds con el n\u00famero 481 483 626 y cuyo domicilio social se encuentra en 25 rue de Ponthieu, 75008 Par\u00eds.<\/p>\n<p>Opportunity ha designado a un responsable de la protecci\u00f3n de datos con el que puede ponerse en contacto en la siguiente direcci\u00f3n: dpo@sallmysms.com.<\/p>\n<p>&nbsp;<\/p>\n<p><strong>Recogida de datos personales<\/strong><\/p>\n<p>Cuando los Usuarios realizan un pedido, Opportunity recopila informaci\u00f3n de identificaci\u00f3n personal, como la direcci\u00f3n de correo electr\u00f3nico, el nombre, la direcci\u00f3n del domicilio o del trabajo y el n\u00famero de tel\u00e9fono.<\/p>\n<p>La informaci\u00f3n recogida en el sitio puede ser compartida dentro de Opportunity y sus filiales controladas, y los datos personales pueden ser almacenados y procesados fuera del pa\u00eds de los Usuarios. Al utilizar los servicios de Opportunity, los Usuarios consienten dichas transferencias a cualquier pa\u00eds dentro o fuera de la Uni\u00f3n Europea. Opportunity implementa salvaguardas para garantizar la protecci\u00f3n y seguridad de estos datos, en cumplimiento de la normativa.<\/p>\n<p>Cierta informaci\u00f3n sobre las acciones que los Usuarios llevan a cabo en su \u00e1rea de cliente tambi\u00e9n puede ser recogida autom\u00e1ticamente por el sitio web de Opportunity. Esta informaci\u00f3n puede incluir: las fechas de las \u00faltimas conexiones a este espacio, las fechas del \u00faltimo uso de las herramientas proporcionadas. Esta informaci\u00f3n es recogida por Opportunity para mejorar la calidad del servicio cuando los Usuarios contactan con sus servicios.<\/p>\n<p>Opportunity no tiene conocimiento de los datos bancarios de los Usuarios cuando pagan con tarjeta de cr\u00e9dito. Las operaciones bancarias se realizan directamente en el servidor del banco.<\/p>\n<p>Opportunity anima a sus Usuarios a consultar las cl\u00e1usulas de funcionalidad de los sitios web a los que decidan conectarse desde su sitio web, pero no se hace responsable de las cl\u00e1usulas de confidencialidad ni del contenido de estos sitios web externos.<\/p>\n<p>&nbsp;<\/p>\n<p><strong>Uso de datos personales<\/strong><\/p>\n<p>El sitio AllMySMS.com, propiedad de Opportunity, recoge y utiliza la informaci\u00f3n personal de los Usuarios para procesar pedidos y proporcionar los servicios solicitados. Opportunity tambi\u00e9n puede utilizar la informaci\u00f3n personal de los Usuarios para informarles de la disponibilidad de otros productos o servicios. Opportunity puede tambi\u00e9n ponerse en contacto con los Usuarios mediante cuestionarios destinados a conocer su opini\u00f3n sobre los servicios prestados actualmente o potenciales servicios a ofrecer en el futuro.<\/p>\n<p>Opportunity no vende, alquila o arrienda su lista de clientes a terceras partes. Adem\u00e1s, Opportunity puede compartir los datos con socios fiables que proporcionan ciertos servicios avanzados. Est\u00e1 prohibida a todos los terceros la utilizaci\u00f3n de la informaci\u00f3n personal de los usuarios de Opportunity con excepci\u00f3n de proporcionar estos servicios a Opportunity, y se le pide mantenga discreci\u00f3n en lo que ata\u00f1e a la informaci\u00f3n.<\/p>\n<p>Opportunity no utiliza ni divulga ninguna informaci\u00f3n personal sin el consentimiento expreso de sus usuarios.<\/p>\n<p>Opportunity s\u00f3lo revelar\u00e1 informaci\u00f3n personal sin notificarlo si es requerido por ley o cuando se crea de buena fe que dicha acci\u00f3n es necesaria para:<\/p>\n<p>(a) cumplir con los requisitos legales o el cumplimiento de un proceso legal realizado sobre Opportunity o el Sitio Web;<\/p>\n<p>(b) proteger y defender los derechos o la propiedad de Opportunity;<\/p>\n<p>(c) actuar en circunstancias cr\u00edticas para proteger la seguridad personal de otros clientes o del p\u00fablico.<\/p>\n<p>&nbsp;<\/p>\n<p><strong>Conservaci\u00f3n de datos personales<\/strong><\/p>\n<p>Para cumplir con sus obligaciones legales o disponer de los elementos necesarios para hacer valer sus derechos, Opportunity podr\u00e1 archivar los datos en las condiciones previstas por la normativa.<\/p>\n<p>&nbsp;<\/p>\n<p>As\u00ed, los datos personales recogidos por Opportunity relativos a la identidad y a los datos de contacto de sus Usuarios se archivan durante un per\u00edodo m\u00e1ximo de dos a\u00f1os a partir de la terminaci\u00f3n de la relaci\u00f3n contractual para los Usuarios que son clientes, o a partir de la fecha de recogida por el responsable del tratamiento o del \u00faltimo contacto de los Usuarios que son clientes potenciales para los datos relativos a estos \u00faltimos.<\/p>\n<p>Se entiende por terminaci\u00f3n de la relaci\u00f3n contractual la rescisi\u00f3n expresa del contrato por parte del Usuario o la no utilizaci\u00f3n de los servicios de Opportunity durante un periodo de cinco a\u00f1os.<\/p>\n<p>&nbsp;<\/p>\n<p><strong>Uso de cookies<\/strong><\/p>\n<p>El sitio www.allmysms.com de Opportunity utiliza cookies para facilitar la navegaci\u00f3n por el sitio, para llevar a cabo el servicio prestado por Opportunity, para medir la audiencia del sitio y para permitir compartir las p\u00e1ginas del sitio.<\/p>\n<p>Los usuarios dan su consentimiento expreso, ya sea haciendo clic en el bot\u00f3n \u00abAceptar\u00bb del banner del sitio web o continuando la navegaci\u00f3n.<\/p>\n<p>&nbsp;<\/p>\n<ol>\n<li><strong>Tipos de cookies utilizadas<\/strong><\/li>\n<\/ol>\n<p>(a) Cookies necesarias para la navegaci\u00f3n por el sitio<\/p>\n<p>Estas cookies son necesarias para el funcionamiento del sitio web www.allmysms.com. Permiten utilizar las principales funciones del sitio.<\/p>\n<p>Sin estas cookies, los Usuarios no pueden utilizar el sitio con normalidad.<\/p>\n<p>(b) Cookies funcionales<\/p>\n<p>Estas cookies se utilizan para personalizar la experiencia del Usuario.<\/p>\n<p>(c) Cookies anal\u00edticas<\/p>\n<p>Estas cookies se utilizan para rastrear el uso y el rendimiento del sitio y para mejorar su funcionamiento mediante el an\u00e1lisis del n\u00famero de visitantes a las p\u00e1ginas de informaci\u00f3n y el seguimiento de las tasas de apertura, las tasas de clics y las tasas de rebote a nivel individual.<\/p>\n<p>&nbsp;<\/p>\n<ol start=\"2\">\n<li>Gesti\u00f3n de cookies<\/li>\n<\/ol>\n<p>El Usuario tiene la opci\u00f3n de aceptar o rechazar las cookies en el sitio o rechazarlas definitivamente configurando su navegador.<\/p>\n<p>Si el Usuario opta por rechazar todas las cookies, la navegaci\u00f3n por determinadas p\u00e1ginas del sitio se ver\u00e1 reducida.<\/p>\n<p>Dependiendo del navegador utilizado por los Usuarios, los m\u00e9todos para eliminar las cookies difieren (por favor, consulte las instrucciones en el men\u00fa del navegador). :<\/p>\n<p>&nbsp;<\/p>\n<ol start=\"3\">\n<li>Duraci\u00f3n de la cookie<\/li>\n<\/ol>\n<p>Las cookies se almacenan en el terminal del Usuario durante un per\u00edodo m\u00e1ximo de 13 meses a partir de la fecha del consentimiento del Usuario.<\/p>\n<p>Al final de este periodo, se solicitar\u00e1 de nuevo el consentimiento del Usuario.<\/p>\n<p>Encontrar\u00e1 m\u00e1s informaci\u00f3n en el sitio web de la CNIL:\u00a0<a href=\"https:\/\/www.cnil.fr\/fr\/site-web-cookies-et-autres-traceurs\">https:\/\/www.cnil.fr\/fr\/site-web-cookies-et-autres-traceurs<\/a><\/p>\n<p><strong>\u00a0<\/strong><\/p>\n<p><strong>Derechos de los usuarios<\/strong><\/p>\n<p>De conformidad con la normativa, el Usuario que haya comunicado Datos Personales a Opportunity tiene derecho a acceder y rectificar los datos que le conciernen, de la siguiente manera:<\/p>\n<ul>\n<li>Derecho de acceso y rectificaci\u00f3n; el Usuario puede modificar sus datos personales en cualquier momento conect\u00e1ndose a <a href=\"https:\/\/www.allmysms.com\">httpw:\/\/www.allmysms.com<\/a> y haciendo clic en \u00abMi perfil\u00bb o poni\u00e9ndose en contacto con el servicio de atenci\u00f3n al cliente en support@allmysms.com.<\/li>\n<li>Derecho a la supresi\u00f3n de los datos (\u00abderecho al olvido\u00bb), derecho a la limitaci\u00f3n del tratamiento y derecho a oponerse al tratamiento en los casos previstos por la normativa vigente;<\/li>\n<li>Derecho a darse de baja del bolet\u00edn informativo de www.allmysms.com o de los correos electr\u00f3nicos de marketing siguiendo los enlaces para darse de baja incluidos en cada uno de estos correos electr\u00f3nicos.<\/li>\n<li>Derecho a la portabilidad de los datos brutos suministrados a Opportunity ;<\/li>\n<\/ul>\n<p>Estos derechos, que deber\u00e1n acreditarse mediante la presentaci\u00f3n de una prueba de identidad del Usuario, podr\u00e1n ejercerse por correo electr\u00f3nico a la direcci\u00f3n dpo@allmysms.com o por correo postal a la direcci\u00f3n siguiente: Opportunity 25 rue de Ponthieu, 75008 PAR\u00cdS, Francia.<\/p>\n<p>El Usuario tambi\u00e9n tiene derecho a presentar una reclamaci\u00f3n ante la CNIL, cuyos datos de contacto pueden encontrarse en <a href=\"https:\/\/www.cnil.fr\">https:\/\/www.cnil.fr.<\/a><\/p>\n<p>&nbsp;<\/p>\n<p><strong>Seguridad de los datos personales<\/strong><\/p>\n<p>Opportunity toma todas las precauciones necesarias para proteger la seguridad y la confidencialidad de los datos personales y, en particular, para evitar que terceros no autorizados los distorsionen, da\u00f1en o accedan a ellos.<\/p>\n<p>Cualquier pregunta relativa a la seguridad del sitio web Opportunity www.allmysms.com debe dirigirse a <a href=\"mailto:support@allmysms.com\">support@allmysms.com<\/a> .<\/p>\n<p><strong>\u00a0<\/strong><strong>\u00a0<\/strong><\/p>\n<p><strong>Cambios en esta pol\u00edtica de privacidad<\/strong><\/p>\n<p>Opportunity se reserva el derecho de modificar esta Pol\u00edtica de Privacidad para adaptarse a los cambios legislativos y reglamentarios. Opportunity anima a los usuarios a revisar peri\u00f3dicamente esta Pol\u00edtica de Privacidad para informarse sobre c\u00f3mo Opportunity protege su informaci\u00f3n personal.<\/p>\n<p>&nbsp;<\/p>\n<p>&nbsp;<\/p>\n","protected":false},"excerpt":{"rendered":"<p>&nbsp; En el ejercicio de su actividad y para que sus usuarios, es decir, sus clientes y futuros clientes (en adelante, los \u00abUsuarios\u00bb) puedan beneficiarse de los servicios ofrecidos por su sitio web www.allmysms.com, Opportunity recoge y trata sus datos personales. Esta pol\u00edtica se aplica cuando actuamos como responsables del tratamiento en relaci\u00f3n con los [&hellip;]<\/p>\n","protected":false},"author":13,"featured_media":0,"parent":0,"menu_order":29,"comment_status":"open","ping_status":"open","template":"elementor_header_footer","meta":{"_acf_changed":false,"inline_featured_image":false,"footnotes":""},"class_list":["post-26198","page","type-page","status-publish","hentry"],"acf":[],"yoast_head":"<!-- This site is optimized with the Yoast SEO plugin v27.3 - https:\/\/yoast.com\/product\/yoast-seo-wordpress\/ -->\n<title>Confidentialit\u00e9 - Envoyer SMS Pro - Envoi en nombre<\/title>\n<meta name=\"description\" content=\"Clause de confidentialit\u00e9 SMS sur le site www.allmysms.com, plateforme d&#039;envoi de SMS pour les professionnels. Campagnes SMS, API SMS, envoi en nombre\" \/>\n<meta name=\"robots\" content=\"index, follow, max-snippet:-1, max-image-preview:large, max-video-preview:-1\" \/>\n<link rel=\"canonical\" href=\"https:\/\/www.allmysms.com\/es\/confidentialite\/\" \/>\n<meta property=\"og:locale\" content=\"es_ES\" \/>\n<meta property=\"og:type\" content=\"article\" \/>\n<meta property=\"og:title\" content=\"Confidentialit\u00e9 - Envoyer SMS Pro - Envoi en nombre\" \/>\n<meta property=\"og:description\" content=\"Clause de confidentialit\u00e9 SMS sur le site www.allmysms.com, plateforme d&#039;envoi de SMS pour les professionnels. Campagnes SMS, API SMS, envoi en nombre\" \/>\n<meta property=\"og:url\" content=\"https:\/\/www.allmysms.com\/es\/confidentialite\/\" \/>\n<meta property=\"og:site_name\" content=\"AllMySMS: Envoi SMS Pro, envoyer campagne SMS, marketing mobile\" \/>\n<meta property=\"article:publisher\" content=\"https:\/\/www.facebook.com\/allmysms\" \/>\n<meta property=\"article:modified_time\" content=\"2025-07-05T22:16:24+00:00\" \/>\n<meta name=\"twitter:card\" content=\"summary_large_image\" \/>\n<meta name=\"twitter:site\" content=\"@allmysms\" \/>\n<meta name=\"twitter:label1\" content=\"Est. reading time\" \/>\n\t<meta name=\"twitter:data1\" content=\"10 minutos\" \/>\n<script type=\"application\/ld+json\" class=\"yoast-schema-graph\">{\"@context\":\"https:\\\/\\\/schema.org\",\"@graph\":[{\"@type\":\"WebPage\",\"@id\":\"https:\\\/\\\/www.allmysms.com\\\/es\\\/confidentialite\\\/\",\"url\":\"https:\\\/\\\/www.allmysms.com\\\/es\\\/confidentialite\\\/\",\"name\":\"Confidentialit\u00e9 - Envoyer SMS Pro - Envoi en nombre\",\"isPartOf\":{\"@id\":\"https:\\\/\\\/www.allmysms.com\\\/es\\\/#website\"},\"datePublished\":\"2014-02-04T20:01:16+00:00\",\"dateModified\":\"2025-07-05T22:16:24+00:00\",\"description\":\"Clause de confidentialit\u00e9 SMS sur le site www.allmysms.com, plateforme d'envoi de SMS pour les professionnels. Campagnes SMS, API SMS, envoi en nombre\",\"breadcrumb\":{\"@id\":\"https:\\\/\\\/www.allmysms.com\\\/es\\\/confidentialite\\\/#breadcrumb\"},\"inLanguage\":\"es\",\"potentialAction\":[{\"@type\":\"ReadAction\",\"target\":[\"https:\\\/\\\/www.allmysms.com\\\/es\\\/confidentialite\\\/\"]}]},{\"@type\":\"BreadcrumbList\",\"@id\":\"https:\\\/\\\/www.allmysms.com\\\/es\\\/confidentialite\\\/#breadcrumb\",\"itemListElement\":[{\"@type\":\"ListItem\",\"position\":1,\"name\":\"Home\",\"item\":\"https:\\\/\\\/www.allmysms.com\\\/es\\\/\"},{\"@type\":\"ListItem\",\"position\":2,\"name\":\"POLITIQUE DE CONFIDENTIALIT\u00c9 DES DONN\u00c9ES \u00c0 CARACT\u00c8RE PERSONNEL\"}]},{\"@type\":\"WebSite\",\"@id\":\"https:\\\/\\\/www.allmysms.com\\\/es\\\/#website\",\"url\":\"https:\\\/\\\/www.allmysms.com\\\/es\\\/\",\"name\":\"AllMySMS: Envoi SMS Pro, envoyer campagne SMS, marketing mobile\",\"description\":\"Envoi de SMS Pro AllMySMS - Solution SMS Marketing\",\"potentialAction\":[{\"@type\":\"SearchAction\",\"target\":{\"@type\":\"EntryPoint\",\"urlTemplate\":\"https:\\\/\\\/www.allmysms.com\\\/es\\\/?s={search_term_string}\"},\"query-input\":{\"@type\":\"PropertyValueSpecification\",\"valueRequired\":true,\"valueName\":\"search_term_string\"}}],\"inLanguage\":\"es\"}]}<\/script>\n<!-- \/ Yoast SEO plugin. -->","yoast_head_json":{"title":"Confidentialit\u00e9 - Envoyer SMS Pro - Envoi en nombre","description":"Clause de confidentialit\u00e9 SMS sur le site www.allmysms.com, plateforme d'envoi de SMS pour les professionnels. Campagnes SMS, API SMS, envoi en nombre","robots":{"index":"index","follow":"follow","max-snippet":"max-snippet:-1","max-image-preview":"max-image-preview:large","max-video-preview":"max-video-preview:-1"},"canonical":"https:\/\/www.allmysms.com\/es\/confidentialite\/","og_locale":"es_ES","og_type":"article","og_title":"Confidentialit\u00e9 - Envoyer SMS Pro - Envoi en nombre","og_description":"Clause de confidentialit\u00e9 SMS sur le site www.allmysms.com, plateforme d'envoi de SMS pour les professionnels. Campagnes SMS, API SMS, envoi en nombre","og_url":"https:\/\/www.allmysms.com\/es\/confidentialite\/","og_site_name":"AllMySMS: Envoi SMS Pro, envoyer campagne SMS, marketing mobile","article_publisher":"https:\/\/www.facebook.com\/allmysms","article_modified_time":"2025-07-05T22:16:24+00:00","twitter_card":"summary_large_image","twitter_site":"@allmysms","twitter_misc":{"Est. reading time":"10 minutos"},"schema":{"@context":"https:\/\/schema.org","@graph":[{"@type":"WebPage","@id":"https:\/\/www.allmysms.com\/es\/confidentialite\/","url":"https:\/\/www.allmysms.com\/es\/confidentialite\/","name":"Confidentialit\u00e9 - Envoyer SMS Pro - Envoi en nombre","isPartOf":{"@id":"https:\/\/www.allmysms.com\/es\/#website"},"datePublished":"2014-02-04T20:01:16+00:00","dateModified":"2025-07-05T22:16:24+00:00","description":"Clause de confidentialit\u00e9 SMS sur le site www.allmysms.com, plateforme d'envoi de SMS pour les professionnels. Campagnes SMS, API SMS, envoi en nombre","breadcrumb":{"@id":"https:\/\/www.allmysms.com\/es\/confidentialite\/#breadcrumb"},"inLanguage":"es","potentialAction":[{"@type":"ReadAction","target":["https:\/\/www.allmysms.com\/es\/confidentialite\/"]}]},{"@type":"BreadcrumbList","@id":"https:\/\/www.allmysms.com\/es\/confidentialite\/#breadcrumb","itemListElement":[{"@type":"ListItem","position":1,"name":"Home","item":"https:\/\/www.allmysms.com\/es\/"},{"@type":"ListItem","position":2,"name":"POLITIQUE DE CONFIDENTIALIT\u00c9 DES DONN\u00c9ES \u00c0 CARACT\u00c8RE PERSONNEL"}]},{"@type":"WebSite","@id":"https:\/\/www.allmysms.com\/es\/#website","url":"https:\/\/www.allmysms.com\/es\/","name":"AllMySMS: Envoi SMS Pro, envoyer campagne SMS, marketing mobile","description":"Envoi de SMS Pro AllMySMS - Solution SMS Marketing","potentialAction":[{"@type":"SearchAction","target":{"@type":"EntryPoint","urlTemplate":"https:\/\/www.allmysms.com\/es\/?s={search_term_string}"},"query-input":{"@type":"PropertyValueSpecification","valueRequired":true,"valueName":"search_term_string"}}],"inLanguage":"es"}]}},"_links":{"self":[{"href":"https:\/\/www.allmysms.com\/es\/wp-json\/wp\/v2\/pages\/26198","targetHints":{"allow":["GET"]}}],"collection":[{"href":"https:\/\/www.allmysms.com\/es\/wp-json\/wp\/v2\/pages"}],"about":[{"href":"https:\/\/www.allmysms.com\/es\/wp-json\/wp\/v2\/types\/page"}],"author":[{"embeddable":true,"href":"https:\/\/www.allmysms.com\/es\/wp-json\/wp\/v2\/users\/13"}],"replies":[{"embeddable":true,"href":"https:\/\/www.allmysms.com\/es\/wp-json\/wp\/v2\/comments?post=26198"}],"version-history":[{"count":0,"href":"https:\/\/www.allmysms.com\/es\/wp-json\/wp\/v2\/pages\/26198\/revisions"}],"wp:attachment":[{"href":"https:\/\/www.allmysms.com\/es\/wp-json\/wp\/v2\/media?parent=26198"}],"curies":[{"name":"wp","href":"https:\/\/api.w.org\/{rel}","templated":true}]}}